{"id":52,"date":"2014-11-09T13:50:56","date_gmt":"2014-11-09T18:50:56","guid":{"rendered":"http:\/\/blog.espol.edu.ec\/dgmoran\/?page_id=52"},"modified":"2014-11-09T15:25:56","modified_gmt":"2014-11-09T20:25:56","slug":"bienvenidos","status":"publish","type":"page","link":"https:\/\/blog.espol.edu.ec\/dgmoran\/bienvenidos\/","title":{"rendered":"Bienvenidos"},"content":{"rendered":"<p style=\"text-align: left\">Este blog Ecovida ha sido creado con el fin de dar a conocer al mundo los avances a nivel ecol\u00f3gico que se est\u00e1n implantando para preservar nuestro planeta. Muchos de ustedes han de conocer los peligros a que nuestro planeta estar\u00e1 expuesto si no comenzamos ha cuidarlo desde ahora e incluso en estos tiempos estamos sintiendo estragos del mal uso de los recursos de nuestro planeta. En este blog\u00a0se presentar\u00e1 algunos de los proyectos que se est\u00e1n realizando en Ecuador y en otros pa\u00edses pensando en lo ecol\u00f3gico. Los invito ha explorar mi blog y ha utilizar de gran manera la informaci\u00f3n proporcionada.<\/p>\n<p style=\"text-align: left\"><a href=\"http:\/\/blog.espol.edu.ec\/dgmoran\/files\/2014\/11\/descarga-1.jpg\"><img loading=\"lazy\" decoding=\"async\" class=\"size-full wp-image-45 aligncenter\" src=\"http:\/\/blog.espol.edu.ec\/dgmoran\/files\/2014\/11\/descarga-1.jpg\" alt=\"descarga (1)\" width=\"252\" height=\"200\" \/><\/a><\/p>\n","protected":false},"excerpt":{"rendered":"<p>Este blog Ecovida ha sido creado con el fin de dar a conocer al mundo los avances a nivel ecol\u00f3gico que se est\u00e1n implantando para preservar nuestro planeta. Muchos de ustedes han de conocer los peligros a que nuestro planeta estar\u00e1 expuesto si no comenzamos ha cuidarlo desde ahora e incluso en estos tiempos estamos &hellip; <\/p>\n<p><a class=\"more-link btn\" href=\"https:\/\/blog.espol.edu.ec\/dgmoran\/bienvenidos\/\">Seguir leyendo<\/a><\/p>\n","protected":false},"author":9381,"featured_media":0,"parent":0,"menu_order":0,"comment_status":"open","ping_status":"open","template":"","meta":{"footnotes":""},"class_list":["post-52","page","type-page","status-publish","hentry","nodate","item-wrap"],"_links":{"self":[{"href":"https:\/\/blog.espol.edu.ec\/dgmoran\/wp-json\/wp\/v2\/pages\/52","targetHints":{"allow":["GET"]}}],"collection":[{"href":"https:\/\/blog.espol.edu.ec\/dgmoran\/wp-json\/wp\/v2\/pages"}],"about":[{"href":"https:\/\/blog.espol.edu.ec\/dgmoran\/wp-json\/wp\/v2\/types\/page"}],"author":[{"embeddable":true,"href":"https:\/\/blog.espol.edu.ec\/dgmoran\/wp-json\/wp\/v2\/users\/9381"}],"replies":[{"embeddable":true,"href":"https:\/\/blog.espol.edu.ec\/dgmoran\/wp-json\/wp\/v2\/comments?post=52"}],"version-history":[{"count":3,"href":"https:\/\/blog.espol.edu.ec\/dgmoran\/wp-json\/wp\/v2\/pages\/52\/revisions"}],"predecessor-version":[{"id":69,"href":"https:\/\/blog.espol.edu.ec\/dgmoran\/wp-json\/wp\/v2\/pages\/52\/revisions\/69"}],"wp:attachment":[{"href":"https:\/\/blog.espol.edu.ec\/dgmoran\/wp-json\/wp\/v2\/media?parent=52"}],"curies":[{"name":"wp","href":"https:\/\/api.w.org\/{rel}","templated":true}]}}