{"id":57,"date":"2014-11-09T14:36:44","date_gmt":"2014-11-09T19:36:44","guid":{"rendered":"http:\/\/blog.espol.edu.ec\/dgmoran\/?page_id=57"},"modified":"2014-11-09T14:36:44","modified_gmt":"2014-11-09T19:36:44","slug":"vida-ecologica","status":"publish","type":"page","link":"https:\/\/blog.espol.edu.ec\/dgmoran\/vida-ecologica\/","title":{"rendered":"Vida ecol\u00f3gica"},"content":{"rendered":"<p>Llevar una vida ecol\u00f3gica no es complejo ni mucho menos sacrificado. S\u00f3lo basta incorporar conductas que todo el mundo considera como sanas, pero que pocos pueden a\u00f1adir como costumbres.<\/p>\n<p>Una l\u00ednea de conducta verde, como han dado en llamar los ecologistas puede sanar varias enfermedades y hacer que la vida en familia sea m\u00e1s armoniosa.<\/p>\n<p>Los resultados se notan en poco tiempo y nada se pierde con intentar una pr\u00e1ctica de vida distinta a la conocida.<\/p>\n<p><strong>Algunas claves para el cambio amigable con el medio ambiente<\/strong><\/p>\n<p><strong>-\u00a0No derrochar agua.<\/strong> Cerrar los grifos cuando no se usan y repararlos si est\u00e1n da\u00f1ados. Mantener una ducha antes que un ba\u00f1o de inmersi\u00f3n. Regar por las noches.<\/p>\n<p><strong>-\u00a0Existen los productos de limpieza ecol\u00f3gicos.<\/strong> Se pueden adquirir en las tiendas que venden elementos naturales. El beneficio es que no son t\u00f3xicos. No perjudican el planeta y no ocasionan alergias ni irritaciones.<\/p>\n<p><strong>-\u00a0Prescindir de la lej\u00eda y los detergentes ya que son sumamente agresivos.<\/strong> Se puede limpiar con lim\u00f3n o bicarbonato el ciento por ciento de la suciedad que se acumula en un hogar.<\/p>\n<p><strong>-\u00a0Las pinturas ecol\u00f3gicas<\/strong> son la mejor alternativa a la que habitualmente se utiliza y que aunque se diga que no contamina ni produce problemas en la piel, suele ocasionar alergias y predispone a situaciones de asma y enfermedades bronquiales.<\/p>\n<p><strong>-\u00a0Con respecto a la basura<\/strong> en determinados pa\u00edses ya es un delito no separarla en distintos contenedores especialmente preparados para recibir material org\u00e1nico, pl\u00e1sticos, envases y vidrios. M\u00e1s de la mitad de lo que se desecha es reciclable.<\/p>\n<p><strong>-\u00a0Intentar no comprar alimentos en peque\u00f1os envases pl\u00e1sticos<\/strong> como zumos individuales o galletas. Se puede incorporar la bebida en una botella de cristal y comprar alimentos sueltos para evitar el uso en exceso que se hace del papel. Lo ideal es comprar envases grandes que se pueden utilizar las veces que sean necesarias.<\/p>\n<p><strong>-\u00a0Consumir la energ\u00eda necesaria.<\/strong> Apagar la luz de las habitaciones en las que no hay nadie. Comprar bombillas de bajo consumo. Descongela la nevera cuando haya mucho hielo ya que eso aumenta el consumo de energ\u00eda.<\/p>\n<p class=\"prrafodelistacxspmiddle\"><span lang=\"ES\"><strong>-Evitar las compras compulsivas.<\/strong> La ropa ecol\u00f3gica ya se vende con m\u00e1s naturalidad y es posible conseguir prendas hechas de bamb\u00fa, caucho o ma\u00edz. Productos que no contienen pesticidas, son respirables, hipoalerg\u00e9nicos y ciento por ciento naturales.<\/span><\/p>\n<p class=\"prrafodelistacxspmiddle\"><span lang=\"ES\"><strong>-Mantener un comportamiento m\u00e1s ecol\u00f3gico<\/strong> es posible ya que las recomendaciones est\u00e1n al alcance de cualquiera.<\/p>\n<p><strong>-Se adquirir\u00e1 una mejor calidad de vida<\/strong>, m\u00e1s arm\u00f3nica con el entorno y tambi\u00e9n se ahorrar\u00e1 dinero al no malgastarlo en consumir innecesariamente<\/span><\/p>\n<p class=\"prrafodelistacxspmiddle\"><span lang=\"ES\">Para los m\u00e1s exigentes hay una serie de productos que se pueden adquirir para priorizar una existencia ecol\u00f3gica. Tal es el caso de:<\/span><\/p>\n<p class=\"prrafodelistacxspmiddle\"><strong><span style=\"font-family: Arial\"><span lang=\"ES\">-<\/span><span lang=\"ES\">\u00a0<\/span><\/span><\/strong><span lang=\"ES\"><strong>Ducha solar para jard\u00edn<\/strong>. Est\u00e1 pensada para que el agua se caliente con el sol.<\/span><\/p>\n<p class=\"prrafodelistacxspmiddle\"><span style=\"font-family: Arial\"><span lang=\"ES\">-<\/span><strong><span lang=\"ES\">\u00a0<\/span><\/strong><\/span><span lang=\"ES\"><strong>Ecoducha.<\/strong> Reduce el caudal de agua. Se consume entre un 40 y 65 por ciento menos.<\/span><\/p>\n<p class=\"prrafodelistacxspmiddle\"><span lang=\"ES\"><strong><span style=\"font-family: Arial\"><span lang=\"ES\">-<\/span><span lang=\"ES\">\u00a0<\/span><\/span><\/strong><span lang=\"ES\"><strong>Sojamatic.<\/strong> Electrodom\u00e9stico para elaborar licuados vegetales en casa.<\/span><br \/>\n<\/span><\/p>\n<p class=\"prrafodelistacxspmiddle\"><strong><span style=\"font-family: Arial\"><span lang=\"ES\">-<\/span><span lang=\"ES\">\u00a0<\/span><\/span><\/strong><span lang=\"ES\"><strong>Cocina solar parab\u00f3lica.<\/strong> Concentra la luz solar reflejada en su superficie de aluminio lo cual se convierte en calor. Genera la misma energ\u00eda que una vitrocer\u00e1mica de 600w, pero libre de contaminantes y gases da\u00f1inos.<\/span><\/p>\n<p class=\"prrafodelistacxspmiddle\">Si empleamos estos consejos llevaremos a la conservaci\u00f3n de nuestro planeta para generaciones futuras. Piensa en tu familia, \u00bfquieres que ellos vivan en un planeta saludable o en un planeta que se deteriora al pasar los a\u00f1os?.<\/p>\n<p class=\"prrafodelistacxspmiddle\"><a href=\"http:\/\/blog.espol.edu.ec\/dgmoran\/files\/2014\/11\/ecologia-cotidiana.jpg\"><img loading=\"lazy\" decoding=\"async\" class=\"size-medium wp-image-58 aligncenter\" src=\"http:\/\/blog.espol.edu.ec\/dgmoran\/files\/2014\/11\/ecologia-cotidiana-300x200.jpg\" alt=\"ecologia-cotidiana\" width=\"300\" height=\"200\" srcset=\"https:\/\/blog.espol.edu.ec\/dgmoran\/files\/2014\/11\/ecologia-cotidiana-300x200.jpg 300w, https:\/\/blog.espol.edu.ec\/dgmoran\/files\/2014\/11\/ecologia-cotidiana.jpg 460w\" sizes=\"auto, (max-width: 300px) 100vw, 300px\" \/><\/a><\/p>\n","protected":false},"excerpt":{"rendered":"<p>Llevar una vida ecol\u00f3gica no es complejo ni mucho menos sacrificado. S\u00f3lo basta incorporar conductas que todo el mundo considera como sanas, pero que pocos pueden a\u00f1adir como costumbres. Una l\u00ednea de conducta verde, como han dado en llamar los ecologistas puede sanar varias enfermedades y hacer que la vida en familia sea m\u00e1s armoniosa. &hellip; <\/p>\n<p><a class=\"more-link btn\" href=\"https:\/\/blog.espol.edu.ec\/dgmoran\/vida-ecologica\/\">Seguir leyendo<\/a><\/p>\n","protected":false},"author":9381,"featured_media":0,"parent":0,"menu_order":0,"comment_status":"open","ping_status":"open","template":"","meta":{"footnotes":""},"class_list":["post-57","page","type-page","status-publish","hentry","nodate","item-wrap"],"_links":{"self":[{"href":"https:\/\/blog.espol.edu.ec\/dgmoran\/wp-json\/wp\/v2\/pages\/57","targetHints":{"allow":["GET"]}}],"collection":[{"href":"https:\/\/blog.espol.edu.ec\/dgmoran\/wp-json\/wp\/v2\/pages"}],"about":[{"href":"https:\/\/blog.espol.edu.ec\/dgmoran\/wp-json\/wp\/v2\/types\/page"}],"author":[{"embeddable":true,"href":"https:\/\/blog.espol.edu.ec\/dgmoran\/wp-json\/wp\/v2\/users\/9381"}],"replies":[{"embeddable":true,"href":"https:\/\/blog.espol.edu.ec\/dgmoran\/wp-json\/wp\/v2\/comments?post=57"}],"version-history":[{"count":1,"href":"https:\/\/blog.espol.edu.ec\/dgmoran\/wp-json\/wp\/v2\/pages\/57\/revisions"}],"predecessor-version":[{"id":59,"href":"https:\/\/blog.espol.edu.ec\/dgmoran\/wp-json\/wp\/v2\/pages\/57\/revisions\/59"}],"wp:attachment":[{"href":"https:\/\/blog.espol.edu.ec\/dgmoran\/wp-json\/wp\/v2\/media?parent=57"}],"curies":[{"name":"wp","href":"https:\/\/api.w.org\/{rel}","templated":true}]}}