{"id":20,"date":"2011-11-17T12:24:56","date_gmt":"2011-11-17T17:24:56","guid":{"rendered":"http:\/\/blog.espol.edu.ec\/dgovea\/?page_id=20"},"modified":"2011-11-17T13:09:55","modified_gmt":"2011-11-17T18:09:55","slug":"musica-favorita-del-autor","status":"publish","type":"page","link":"https:\/\/blog.espol.edu.ec\/dgovea\/musica-favorita-del-autor\/","title":{"rendered":"M\u00fasica Favorita del Autor"},"content":{"rendered":"<p>LA M\u00daSICA SALVAR\u00c1 AL MUNDO, no se c\u00f3mo pero lo har\u00e1.<\/p>\n<p>Bandas favoritas seg\u00fan genero:<\/p>\n<p>Rock n roll<\/p>\n<p><a title=\"Official Page\" href=\"www.rollingstones.com\/\" target=\"_blank\">Rolling Stones<\/a><br \/>\nhttp:\/\/www.youtube.com\/watch?v=n8KzA6es3Bo<br \/>\nSoft Rock\/Fusion<\/p>\n<p><a title=\"Official Page\" href=\"www.thepolice.com\/\" target=\"_blank\">The Police<\/a><br \/>\n<iframe loading=\"lazy\" title=\"The Police - Voices inside my head - Rock In Rio Madrid 2008 HQ Alta Calidad\" width=\"590\" height=\"443\" src=\"https:\/\/www.youtube.com\/embed\/XoHhzU2hJfY?feature=oembed\" frameborder=\"0\" allow=\"accelerometer; autoplay; clipboard-write; encrypted-media; gyroscope; picture-in-picture; web-share\" referrerpolicy=\"strict-origin-when-cross-origin\" allowfullscreen><\/iframe><br \/>\nRock Alternativo<\/p>\n<p><a title=\"Official Site\" href=\"radiohead.com\/\" target=\"_blank\">Radiohead<\/a><br \/>\nhttp:\/\/www.youtube.com\/watch?v=WedRDYmtvX4<\/p>\n<p>Rock Latino<\/p>\n<p><a title=\"Official Site\" href=\"sodastereo.com\/\" target=\"_blank\">Soda Stereo<\/a><br \/>\n<iframe loading=\"lazy\" title=\"Entre Can\u00edbales - Soda Stereo [Unplugged Mtv].flv\" width=\"590\" height=\"443\" src=\"https:\/\/www.youtube.com\/embed\/1n1O4HTvRvk?feature=oembed\" frameborder=\"0\" allow=\"accelerometer; autoplay; clipboard-write; encrypted-media; gyroscope; picture-in-picture; web-share\" referrerpolicy=\"strict-origin-when-cross-origin\" allowfullscreen><\/iframe><\/p>\n<p>Rock Progresivo<\/p>\n<p><a title=\"Official Site\" href=\"www.rush.com\/\" target=\"_blank\">Rush<\/a><br \/>\nhttp:\/\/www.youtube.com\/watch?v=_P7x7e19j-8<\/p>\n<p>Proyecto del Autor:<\/p>\n<p>Alabama Whiskey Drinkers<\/p>\n<p><a title=\"Myspace\" href=\"http:\/\/www.myspace.com\/awdpsychedelic\/music\" target=\"_blank\">El Myspace<\/a><\/p>\n","protected":false},"excerpt":{"rendered":"<p>LA M\u00daSICA SALVAR\u00c1 AL MUNDO, no se c\u00f3mo pero lo har\u00e1. Bandas favoritas seg\u00fan genero: Rock n roll Rolling Stones http:\/\/www.youtube.com\/watch?v=n8KzA6es3Bo Soft Rock\/Fusion The Police Rock Alternativo Radiohead http:\/\/www.youtube.com\/watch?v=WedRDYmtvX4 Rock Latino Soda Stereo Rock Progresivo Rush http:\/\/www.youtube.com\/watch?v=_P7x7e19j-8 Proyecto del Autor: Alabama Whiskey Drinkers El Myspace<\/p>\n","protected":false},"author":7011,"featured_media":0,"parent":0,"menu_order":0,"comment_status":"open","ping_status":"open","template":"","meta":{"footnotes":""},"class_list":["post-20","page","type-page","status-publish","hentry"],"_links":{"self":[{"href":"https:\/\/blog.espol.edu.ec\/dgovea\/wp-json\/wp\/v2\/pages\/20","targetHints":{"allow":["GET"]}}],"collection":[{"href":"https:\/\/blog.espol.edu.ec\/dgovea\/wp-json\/wp\/v2\/pages"}],"about":[{"href":"https:\/\/blog.espol.edu.ec\/dgovea\/wp-json\/wp\/v2\/types\/page"}],"author":[{"embeddable":true,"href":"https:\/\/blog.espol.edu.ec\/dgovea\/wp-json\/wp\/v2\/users\/7011"}],"replies":[{"embeddable":true,"href":"https:\/\/blog.espol.edu.ec\/dgovea\/wp-json\/wp\/v2\/comments?post=20"}],"version-history":[{"count":10,"href":"https:\/\/blog.espol.edu.ec\/dgovea\/wp-json\/wp\/v2\/pages\/20\/revisions"}],"predecessor-version":[{"id":24,"href":"https:\/\/blog.espol.edu.ec\/dgovea\/wp-json\/wp\/v2\/pages\/20\/revisions\/24"}],"wp:attachment":[{"href":"https:\/\/blog.espol.edu.ec\/dgovea\/wp-json\/wp\/v2\/media?parent=20"}],"curies":[{"name":"wp","href":"https:\/\/api.w.org\/{rel}","templated":true}]}}