{"id":5,"date":"2011-11-15T12:07:21","date_gmt":"2011-11-15T17:07:21","guid":{"rendered":"http:\/\/blog.espol.edu.ec\/dgovea\/?page_id=5"},"modified":"2011-11-15T12:15:27","modified_gmt":"2011-11-15T17:15:27","slug":"la-1-2","status":"publish","type":"page","link":"https:\/\/blog.espol.edu.ec\/dgovea\/la-1-2\/","title":{"rendered":"La #1"},"content":{"rendered":"<p><a title=\"Chernobyl\" href=\"http:\/\/www.google.com.ec\/search?tbm=isch&amp;hl=es&amp;source=hp&amp;biw=1280&amp;bih=834&amp;q=womwn+crossfit&amp;gbv=2&amp;oq=womwn+crossfit&amp;aq=f&amp;aqi=&amp;aql=1&amp;gs_sm=e&amp;gs_upl=30806l37984l0l38369l18l17l1l8l0l0l260l1029l3.4.1l8l0#hl=es&amp;gbv=2&amp;tbm=isch&amp;sa=1&amp;q=chernobyl&amp;pbx=1&amp;oq=chernobyl&amp;aq=f&amp;aqi=g10&amp;aql=1&amp;gs_sm=e&amp;gs_upl=812032l814293l0l814498l11l10l1l3l4l0l402l1682l0.1.4.0.1l6l0&amp;bav=on.2,or.r_gc.r_pw.,cf.osb&amp;fp=6c4795097f1600f4&amp;biw=1280&amp;bih=834\" target=\"_blank\">Chernobyl<\/a> es la Ciudad m\u00e1s contaminada del mundo. Ubicada en <a title=\"Conoce Ucrania\" href=\"http:\/\/www.guiadelmundo.org.uy\/cd\/countries\/ukr\/\" target=\"_blank\"><strong>Ucrania<\/strong><\/a>, ex-pa\u00eds sat\u00e9lite de la <a title=\"La Uni\u00f3n\" href=\"http:\/\/www.claseshistoria.com\/revolucionrusa\/urss.htm\" target=\"_blank\">Uni\u00f3n Sovi\u00e9tica<\/a>.<\/p>\n<p>Se sugiere discricion del observador con el siguiente video. Contenido gr\u00e1fico.<br \/>\n<iframe loading=\"lazy\" title=\"Chernobyl Decay and Deformed\" width=\"590\" height=\"443\" src=\"https:\/\/www.youtube.com\/embed\/rvAJ_u3Q0Hw?feature=oembed\" frameborder=\"0\" allow=\"accelerometer; autoplay; clipboard-write; encrypted-media; gyroscope; picture-in-picture; web-share\" referrerpolicy=\"strict-origin-when-cross-origin\" allowfullscreen><\/iframe><\/p>\n","protected":false},"excerpt":{"rendered":"<p>Chernobyl es la Ciudad m\u00e1s contaminada del mundo. Ubicada en Ucrania, ex-pa\u00eds sat\u00e9lite de la Uni\u00f3n Sovi\u00e9tica. Se sugiere discricion del observador con el siguiente video. Contenido gr\u00e1fico.<\/p>\n","protected":false},"author":7011,"featured_media":0,"parent":0,"menu_order":0,"comment_status":"open","ping_status":"open","template":"","meta":{"footnotes":""},"class_list":["post-5","page","type-page","status-publish","hentry"],"_links":{"self":[{"href":"https:\/\/blog.espol.edu.ec\/dgovea\/wp-json\/wp\/v2\/pages\/5","targetHints":{"allow":["GET"]}}],"collection":[{"href":"https:\/\/blog.espol.edu.ec\/dgovea\/wp-json\/wp\/v2\/pages"}],"about":[{"href":"https:\/\/blog.espol.edu.ec\/dgovea\/wp-json\/wp\/v2\/types\/page"}],"author":[{"embeddable":true,"href":"https:\/\/blog.espol.edu.ec\/dgovea\/wp-json\/wp\/v2\/users\/7011"}],"replies":[{"embeddable":true,"href":"https:\/\/blog.espol.edu.ec\/dgovea\/wp-json\/wp\/v2\/comments?post=5"}],"version-history":[{"count":6,"href":"https:\/\/blog.espol.edu.ec\/dgovea\/wp-json\/wp\/v2\/pages\/5\/revisions"}],"predecessor-version":[{"id":17,"href":"https:\/\/blog.espol.edu.ec\/dgovea\/wp-json\/wp\/v2\/pages\/5\/revisions\/17"}],"wp:attachment":[{"href":"https:\/\/blog.espol.edu.ec\/dgovea\/wp-json\/wp\/v2\/media?parent=5"}],"curies":[{"name":"wp","href":"https:\/\/api.w.org\/{rel}","templated":true}]}}