{"id":78,"date":"2016-11-14T19:16:20","date_gmt":"2016-11-14T19:16:20","guid":{"rendered":"http:\/\/blog.espol.edu.ec\/dhreyes\/?page_id=78"},"modified":"2016-11-14T19:22:37","modified_gmt":"2016-11-14T19:22:37","slug":"la-historia-de-los-perritos","status":"publish","type":"page","link":"https:\/\/blog.espol.edu.ec\/dhreyes\/la-historia-de-los-perritos\/","title":{"rendered":"La historia de los perritos"},"content":{"rendered":"<p>El perro o perro dom\u00e9stico (<i>Canis lupus familiaris<\/i>) o tambi\u00e9n llamado can\u00a0, es un <a title=\"Mammalia\" href=\"https:\/\/es.wikipedia.org\/wiki\/Mammalia\">mam\u00edfero<\/a> <a title=\"Carnivora\" href=\"https:\/\/es.wikipedia.org\/wiki\/Carnivora\">carn\u00edvoro<\/a> de la <a title=\"Familia (biolog\u00eda)\" href=\"https:\/\/es.wikipedia.org\/wiki\/Familia_(biolog%C3%ADa)\">familia<\/a> de los <a title=\"Canidae\" href=\"https:\/\/es.wikipedia.org\/wiki\/Canidae\">c\u00e1nidos<\/a>, que constituye una subespecie del <a title=\"Canis lupus\" href=\"https:\/\/es.wikipedia.org\/wiki\/Canis_lupus\">lobo<\/a> <i>(Canis lupus)<\/i>. Un estudio publicado por la revista <i><a title=\"Nature\" href=\"https:\/\/es.wikipedia.org\/wiki\/Nature\">Nature<\/a><\/i> revela que, gracias al proceso de <a title=\"Domesticaci\u00f3n\" href=\"https:\/\/es.wikipedia.org\/wiki\/Domesticaci%C3%B3n\">domesticaci\u00f3n<\/a>, el organismo del perro se ha adaptado a cierta clase de alimentos, en este caso el <a title=\"Almid\u00f3n\" href=\"https:\/\/es.wikipedia.org\/wiki\/Almid%C3%B3n\">almid\u00f3n<\/a>. Su tama\u00f1o o talla, su forma y pelaje es muy diverso seg\u00fan la <a title=\"Raza de perro\" href=\"https:\/\/es.wikipedia.org\/wiki\/Raza_de_perro\">raza<\/a>. Posee un <a title=\"O\u00eddo\" href=\"https:\/\/es.wikipedia.org\/wiki\/O%C3%ADdo\">o\u00eddo<\/a>y <a title=\"Olfato\" href=\"https:\/\/es.wikipedia.org\/wiki\/Olfato\">olfato<\/a> muy desarrollados, siendo este \u00faltimo su principal \u00f3rgano sensorial. En las razas peque\u00f1as puede alcanzar una longevidad de cerca de 20 a\u00f1os, con atenci\u00f3n esmerada por parte del propietario, de otra forma su vida en promedio es alrededor de los 15 a\u00f1os.<\/p>\n<p><img loading=\"lazy\" decoding=\"async\" class=\"size-medium wp-image-79 aligncenter\" src=\"http:\/\/blog.espol.edu.ec\/dhreyes\/files\/2016\/11\/cachorros-diferentes-razas-300x225.jpg\" alt=\"cachorros-diferentes-razas\" width=\"300\" height=\"225\" srcset=\"https:\/\/blog.espol.edu.ec\/dhreyes\/files\/2016\/11\/cachorros-diferentes-razas-300x225.jpg 300w, https:\/\/blog.espol.edu.ec\/dhreyes\/files\/2016\/11\/cachorros-diferentes-razas.jpg 650w\" sizes=\"auto, (max-width: 300px) 100vw, 300px\" \/><\/p>\n","protected":false},"excerpt":{"rendered":"<p>El perro o perro dom\u00e9stico (Canis lupus familiaris) o tambi\u00e9n llamado can\u00a0, es un mam\u00edfero carn\u00edvoro de la familia de los c\u00e1nidos, que constituye una subespecie del lobo (Canis lupus). Un estudio publicado por la revista Nature revela que, gracias al proceso de domesticaci\u00f3n, el organismo del perro se ha adaptado a cierta clase de [&hellip;]<\/p>\n","protected":false},"author":10658,"featured_media":0,"parent":0,"menu_order":0,"comment_status":"closed","ping_status":"closed","template":"","meta":{"footnotes":""},"class_list":["post-78","page","type-page","status-publish","hentry"],"_links":{"self":[{"href":"https:\/\/blog.espol.edu.ec\/dhreyes\/wp-json\/wp\/v2\/pages\/78","targetHints":{"allow":["GET"]}}],"collection":[{"href":"https:\/\/blog.espol.edu.ec\/dhreyes\/wp-json\/wp\/v2\/pages"}],"about":[{"href":"https:\/\/blog.espol.edu.ec\/dhreyes\/wp-json\/wp\/v2\/types\/page"}],"author":[{"embeddable":true,"href":"https:\/\/blog.espol.edu.ec\/dhreyes\/wp-json\/wp\/v2\/users\/10658"}],"replies":[{"embeddable":true,"href":"https:\/\/blog.espol.edu.ec\/dhreyes\/wp-json\/wp\/v2\/comments?post=78"}],"version-history":[{"count":1,"href":"https:\/\/blog.espol.edu.ec\/dhreyes\/wp-json\/wp\/v2\/pages\/78\/revisions"}],"predecessor-version":[{"id":80,"href":"https:\/\/blog.espol.edu.ec\/dhreyes\/wp-json\/wp\/v2\/pages\/78\/revisions\/80"}],"wp:attachment":[{"href":"https:\/\/blog.espol.edu.ec\/dhreyes\/wp-json\/wp\/v2\/media?parent=78"}],"curies":[{"name":"wp","href":"https:\/\/api.w.org\/{rel}","templated":true}]}}