{"id":122,"date":"2010-08-23T00:23:14","date_gmt":"2010-08-23T00:23:14","guid":{"rendered":"http:\/\/blog.espol.edu.ec\/dianap\/?page_id=122"},"modified":"2010-08-23T00:26:43","modified_gmt":"2010-08-23T00:26:43","slug":"122","status":"publish","type":"page","link":"https:\/\/blog.espol.edu.ec\/dianap\/122\/","title":{"rendered":"\u2665ConTAmInAcI\u00d3n AmBiENtAl\u2665"},"content":{"rendered":"<h1 id=\"firstHeading\"><span style=\"color: #ff0000\">Contaminaci\u00f3n atmosf\u00e9rica<\/span><\/h1>\n<p><!-- \/firstHeading --><!-- bodyContent --><\/p>\n<div id=\"bodyContent\">\n<div>\n<div><a href=\"Air_.pollution_1.jpg\"><img loading=\"lazy\" decoding=\"async\" src=\"http:\/\/upload.wikimedia.org\/wikipedia\/commons\/thumb\/f\/ff\/Air_.pollution_1.jpg\/250px-Air_.pollution_1.jpg\" alt=\"\" width=\"250\" height=\"167\" \/><\/a><\/div>\n<div>\n<div><a title=\"Aumentar\" href=\"Air_.pollution_1.jpg\"><img loading=\"lazy\" decoding=\"async\" src=\"http:\/\/bits.wikimedia.org\/skins-1.5\/common\/images\/magnify-clip.png\" alt=\"\" width=\"15\" height=\"11\" \/><\/a><\/div>\n<p>Esta planta generadora de Nuevo M\u00e9xico libera di\u00f3xido de azufre y otros contaminantes del aire.<\/p>\n<\/div>\n<\/div>\n<\/div>\n<div>\n<div><a href=\"Pollution_over_east_China.jpg\"><img loading=\"lazy\" decoding=\"async\" src=\"http:\/\/upload.wikimedia.org\/wikipedia\/commons\/thumb\/b\/b3\/Pollution_over_east_China.jpg\/250px-Pollution_over_east_China.jpg\" alt=\"\" width=\"250\" height=\"192\" \/><\/a><\/div>\n<div>\n<div><a title=\"Aumentar\" href=\"Pollution_over_east_China.jpg\"><img loading=\"lazy\" decoding=\"async\" src=\"http:\/\/bits.wikimedia.org\/skins-1.5\/common\/images\/magnify-clip.png\" alt=\"\" width=\"15\" height=\"11\" \/><\/a><\/div>\n<p>Contaminaci\u00f3n atmosf\u00e9rica severa en China.<\/p>\n<\/div>\n<\/div>\n<p>Se entiende por <strong>contaminaci\u00f3n atmosf\u00e9rica<\/strong> a la presencia en el aire de materias o formas de energ\u00eda que impliquen riesgo, da\u00f1o o molestia grave para las personas y bienes de cualquier naturaleza,<sup><a href=\"#cite_note-0\">[1]<\/a><\/sup> as\u00ed como que puedan atacar a distintos materiales, reducir la visibilidad o producir olores desagradables.<\/p>\n<p>El nombre de la contaminaci\u00f3n atmosf\u00e9rica se aplica por lo general a las alteraciones que tienen efectos perniciosos en los seres vivos y los elementos materiales, y no a otras alteraciones inocuas. Los principales mecanismos de contaminaci\u00f3n atmosf\u00e9rica son los procesos industriales que implican combusti\u00f3n, tanto en industrias como en autom\u00f3viles y Calefacci\u00f3n|calefacciones residenciales, que generan di\u00f3xido de carbono|di\u00f3xido y mon\u00f3xido de carbono, \u00f3xidos de nitr\u00f3geno y azufre, entre otros contaminantes. Igualmente, algunas industrias emiten gases nocivos en sus procesos productivos, como cloro o hidrocarburos que no han realizado combusti\u00f3n completa.<\/p>\n<p>La contaminaci\u00f3n atmosf\u00e9rica puede tener car\u00e1cter local, cuando los efectos ligados al foco se sufren en las inmediaciones del mismo, o planetario, cuando por las caracter\u00edsticas del contaminante, se ve afectado el equilibrio del planeta y zonas alejadas a las que contienen los focos emisores.<\/p>\n","protected":false},"excerpt":{"rendered":"<p>Contaminaci\u00f3n atmosf\u00e9rica Esta planta generadora de Nuevo M\u00e9xico libera di\u00f3xido de azufre y otros contaminantes del aire. Contaminaci\u00f3n atmosf\u00e9rica severa en China. Se entiende por contaminaci\u00f3n atmosf\u00e9rica a la presencia en el aire de materias o formas de energ\u00eda que impliquen riesgo, da\u00f1o o molestia grave para las personas y bienes de cualquier naturaleza,[1] as\u00ed [&hellip;]<\/p>\n","protected":false},"author":4596,"featured_media":0,"parent":0,"menu_order":0,"comment_status":"open","ping_status":"open","template":"","meta":{"footnotes":""},"class_list":["post-122","page","type-page","status-publish","hentry"],"_links":{"self":[{"href":"https:\/\/blog.espol.edu.ec\/dianap\/wp-json\/wp\/v2\/pages\/122","targetHints":{"allow":["GET"]}}],"collection":[{"href":"https:\/\/blog.espol.edu.ec\/dianap\/wp-json\/wp\/v2\/pages"}],"about":[{"href":"https:\/\/blog.espol.edu.ec\/dianap\/wp-json\/wp\/v2\/types\/page"}],"author":[{"embeddable":true,"href":"https:\/\/blog.espol.edu.ec\/dianap\/wp-json\/wp\/v2\/users\/4596"}],"replies":[{"embeddable":true,"href":"https:\/\/blog.espol.edu.ec\/dianap\/wp-json\/wp\/v2\/comments?post=122"}],"version-history":[{"count":3,"href":"https:\/\/blog.espol.edu.ec\/dianap\/wp-json\/wp\/v2\/pages\/122\/revisions"}],"predecessor-version":[{"id":125,"href":"https:\/\/blog.espol.edu.ec\/dianap\/wp-json\/wp\/v2\/pages\/122\/revisions\/125"}],"wp:attachment":[{"href":"https:\/\/blog.espol.edu.ec\/dianap\/wp-json\/wp\/v2\/media?parent=122"}],"curies":[{"name":"wp","href":"https:\/\/api.w.org\/{rel}","templated":true}]}}