{"id":30,"date":"2009-06-01T14:13:34","date_gmt":"2009-06-01T18:13:34","guid":{"rendered":"http:\/\/blog.espol.edu.ec\/dianuska\/?page_id=30"},"modified":"2009-06-08T00:12:07","modified_gmt":"2009-06-08T04:12:07","slug":"animes-chinos","status":"publish","type":"page","link":"https:\/\/blog.espol.edu.ec\/dianuska\/animes-chinos\/","title":{"rendered":"Animes Chinos"},"content":{"rendered":"<p>En esta p\u00e1gina encontrar\u00e1 todo tipo de animes chinos que han causado sensaci\u00f3n desde el momento de su creaci\u00f3n tanto para grandes como para peque\u00f1os.<\/p>\n<p>Para los fan\u00e1ticos de Samurai X.... aqu\u00ed les doy una peque\u00f1a rese\u00f1a de su historia:<\/p>\n<p align=\"justify\"><strong>Samurai X<\/strong> es una serie de <strong>manga japon\u00e9s<\/strong> escrita e ilustrada por <strong>Nobushiro Watsuki<\/strong> con adaptaci\u00f3n para anime. La historia ocurre durante el <strong>per\u00edodo temprano ficticio Meiji<\/strong> en <strong>Jap\u00f3n<\/strong>. Las versiones inglesas de los OVAs as\u00ed como la pel\u00edcula se estrenaron con el nombre Samurai X, aunque el <strong>t\u00edtulo original<\/strong> fue incluido en el lanzamiento de los DVD (<strong>Rurouni Kenshin: Meiji Swordsman Romantic Story<\/strong> es el nombre original). La historia trata <strong>sobre un asesino ficticio llamado Himura Kenshin<\/strong>, antes conocido como \u2018<strong>Hitokiri Battosai\u2019<\/strong>. Kenshin <strong>se arrepiente<\/strong> de haber tomado tantas vidas y <strong>jura no matar<\/strong> a nadie m\u00e1s.<\/p>\n<p align=\"justify\">El manga originalmente <strong>apareci\u00f3 en el <em>Weekly Shonen Jump<\/em> desde el 2 de Septiembre<\/strong> <strong>de 1994 hasta el 4 de Noviembre de 1999<\/strong>. La <strong>obra completa<\/strong> consiste en <strong>28 vol\u00famenes<\/strong> tankobon que vendieron alrededor de <strong>47 millones de copias en Jap\u00f3n<\/strong> desde el 2007. El estreno norteamericano del manga fue completado por Viz Media. Samurai X fue subtitulado \u2018Wanderin Samurai\u2019 en algunos lanzamientos ingleses.<\/p>\n<p align=\"justify\">El escritor Kaoru Shizuka escribi\u00f3 la <strong>novela oficial<\/strong> de Ruroni Kenshin titulada \u2018<strong>Voyage to the moon world\u2019<\/strong>. La novela fue traducida por Viz y distribuida en los Estados Unidos y en Canad\u00e1.<\/p>\n<table border=\"0\" cellspacing=\"0\" cellpadding=\"0\" width=\"310\" align=\"center\">\n<tbody>\n<tr>\n<td width=\"310\">\n<h4><strong><a href=\"http:\/\/www.linkmesh.com\/samurai_x.php\"><img decoding=\"async\" src=\"http:\/\/www.linkmesh.com\/samurai_x\/articulos\/Images\/aoshi.jpg\" border=\"1\" alt=\"Samurai X\" hspace=\"5\" vspace=\"5\" \/><\/a><a href=\"http:\/\/www.linkmesh.com\/samurai_x.php\"><br \/>\nSamurai X<\/a><\/strong><\/h4>\n<\/td>\n<\/tr>\n<\/tbody>\n<\/table>\n<p class=\"normal4\" align=\"justify\"><strong>Resumen<\/strong><\/p>\n<p align=\"justify\">Una joven mujer llamado <strong>Kamiya Kaoru confunde a Kenshin<\/strong> con un conocido asesino llamado \u2018Hitokiri Battosai\u2019. Sin embargo, cuando ve la espada de Kenshin se da cuenta de que no pod\u00eda ser el asesino. <strong>Kenshin la salva<\/strong> de una muerte segura en batalla contra el verdadero asesino, que afirma practicar el Kamiya Kasshin Ryu, el estilo propio de Kaoru, y usa el nombre de \u2018Hitoriki Battosai\u2019. Kenshin la lleva de vuelta al dojo y Karou le informa sobre los eventos recientes mientras un hombre llamado Hiruma Kihei arregla su brazo. M\u00e1s tarde, se descubre que Kihei y el asesino, cuyo verdadero nombre es Hiruma Gohei, estaban trabajando juntos para convencer a Kaoru de vender el dojo. Los <strong>hermanos Hiruma toman a Kaoru como reh\u00e9n<\/strong> y env\u00edan a sus matones a pelear con <strong>Kenshin,<\/strong> pero \u00e9l <strong>los vence<\/strong> con su velocidad superior y su poderosa espada. Antes de destruir la cara de Gohei contra el piso del dojo, Kenshin le dice a todos que \u2018Hitokir Battosai\u2019 no usa el Kamiya Kasshin Ryu sino un estilo antiguo de la era Sengoku que opone a uno contra muchos: el Hiten Mitsurugi- Ryu. Si no fuera por esa espada, el conteo corporal se multiplicar\u00eda diez veces\u2019 (Watsuki 46). Luego de revelar su identidad, Kenshin se prepara para partir hasta que Kaoru pregunte por \u00e9l y lo invite a quedarse.<\/p>\n<p class=\"normal4\" align=\"justify\"><strong>Personajes de Samurai X<\/strong><\/p>\n<p align=\"justify\"><em>Nota: los nombres de los personajes est\u00e1n en el orden japon\u00e9s, con el nombre correspondiente luego del nombre de la familia. El anime ingl\u00e9s usa el orden occidental (nombre de familia despu\u00e9s del nombre de la persona) mientras que el manga ingl\u00e9s usa el orden japon\u00e9s.<\/em><\/p>\n<p align=\"justify\">Watsuki, en cada tankobon, detalla la creaci\u00f3n de los personajes, as\u00ed como las influencias que tuvo para las personalidades y dise\u00f1os de los mismos. Las influencias incluyen figuras hist\u00f3ricas y fuentes ficticias como los X-Men, personajes de Marvel, y personajes de videojuegos SNK; cuando Watsuki usa como <strong>inspiraci\u00f3n<\/strong> a los videojuegos SNK principalmente usa <strong>Samurai Shodown<\/strong> y <strong>Last Blade<\/strong>.<\/p>\n<p align=\"justify\"><strong>Personajes principales:<\/strong><\/p>\n<p align=\"justify\"><strong>Himura Kenshin<\/strong><br \/>\n<strong>Kamiya Kaoru<\/strong><br \/>\n<strong>Sagara Sanosuke<\/strong><br \/>\n<strong>Myojin Yahiko<\/strong><br \/>\n<strong>Takani Megumi<\/strong><br \/>\n<strong>Shinomori Aoshi<\/strong><br \/>\n<strong>Saito Hajime<\/strong><\/p>\n<div><strong>Makimachi Misao<\/strong><\/div>\n<div><strong><\/strong>\u00a0<\/div>\n<div><strong><\/strong>\u00a0<\/div>\n<div><strong><\/strong><\/div>\n<div><strong><\/strong><\/div>\n<div><strong><\/strong><\/div>\n<div><strong><\/strong><\/div>\n<div><strong><\/strong><\/div>\n<div><strong><\/strong><\/div>\n<div><strong><\/strong><\/div>\n<div><strong><\/strong><\/div>\n<div><strong>AHORA CONTINUAREMOS CON EL FASCINANTE MUNDO DE\u00a0INUYASHA<\/strong><\/div>\n<div>\u00a0<\/div>\n<div>\n<p><strong>Inuyasha<\/strong> <span>(<span class=\"t_nihongo_kanji\" lang=\"ja\">\u72ac\u591c\u53c9<\/span> <span class=\"t_nihongo_comma\">,<\/span> <span class=\"t_nihongo_romaji\"><em>InuYasha<\/em><\/span><span class=\"t_nihongo_help\"><sup><a title=\"Ayuda:Idioma japon\u00e9s\" href=\"http:\/\/blog.espol.edu.ec\/wiki\/Ayuda:Idioma_japon%C3%A9s\"><span class=\"t_nihongo_icon\"><span style=\"font-size: x-small\">?<\/span><\/span><\/a><\/sup><\/span>)<\/span> es un <a class=\"mw-redirect\" title=\"Personaje de ficci\u00f3n\" href=\"http:\/\/blog.espol.edu.ec\/wiki\/Personaje_de_ficci%C3%B3n\">personaje de ficci\u00f3n<\/a> y el principal <a title=\"Protagonista\" href=\"http:\/\/blog.espol.edu.ec\/wiki\/Protagonista\">protagonista<\/a> en la serie de <a title=\"Manga\" href=\"http:\/\/blog.espol.edu.ec\/wiki\/Manga\">manga<\/a> y <a title=\"Anime\" href=\"http:\/\/blog.espol.edu.ec\/wiki\/Anime\">anime<\/a> <em><a class=\"mw-redirect\" title=\"Inuyasha\" href=\"http:\/\/blog.espol.edu.ec\/wiki\/Inuyasha\">Inuyasha<\/a><\/em> creada por <a title=\"Rumiko Takahashi\" href=\"http:\/\/blog.espol.edu.ec\/wiki\/Rumiko_Takahashi\">Rumiko Takahashi<\/a>. <em>Inu<\/em> significa \"Perro\" y <em>Yasha<\/em> significa \"demonio\", por lo que <em>Inuyasha<\/em> se traduce como \"Demonio Perro\" o \"Perro Demonio\".<\/p>\n<p>En el 2001, \u00e9l gan\u00f3 el <a title=\"Animage\" href=\"http:\/\/blog.espol.edu.ec\/wiki\/Animage\">Gran Premio Animage<\/a> por El Mejor Personaje Masculino.<\/p>\n<p>\u00a0<\/p>\n<div class=\"mceTemp\">\n<dl>\n<dt><img loading=\"lazy\" decoding=\"async\" class=\"size-full wp-image-72\" src=\"http:\/\/blog.espol.edu.ec\/dianuska\/files\/2009\/06\/61.jpg\" alt=\"Inuyasha\" width=\"115\" height=\"117\" \/><\/dt>\n<dd>Inuyasha<\/dd>\n<\/dl>\n<p><span class=\"mw-headline\">Resumen<\/span> <span class=\"editsection\" style=\"font-weight: normal;font-size: small;margin-left: 0px\"><span style=\"font-size: x-small\">[<\/span><a title=\"Editar secci\u00f3n: Resumen\" href=\"http:\/\/blog.espol.edu.ec\/w\/index.php?title=Inuyasha_(personaje)&amp;action=edit&amp;section=1\"><span style=\"font-size: x-small\">editar<\/span><\/a><span style=\"font-size: x-small\">]<\/span><\/span>Inuyasha es un <a title=\"Y\u014dkai\" href=\"http:\/\/blog.espol.edu.ec\/wiki\/Y%C5%8Dkai\">Hany\u014d<\/a> (mitad demonio, mitad humano) valiente pero ingenuo, el resultado de una relaci\u00f3n entre un poderoso general inu <a title=\"Y\u014dkai\" href=\"http:\/\/blog.espol.edu.ec\/wiki\/Y%C5%8Dkai\">y\u014dkai<\/a> (perro demonio) y una hermosa mujer humana. Hu\u00e9rfano desde temprana edad, Inuyasha es rechazado por los humanos por culpa de su lado <a title=\"Y\u014dkai\" href=\"http:\/\/blog.espol.edu.ec\/wiki\/Y%C5%8Dkai\">y\u014dkai<\/a> y rechazado por los y\u014dkai por culpa de que su sangre humana supuestamente mancha su superior sangre y\u014dkai. Por eso, antes de que Inuyasha conociera, y por consiguiente se enamorara de, la poderosa <a title=\"Miko\" href=\"http:\/\/blog.espol.edu.ec\/wiki\/Miko\">miko<\/a>, <a title=\"Kiky\u014d\" href=\"http:\/\/blog.espol.edu.ec\/wiki\/Kiky%C5%8D\">Kiky\u014d<\/a>, \u00e9l encontraba muy dif\u00edcil confiar en alguien m\u00e1s, y a\u00fan m\u00e1s encontrar a alguien que lo aceptara como un Hany\u014d.<\/p>\n<p>Ya que la <a title=\"Shikon no Tama\" href=\"http:\/\/blog.espol.edu.ec\/wiki\/Shikon_no_Tama\">Perla de Shikon<\/a> (<em>Shikon no Tama<\/em> o la Perla de Cuatro Almas) era lo suficientemente poderosa para convertir a Inuyasha en un <a title=\"Y\u014dkai\" href=\"http:\/\/blog.espol.edu.ec\/wiki\/Y%C5%8Dkai\">y\u014dkai<\/a> completo y Kiky\u014d era la protectora de la perla, Inuyasha fue motivado a seguir a Kiky\u014d. Sin embargo, los dos se enamoraron, y con el tiempo, Kiky\u014d le dijo a Inuyasha que la perla pod\u00eda convertirlo en humano en lugar de un y\u014dkai y as\u00ed la perla se purificar\u00eda y se destruir\u00eda, y de ese modo, Kiky\u014d quedar\u00eda libre de su responsabilidad de proteger la perla y se convertir\u00eda en una mujer ordinaria y los dos podr\u00edan estar juntos. Un humano, llamado <a title=\"Naraku\" href=\"http:\/\/blog.espol.edu.ec\/wiki\/Naraku\">Onigumo<\/a>, planeaba robar la perla para s\u00ed mismo. \u00c9l era un bandido quien estaba obsesionado con Kiky\u014d y se puso celoso de que ella se enamorara de Inuyasha. Incapaz de tomar cualquier otra acci\u00f3n, Onigumo le dio su cuerpo a una horda de demonios por poder. Su uni\u00f3n es Naraku. Naraku primero se difraz\u00f3 de Inuyasha, y despu\u00e9s de Kiky\u014d para enga\u00f1arlos haci\u00e9ndoles creer que se traicionaron mutuamente. Enfurecido por la \"traici\u00f3n\" de Kiky\u014d, Inuyasha atac\u00f3 la aldea de Kiky\u014d y rob\u00f3 la Perla de Shikon. Para defender la aldea y evitar que \u00e9l escapara con la perla, Kiky\u014d le dispar\u00f3 a Inuyasha con una flecha sagrada clav\u00e1ndolo en el Goshinboku. Momentos despu\u00e9s, Kiky\u014d colaps\u00f3 por una herida que ella recibi\u00f3 de Naraku y le dio sus \u00faltimas instrucciones a Kaede, su hermana menor, para quemar la perla con su cuerpo para llevarla al otro mundo con ella.<\/p>\n<p>Cientos de a\u00f1os despu\u00e9s en pleno siglo 20, <a title=\"Kagome Higurashi\" href=\"http:\/\/blog.espol.edu.ec\/wiki\/Kagome_Higurashi\">Kagome Higurashi<\/a>, una estudiante de secundaria junior, inconscientemente cuidaba la Perla de Shikon en el lado izquierdo de su torso. Kagome es la reencarnaci\u00f3n de Kiky\u014d. Una mujer-ciempi\u00e9s llamada La Se\u00f1ora de los Ciempi\u00e9s atac\u00f3 a Kagome y la arrastr\u00f3 al <a class=\"new\" title=\"Lista de lugares de InuYasha (a\u00fan no redactado)\" href=\"http:\/\/blog.espol.edu.ec\/w\/index.php?title=Lista_de_lugares_de_InuYasha&amp;action=edit&amp;redlink=1\">Pozo Depositador de Huesos<\/a> el cual la transport\u00f3 devuelta en el tiempo de la historia. Ella llega cincuenta a\u00f1os despu\u00e9s de que Kiky\u014d sellara a Inuyasha en el Goshinboku. Para derrotar a la mujer-ciempi\u00e9s, Kagome libera a Inuyasha. Inuyasha primero piensa c\u00f3mo \u00e9l matar\u00e1 a la mujer-ciempi\u00e9s, para entonces hacerle lo mismo a Kagome para obtener la perla. Despu\u00e9s de que Inuyasha mata a la Se\u00f1ora de los Ciempi\u00e9s, \u00e9l intenta robar la perla pero termina con el Collar de Dominaci\u00f3n alrededor de su cuello. Cuando Kagome dice \"Si\u00e9ntate\" (\u304a\u5ea7\u308a, osuwari, abajo) el collar se hunde en el suelo llevando a Inuyasha con \u00e9l.<\/p>\n<p>Inuyasha se vuelve m\u00e1s civilizado como el tiempo progresa, perdiendo algunas de sus caracter\u00edsticas m\u00e1s infantiles y volvi\u00e9ndose mucho m\u00e1s maduro. \u00c9l siempre intenta tomar la ruta m\u00e1s directa posible en soluci\u00f3n de cualquier problema, la cual usualmente involucra violencia. \u00c9l mantiene una actitud crasa y ruda hacia todos excepto con Kagome y Kiky\u014d, y poco a poco para con el resto de sus acompa\u00f1antes, excepto Shippo. Una de las caracter\u00edsticas del personaje de Inuyasha - la cual es desapuntada por otros personajes - es su tendencia a permitir que su ira nuble su sentido del juicio y causa que act\u00fae precipitadamente, nosotros vemos como \u00e9l cambia con el tiempo, as\u00ed como se comienza a preocupar por Kagome, y claramente a pesar de que su intenci\u00f3n original, presumidamente, era matarla para obtener la perla, nosotros vemos que Inuyasha morir\u00eda, si es necesario, para proteger a Kagome.<\/p>\n<p>Inuyasha habla con un <a title=\"Idioma japon\u00e9s\" href=\"http:\/\/blog.espol.edu.ec\/wiki\/Idioma_japon%C3%A9s\">Japon\u00e9s<\/a> muy \u00e1spero. \u00c9l nunca usa honor\u00edficos y cuando habla con personas que a \u00e9l no le agradan, \u00e9l usa \"Temee\" y \"Kisama(\u8cb4\u69d8 <span style=\"font-weight: normal\">(<span class=\"t_nihongo_kanji\" lang=\"ja\"><em>kisama<\/em><\/span><span class=\"t_nihongo_norom\"><span class=\"t_nihongo_comma\">,<\/span> <span class=\"t_nihongo_romaji\"><em>\u8cb4\u69d8<\/em><\/span><\/span><span class=\"t_nihongo_help\"><sup><a title=\"Ayuda:Idioma japon\u00e9s\" href=\"http:\/\/blog.espol.edu.ec\/wiki\/Ayuda:Idioma_japon%C3%A9s\"><span class=\"t_nihongo_icon\" style=\"padding-right: 0.1em;padding-left: 0.1em;padding-bottom: 0px;font: bold 80% sans-serif;color: darkblue;padding-top: 0px;text-decoration: none\"><span style=\"font-size: x-small\">?<\/span><\/span><\/a><\/sup><\/span>)<\/span>)\", los cuales se traducen como \"Bastardo\". \u00c9l, sin embargo, se defiende con el criterio \"Omae(<a class=\"new\" title=\"Plantilla:Nigongo (a\u00fan no redactado)\" href=\"http:\/\/blog.espol.edu.ec\/w\/index.php?title=Plantilla:Nigongo&amp;action=edit&amp;redlink=1\">Plantilla:Nigongo<\/a>)\". \u00c9l usa el \u00e1spero pronombre masculino \"Ore(\u4ffa <span style=\"font-weight: normal\">(<span class=\"t_nihongo_kanji\" lang=\"ja\"><em>ore<\/em><\/span><span class=\"t_nihongo_norom\"><span class=\"t_nihongo_comma\">,<\/span> <span class=\"t_nihongo_romaji\"><em>\u4ffa<\/em><\/span><\/span><span class=\"t_nihongo_help\"><sup><a title=\"Ayuda:Idioma japon\u00e9s\" href=\"http:\/\/blog.espol.edu.ec\/wiki\/Ayuda:Idioma_japon%C3%A9s\"><span class=\"t_nihongo_icon\" style=\"padding-right: 0.1em;padding-left: 0.1em;padding-bottom: 0px;font: bold 80% sans-serif;color: darkblue;padding-top: 0px;text-decoration: none\"><span style=\"font-size: x-small\">?<\/span><\/span><\/a><\/sup><\/span>)<\/span>)\", el cual se adapta a su personalidad y fuerza. \u00c9l tampoco muestra respeto hacia sus mayores, normalmente llam\u00e1ndolos \"-baba\" o \"-jiji\", los cuales se traducen como \"Vieja bruja\" o \"Viejo exc\u00e9ntrico\", respectivamente.<\/p>\n<p>Inuyasha es ofendido cuando alguien lo llama un \"Sucio perro mestizo\", \"Cachorro\", \"H\u00edbrido\", o de otro modo, sugiere que \u00e9l es inferior a los <a title=\"Y\u014dkai\" href=\"http:\/\/blog.espol.edu.ec\/wiki\/Y%C5%8Dkai\">y\u014dkai<\/a>, debido a su linaje humano. Aunque Inuyasha debe ser m\u00e1s d\u00e9bil que demonios completos ya que \u00e9l es un hany\u014d, \u00e9l tiende a quedarse con la victoria en grandes peleas debido al hecho de que \u00e9l blande la <a title=\"Tessaiga\" href=\"http:\/\/blog.espol.edu.ec\/wiki\/Tessaiga\">Tessaiga<\/a>, como herencia de un dai-y\u014dkai (gran demonio), de esta manera permiti\u00e9ndole tomar una forma humana como Sessh\u014dmaru, Naraku y Koga d\u00e1ndole un gran nivel de poder.<\/p>\n<p>Siendo un hany\u014d, Inuyasha pierde sus poderes demoniacos peri\u00f3dicamente y se convierte en un chico humano normal con cabello negro. Para \u00e9l, este \"momento de debilidad\" ocurre durante la primera noche de una <a title=\"Luna nueva\" href=\"http:\/\/blog.espol.edu.ec\/wiki\/Luna_nueva\">luna nueva<\/a>. Sus miembros de equipo intentan hacer lo mejor que puedan para protegerlo durante en ese momento, y guardar este secreto de vulnerabilidad para los dem\u00e1s. A pesar de sus esfuerzos, sin embargo, algunos de los adversarios de Inuyasha, incluyendo a <a title=\"Kagura (Inuyasha)\" href=\"http:\/\/blog.espol.edu.ec\/wiki\/Kagura_(Inuyasha)\">Kagura<\/a>, descubren esta debilidad. Sin embargo, Kagura no la usa contra \u00e9l.<\/p>\n<p>La otra desventaja existente en Inuyasha se hace conocer m\u00e1s adelante en la serie en el final de la tercera temporada, el padre de Inuyasha forj\u00f3 \"El Colmillo de Acero\" espec\u00edficamente para Inuyasha y luego se conoce que si Inuyasha no posee \"El Colmillo de Acero\" en un combate o lo perd\u00eda a manos de un enemigo, se revelaban los poderes de parte de su padre en le que Inuyasha perd\u00eda completamente la consciencia y se vuelve en una bestia sanguinaria sin tenerle piedad a nadie, con el \u00fanico deseo de matar y ver sangre, como Inuyasha es Hany\u014d, estos poderes est\u00e1n incompletos y no piensa con determinaci\u00f3n y no puede analizar una batalla hasta el grado de estar gravemente herido y seguir luchando. En el episodio donde se revela esto, Inuyasha est\u00e1 atrapado en un capullo creado por un demonio mariposa mercenario, Inuyasha revela estos poderes y mata con gran facilidad al demonio y mata a todos sus secuaces , el hermano de Inuyasha llega y lo tranquiliza lastim\u00e1ndolo mucho hasta el grado de casi matarlo, inuyasha no reacciona y se repone de nuevo para matar a su hermano pero Kagome le da \"El Colmillo de Acero\" haciendo que instant\u00e1neamente Inuyasha vuelva a la normalidad.<\/p><\/div>\n<\/div>\n<div>\u00a0<\/div>\n<div>\u00a0<\/div>\n<div><strong><\/strong><\/div>\n<div><strong><\/strong><\/div>\n<div><strong><\/strong><\/div>\n<div><span style=\"font-size: large;font-family: Verdana\"><span style=\"font-size: large;font-family: Verdana\"><\/p>\n<p align=\"left\">\u00a0<\/p>\n<p><\/span><\/span><strong><span style=\"font-size: xx-small;font-family: Verdana-Bold\"><span style=\"font-size: xx-small;font-family: Verdana-Bold\"><\/p>\n<p align=\"left\">\u00a0<\/p>\n<p><\/span><\/span><\/strong><span style=\"font-size: xx-small;font-family: Verdana\"><span style=\"font-size: xx-small;font-family: Verdana\">\u00a0<\/span><\/span><span style=\"font-size: xx-small;font-family: Verdana\"><span style=\"font-size: xx-small;font-family: Verdana\"><\/p>\n<p align=\"left\">\u00a0<\/p>\n<p><\/span><\/span>\u00a0<\/div>\n","protected":false},"excerpt":{"rendered":"<p>En esta p\u00e1gina encontrar\u00e1 todo tipo de animes chinos que han causado sensaci\u00f3n desde el momento de su creaci\u00f3n tanto para grandes como para peque\u00f1os. Para los fan\u00e1ticos de Samurai X.... aqu\u00ed les doy una peque\u00f1a rese\u00f1a de su historia: Samurai X es una serie de manga japon\u00e9s escrita e ilustrada por Nobushiro Watsuki con [&hellip;]<\/p>\n","protected":false},"author":1589,"featured_media":0,"parent":0,"menu_order":0,"comment_status":"open","ping_status":"open","template":"","meta":{"footnotes":""},"class_list":["post-30","page","type-page","status-publish","hentry"],"_links":{"self":[{"href":"https:\/\/blog.espol.edu.ec\/dianuska\/wp-json\/wp\/v2\/pages\/30","targetHints":{"allow":["GET"]}}],"collection":[{"href":"https:\/\/blog.espol.edu.ec\/dianuska\/wp-json\/wp\/v2\/pages"}],"about":[{"href":"https:\/\/blog.espol.edu.ec\/dianuska\/wp-json\/wp\/v2\/types\/page"}],"author":[{"embeddable":true,"href":"https:\/\/blog.espol.edu.ec\/dianuska\/wp-json\/wp\/v2\/users\/1589"}],"replies":[{"embeddable":true,"href":"https:\/\/blog.espol.edu.ec\/dianuska\/wp-json\/wp\/v2\/comments?post=30"}],"version-history":[{"count":7,"href":"https:\/\/blog.espol.edu.ec\/dianuska\/wp-json\/wp\/v2\/pages\/30\/revisions"}],"predecessor-version":[{"id":34,"href":"https:\/\/blog.espol.edu.ec\/dianuska\/wp-json\/wp\/v2\/pages\/30\/revisions\/34"}],"wp:attachment":[{"href":"https:\/\/blog.espol.edu.ec\/dianuska\/wp-json\/wp\/v2\/media?parent=30"}],"curies":[{"name":"wp","href":"https:\/\/api.w.org\/{rel}","templated":true}]}}