{"id":48,"date":"2009-06-06T18:54:59","date_gmt":"2009-06-06T22:54:59","guid":{"rendered":"http:\/\/blog.espol.edu.ec\/dianuska\/?page_id=48"},"modified":"2009-06-28T12:44:00","modified_gmt":"2009-06-28T16:44:00","slug":"mi-perfil","status":"publish","type":"page","link":"https:\/\/blog.espol.edu.ec\/dianuska\/mi-perfil\/","title":{"rendered":"Mi Perfil"},"content":{"rendered":"<div class=\"mceTemp\">\n<dl>\n<dt>\n<div id=\"attachment_68\" style=\"width: 285px\" class=\"wp-caption alignright\"><img loading=\"lazy\" decoding=\"async\" aria-describedby=\"caption-attachment-68\" class=\"size-full wp-image-68\" src=\"http:\/\/blog.espol.edu.ec\/dianuska\/files\/2009\/06\/152325zzy9ae8br6.gif\" alt=\"Hadita\" width=\"275\" height=\"60\" \/><p id=\"caption-attachment-68\" class=\"wp-caption-text\">Hadita<\/p><\/div>\n<p><img loading=\"lazy\" decoding=\"async\" class=\"size-medium wp-image-53\" src=\"http:\/\/blog.espol.edu.ec\/dianuska\/files\/2009\/06\/100_0879-225x300.jpg\" alt=\"Un momento para descansar\" width=\"225\" height=\"300\" srcset=\"https:\/\/blog.espol.edu.ec\/dianuska\/files\/2009\/06\/100_0879-225x300.jpg 225w, https:\/\/blog.espol.edu.ec\/dianuska\/files\/2009\/06\/100_0879-768x1023.jpg 768w, https:\/\/blog.espol.edu.ec\/dianuska\/files\/2009\/06\/100_0879.jpg 1932w\" sizes=\"auto, (max-width: 225px) 100vw, 225px\" \/><\/p>\n<div id=\"attachment_63\" style=\"width: 361px\" class=\"wp-caption alignright\"><img loading=\"lazy\" decoding=\"async\" aria-describedby=\"caption-attachment-63\" class=\"size-full wp-image-63\" src=\"http:\/\/blog.espol.edu.ec\/dianuska\/files\/2009\/06\/ratoncito.gif\" alt=\"abacitos para todos\" width=\"351\" height=\"307\" srcset=\"https:\/\/blog.espol.edu.ec\/dianuska\/files\/2009\/06\/ratoncito.gif 351w, https:\/\/blog.espol.edu.ec\/dianuska\/files\/2009\/06\/ratoncito-300x262.gif 300w\" sizes=\"auto, (max-width: 351px) 100vw, 351px\" \/><p id=\"caption-attachment-63\" class=\"wp-caption-text\">abacitos para todos<\/p><\/div>\n<\/dt>\n<dd>Un momento para descansar<\/dd>\n<\/dl>\n<\/div>\n<p>\u00a0<em><strong>Nombre: Diana Carolina Ayala Reyes<\/strong><\/em><\/p>\n<p><strong><em>Edad: 18 anhos<\/em><\/strong><\/p>\n<p><strong><em>Fecha de nacimiento: 11 de Enero de 1991<\/em><\/strong><\/p>\n<p><strong><em>Estudios:<\/em><\/strong><\/p>\n<p><strong><em>Educaci\u00f3n Pre-escolar: Jard\u00edn de Infantes \"Pulgarcito\"<\/em><\/strong><\/p>\n<p><strong><em>Educaci\u00f3n Secundaria: Colegio Fiscal Mixto \"Nicol\u00e1s Infante D\u00edaz\"<\/em><\/strong><\/p>\n<p><strong><em>Educaci\u00f3n Primaria : Escuela Particular \"Nuestra Senhora de F\u00e1tima\".<\/em><\/strong><\/p>\n<p><strong><em>Educaci\u00f3n Superior: Escuela Superior Polit\u00e9cnica del Litoral (actualmente).<\/em><\/strong><\/p>\n<p><strong><em><\/em><\/strong>\u00a0<\/p>\n<p>\u00a0<\/p>\n<p><strong><em><\/em><\/strong><\/p>\n<p><strong><em><\/em><\/strong><\/p>\n<p><strong><em>LOGROS PERSONALES: ACAD\u00c9MICOS , DEPORTIVOS, ESPECIALIDADES<\/em><\/strong><\/p>\n<div id=\"attachment_57\" style=\"width: 184px\" class=\"wp-caption alignright\"><img loading=\"lazy\" decoding=\"async\" aria-describedby=\"caption-attachment-57\" class=\"size-medium wp-image-57\" src=\"http:\/\/blog.espol.edu.ec\/dianuska\/files\/2009\/06\/100_0450-225x300.jpg\" alt=\"El D\u00eda del Juramento a la Bandera\" width=\"174\" height=\"159\" \/><p id=\"caption-attachment-57\" class=\"wp-caption-text\">El D\u00eda del Juramento a la Bandera<\/p><\/div>\n<p>LOGROS ACAD\u00c9MICOS:<\/p>\n<ul>\n<li>Durante mi educaci\u00f3n primaria logr\u00e9 obtener el nombramiento como la segunda abanderada de mi escuela.... esto fue la representaci\u00f3n de mis esfuerzos durante mis 6 anhos de estudios, los cuales fueron muy felices para m\u00ed.<\/li>\n<li>Adem\u00e1s\u00a0 tuve el grato honor de llegar a ser la segunda abanderada de mi colegio, este fue uno de los logros m\u00e1s felices de mi vida; pero sobre todo de mucho orgullo por el esfuerzo que hab\u00eda realizado durante mis anhos de estudios secundarios, pero mi mayor felicidad era de compartir ese momento junto a mi familia y amigos.<\/li>\n<\/ul>\n<p>\u00a0<\/p>\n<p><strong><em>ESPECIALIDADES:<\/em><\/strong><\/p>\n<div id=\"attachment_60\" style=\"width: 263px\" class=\"wp-caption alignleft\"><img loading=\"lazy\" decoding=\"async\" aria-describedby=\"caption-attachment-60\" class=\"size-medium wp-image-60\" src=\"http:\/\/blog.espol.edu.ec\/dianuska\/files\/2009\/06\/100_0215-300x225.jpg\" alt=\"En la danza\" width=\"253\" height=\"198\" \/><p id=\"caption-attachment-60\" class=\"wp-caption-text\">En la danza<\/p><\/div>\n<ul>\n<li><em>Una de mis especialidades favoritas es la danza..... , a pesar que cuando era pequenha no me gustaba mucho el baile, a medida que iba creciendo lo consider\u00e9 no solo como un pasatiempo sino como una forma de expresi\u00f3n de mi cuerpo y de sentimientos.<\/em><\/li>\n<li><em>El baile me agrada mucho y espero seguirlo practicando..... y si Dios me lo permite alg\u00fan d\u00eda obtener un t\u00edtulo especializaci\u00f3n en danza, pero terminando primero mi carrera.... ja ja ja .<\/em><\/li>\n<li><em>Otra\u00a0 de mis especialidades son: la pintura, me encanta dibujar y disenhar cosas, plasmar las diferentes formas ya sean humanas o objetos que existen en nuestra vida.<\/em><\/li>\n<li><em>Aunque no lo crean otras de mis especialidades\u00a0 es jugar play.... si as\u00ed es ... de vez en cuando me gusta distraerme y perfeccionar mi juego......<\/em><\/li>\n<\/ul>\n<div class=\"mceTemp\">\u00a0<strong><em>EXPERIENCIAS LABORALES:<\/em><\/strong><\/div>\n<div class=\"mceTemp\"><em>A pesar de que no he desempenhado un cargo estable, durante mis ratos libres trabaj\u00e9 como ayudante de profesora en la escuela Nuestra Senhora de F\u00e1tima, me sent\u00ed muy satisfecha al servir a la instituci\u00f3n que me hab\u00eda inculcado todos mis conocimientos durante mis primeros anhos de vida.Adem\u00e1s de impartir mis conocimientos a las futuras generaciones de jovencitas que servir\u00e1n en un futuro a este pa\u00eds.<\/em><\/div>\n<div class=\"mceTemp\"><em><\/em><\/div>\n<div class=\"mceTemp\"><em><\/em><\/div>\n<p><strong><em><\/em><\/strong><\/p>\n<p><a title=\"View Curriculum Vitae on Scribd\" href=\"http:\/\/www.scribd.com\/doc\/16464229\/Curriculum-Vitae\">Curriculum Vitae<\/a> <object width=\"100%\" height=\"500\" data=\"http:\/\/d.scribd.com\/ScribdViewer.swf?document_id=16464229&amp;access_key=key-41b2rs1bi7s0v527l35&amp;page=1&amp;version=1&amp;viewMode=\" type=\"application\/x-shockwave-flash\"><param name=\"quality\" value=\"high\" \/><param name=\"play\" value=\"true\" \/><param name=\"loop\" value=\"true\" \/><param name=\"scale\" value=\"showall\" \/><param name=\"wmode\" value=\"opaque\" \/><param name=\"devicefont\" value=\"false\" \/><param name=\"bgcolor\" value=\"#ffffff\" \/><param name=\"menu\" value=\"true\" \/><param name=\"allowFullScreen\" value=\"true\" \/><param name=\"allowScriptAccess\" value=\"always\" \/><param name=\"src\" value=\"http:\/\/d.scribd.com\/ScribdViewer.swf?document_id=16464229&amp;access_key=key-41b2rs1bi7s0v527l35&amp;page=1&amp;version=1&amp;viewMode=\" \/><\/object><\/p>\n<div style=\"margin: 6px auto 3px auto;font-family: Helvetica,Arial,Sans-serif;font-style: normal;font-variant: normal;font-weight: normal;font-size: 12px\"><a href=\"http:\/\/www.scribd.com\/upload\">Publish at Scribd<\/a> or <a href=\"http:\/\/www.scribd.com\/browse\">explore<\/a> others:<\/div>\n<div style=\"font-weight: normal;font-size: 12px;margin: 6px auto 3px;font-style: normal;font-family: Helvetica,Arial,Sans-serif;text-align: center;font-variant: normal\"><em><strong>Mi proceso como formaci\u00f3n de adulto<\/strong><\/em><\/div>\n<p><img loading=\"lazy\" decoding=\"async\" style=\"width:0px;height:0px\" border=\"0\" width=\"0\" height=\"0\" src=\"http:\/\/counters.gigya.com\/wildfire\/IMP\/CXNID=2000002.0NXC\/bT*xJmx*PTEyNDYyMDczOTAxOTUmcHQ9MTI*NjIwNzQwNDMxNyZwPTEwMTkxJmQ9c3NfZW1iZWQmZz*yJnQ9Jm89MjI4OTZlZTZkOTFlNDExZDkwNmNiYzQwN2E4MWVjNDgmb2Y9MA==.gif\" \/><\/p>\n<div style=\"width:425px;text-align:left\" id=\"__ss_1651048\"><a href=\"http:\/\/www.slideshare.net\/Dianita91fy\/etapas-de-mi-vida-1651048?type=powerpoint\" title=\"Etapas De Mi Vida\">Etapas De Mi Vida<\/a><object style=\"margin:0px\" width=\"425\" height=\"355\"><param name=\"movie\" value=\"http:\/\/static.slidesharecdn.com\/swf\/ssplayer2.swf?doc=etapasdemivida-090628113703-phpapp02&amp;stripped_title=etapas-de-mi-vida-1651048\" \/><param name=\"allowFullScreen\"><param name=\"allowScriptAccess\"><embed src=\"http:\/\/static.slidesharecdn.com\/swf\/ssplayer2.swf?doc=etapasdemivida-090628113703-phpapp02&amp;stripped_title=etapas-de-mi-vida-1651048\" type=\"application\/x-shockwave-flash\" width=\"425\" height=\"355\"><\/embed><\/object><\/p>\n<div style=\"font-size:11px;font-family:tahoma,arial;height:26px;padding-top:2px\">View more <a href=\"http:\/\/www.slideshare.net\/\">documents<\/a> from <a href=\"http:\/\/www.slideshare.net\/Dianita91fy\">Dianita91fy<\/a>.<\/div>\n<\/div>\n","protected":false},"excerpt":{"rendered":"<p>Un momento para descansar \u00a0Nombre: Diana Carolina Ayala Reyes Edad: 18 anhos Fecha de nacimiento: 11 de Enero de 1991 Estudios: Educaci\u00f3n Pre-escolar: Jard\u00edn de Infantes \"Pulgarcito\" Educaci\u00f3n Secundaria: Colegio Fiscal Mixto \"Nicol\u00e1s Infante D\u00edaz\" Educaci\u00f3n Primaria : Escuela Particular \"Nuestra Senhora de F\u00e1tima\". Educaci\u00f3n Superior: Escuela Superior Polit\u00e9cnica del Litoral (actualmente). \u00a0 \u00a0 LOGROS [&hellip;]<\/p>\n","protected":false},"author":1589,"featured_media":0,"parent":0,"menu_order":1,"comment_status":"open","ping_status":"open","template":"","meta":{"footnotes":""},"class_list":["post-48","page","type-page","status-publish","hentry"],"_links":{"self":[{"href":"https:\/\/blog.espol.edu.ec\/dianuska\/wp-json\/wp\/v2\/pages\/48","targetHints":{"allow":["GET"]}}],"collection":[{"href":"https:\/\/blog.espol.edu.ec\/dianuska\/wp-json\/wp\/v2\/pages"}],"about":[{"href":"https:\/\/blog.espol.edu.ec\/dianuska\/wp-json\/wp\/v2\/types\/page"}],"author":[{"embeddable":true,"href":"https:\/\/blog.espol.edu.ec\/dianuska\/wp-json\/wp\/v2\/users\/1589"}],"replies":[{"embeddable":true,"href":"https:\/\/blog.espol.edu.ec\/dianuska\/wp-json\/wp\/v2\/comments?post=48"}],"version-history":[{"count":21,"href":"https:\/\/blog.espol.edu.ec\/dianuska\/wp-json\/wp\/v2\/pages\/48\/revisions"}],"predecessor-version":[{"id":51,"href":"https:\/\/blog.espol.edu.ec\/dianuska\/wp-json\/wp\/v2\/pages\/48\/revisions\/51"}],"wp:attachment":[{"href":"https:\/\/blog.espol.edu.ec\/dianuska\/wp-json\/wp\/v2\/media?parent=48"}],"curies":[{"name":"wp","href":"https:\/\/api.w.org\/{rel}","templated":true}]}}