{"id":19,"date":"2012-10-19T18:07:22","date_gmt":"2012-10-19T18:07:22","guid":{"rendered":"http:\/\/blog.espol.edu.ec\/diealsan\/?page_id=19"},"modified":"2012-11-07T02:34:22","modified_gmt":"2012-11-07T02:34:22","slug":"mi-quinto-video","status":"publish","type":"page","link":"https:\/\/blog.espol.edu.ec\/diealsan\/mi-quinto-video\/","title":{"rendered":"Banano"},"content":{"rendered":"<p>La producci\u00f3n bananera del pa\u00eds, se realiza en 20 provincias del territorio continental.\u00a0\u00a0La Costa aporta con el 89% de la producci\u00f3n nacional, Sierra con el 10% y el Oriente con el 1%. Se produjo en 1998 un total nacional de 4\u2019 226.200 toneladas m\u00e9tricas.<\/p>\n<p>En la Costa, las de mayor producci\u00f3n son: la provincia de Los R\u00edos con el 35 % de la producci\u00f3n total y Guayas con el 32%.<\/p>\n<p>En la Sierra., en las regiones c\u00e1lidas de las provincias de Ca\u00f1ar el 3,8 %. Bol\u00edvar con el 1.8%, Pichincha (Sto. Domingo de los Colorados) con 1.4% y Loja con apenas el 0.8% de la producci\u00f3n nacional; las dem\u00e1s provincias tienen una producci\u00f3n m\u00ednima.<\/p>\n<p>En el pa\u00eds existen cerca de 5000 productores de banano, de acuerdo al tama\u00f1o de la plantaci\u00f3n, el 80% corresponden a propiedades menores de 30 hect\u00e1reas y tan solo el 3% a mayores de 100 has.<\/p>\n<p>Por lo tanto la concentraci\u00f3n monop\u00f3lica se da fundamentalmente en la fase de comercializaci\u00f3n.\u00a0\u00a0Durante los primeros meses de 1998 la producci\u00f3n bananera tuvo un fuerte descenso como resultado del fen\u00f3meno de El Ni\u00f1o.<\/p>\n<p><strong>PRINCIPALES EXPORTADORES.-\u00a0\u00a0<\/strong>De las exportadoras de banano, tres empresas (Bananera Noboa, Reybanpac, UBESA. ) concentran los montos de exportaci\u00f3n m\u00e1s altos, alcanzando el 67% del total de las exportaciones.<\/p>\n<p>Bananera Noboa ha sido la exportadora m\u00e1s importante y la que ha ocupado el lugar por m\u00e1s de 30 a\u00f1os.<\/p>\n<p>La superficie cultivada es de 131.000 ha. De estas el 71% est\u00e1n tecnificadas.\u00a0\u00a0El promedio de rendimiento es de 32 TM. por ha., la productividad m\u00e1s alta se encuentra en la provincia de los R\u00edos con 39.2 TM., y la m\u00e1s baja en Manab\u00ed con 20.<\/p>\n<p>Uno de los problemas graves que presenta la producci\u00f3n del banano es el uso inadecuado de la tierra y los sistemas de cultivo.<\/p>\n<p>De los mayores pa\u00edses productores de banano de Latinoam\u00e9rica , el Ecuador muestra un rendimiento productivo menor, 37 TM.\/ ha. Comparadas con las 51 de Colombia y las 41 de Costa Rica.<\/p>\n<p>Si se mejorara el rendimiento, miles de ha. que hoy son utilizadas para el banano podr\u00edan ser destinadas para otros cultivos.<\/p>\n<p>La cantidad de empleo con que este sector aporta es de 200.000 personas en forma directa en las plantaciones y aproximadamente 400.000 m\u00e1s en actividades relacionadas con la producci\u00f3n y exportaci\u00f3n de banano en el pa\u00eds.<\/p>\n<p>Los lugares de destino del banano ecuatoriano son: Europa el\u00a0<em>55%,\u00a0<\/em>Estados Unidos el 30%, Asia el 13% y otros 2%.<\/p>\n<p>Los principales pa\u00edses exportadores de banano a nivel mundial son: Ecuador, Costa Rica y Colombia, juntos representan el 63 % de las exportacio\u00adnes totales de la\u00a0fruta.<\/p>\n<p><strong>PERSPECTIVAS.-<\/strong>\u00a0 Seg\u00fan previsiones realizadas por la FAO. la demanda mundial de banano crecer\u00e1 en un 3 %, la oferta mundial ser\u00e1 de cerca de 13 millones de to\u00adneladas, lo que producir\u00e1 una sobre oferta\u00a0\u00a0porque la demanda es de un poco m\u00e1s de 12 millones.<\/p>\n<p align=\"left\"><a href=\"http:\/\/blog.espol.edu.ec\/diealsan\/files\/2012\/10\/Banano5.jpg\"><img loading=\"lazy\" decoding=\"async\" class=\"alignnone size-full wp-image-78\" src=\"http:\/\/blog.espol.edu.ec\/diealsan\/files\/2012\/10\/Banano5.jpg\" alt=\"\" width=\"635\" height=\"422\" srcset=\"https:\/\/blog.espol.edu.ec\/diealsan\/files\/2012\/10\/Banano5.jpg 635w, https:\/\/blog.espol.edu.ec\/diealsan\/files\/2012\/10\/Banano5-300x199.jpg 300w\" sizes=\"auto, (max-width: 635px) 100vw, 635px\" \/><\/a><\/p>\n<p align=\"left\"><span style=\"color: #000000;font-family: 'Bookman Old Style';font-size: x-small\">Raz\u00f3n por la cual no se avizora que los precios in\u00adternacionales puedan mejorar.<\/span><\/p>\n","protected":false},"excerpt":{"rendered":"<p>La producci\u00f3n bananera del pa\u00eds, se realiza en 20 provincias del territorio continental.\u00a0\u00a0La Costa aporta con el 89% de la producci\u00f3n nacional, Sierra con el 10% y el Oriente con el 1%. Se produjo en 1998 un total nacional de 4\u2019 226.200 toneladas m\u00e9tricas. En la Costa, las de mayor producci\u00f3n son: la provincia de [&hellip;]<\/p>\n","protected":false},"author":8185,"featured_media":0,"parent":0,"menu_order":2,"comment_status":"open","ping_status":"closed","template":"","meta":{"footnotes":""},"class_list":["post-19","page","type-page","status-publish","hentry"],"_links":{"self":[{"href":"https:\/\/blog.espol.edu.ec\/diealsan\/wp-json\/wp\/v2\/pages\/19","targetHints":{"allow":["GET"]}}],"collection":[{"href":"https:\/\/blog.espol.edu.ec\/diealsan\/wp-json\/wp\/v2\/pages"}],"about":[{"href":"https:\/\/blog.espol.edu.ec\/diealsan\/wp-json\/wp\/v2\/types\/page"}],"author":[{"embeddable":true,"href":"https:\/\/blog.espol.edu.ec\/diealsan\/wp-json\/wp\/v2\/users\/8185"}],"replies":[{"embeddable":true,"href":"https:\/\/blog.espol.edu.ec\/diealsan\/wp-json\/wp\/v2\/comments?post=19"}],"version-history":[{"count":11,"href":"https:\/\/blog.espol.edu.ec\/diealsan\/wp-json\/wp\/v2\/pages\/19\/revisions"}],"predecessor-version":[{"id":91,"href":"https:\/\/blog.espol.edu.ec\/diealsan\/wp-json\/wp\/v2\/pages\/19\/revisions\/91"}],"wp:attachment":[{"href":"https:\/\/blog.espol.edu.ec\/diealsan\/wp-json\/wp\/v2\/media?parent=19"}],"curies":[{"name":"wp","href":"https:\/\/api.w.org\/{rel}","templated":true}]}}