{"id":7,"date":"2009-11-25T14:25:43","date_gmt":"2009-11-25T19:25:43","guid":{"rendered":"http:\/\/blog.espol.edu.ec\/diegoleonel\/?page_id=7"},"modified":"2009-11-25T14:26:03","modified_gmt":"2009-11-25T19:26:03","slug":"ayudantias-universitarias","status":"publish","type":"page","link":"https:\/\/blog.espol.edu.ec\/diegoleonel\/ayudantias-universitarias\/","title":{"rendered":"Ayudant\u00edas Universitarias"},"content":{"rendered":"<h2><span style=\"color: #800000\"><em>\u00bfQu\u00e9 es una ayudant\u00eda?<\/em><\/span><\/h2>\n<p>Es un proceso de ense\u00f1anza en el que el ayudante o tutor dirige a un grupo de estudiantes y los instruye sobre una materia o tema espe\u00edfico.<\/p>\n<p><span style=\"color: #800000\"><em><strong>Objetivo de la ayudant\u00eda:<\/strong><\/em><\/span><br \/>\nFortalecer los conocimientos previamente adquiridos.<br \/>\nEliminar dudas sobre alg\u00fan tema en particular.<\/p>\n","protected":false},"excerpt":{"rendered":"<p>\u00bfQu\u00e9 es una ayudant\u00eda? Es un proceso de ense\u00f1anza en el que el ayudante o tutor dirige a un grupo de estudiantes y los instruye sobre una materia o tema espe\u00edfico. Objetivo de la ayudant\u00eda: Fortalecer los conocimientos previamente adquiridos. Eliminar dudas sobre alg\u00fan tema en particular.<\/p>\n","protected":false},"author":3161,"featured_media":0,"parent":0,"menu_order":0,"comment_status":"open","ping_status":"open","template":"","meta":{"footnotes":""},"class_list":["post-7","page","type-page","status-publish","hentry"],"_links":{"self":[{"href":"https:\/\/blog.espol.edu.ec\/diegoleonel\/wp-json\/wp\/v2\/pages\/7","targetHints":{"allow":["GET"]}}],"collection":[{"href":"https:\/\/blog.espol.edu.ec\/diegoleonel\/wp-json\/wp\/v2\/pages"}],"about":[{"href":"https:\/\/blog.espol.edu.ec\/diegoleonel\/wp-json\/wp\/v2\/types\/page"}],"author":[{"embeddable":true,"href":"https:\/\/blog.espol.edu.ec\/diegoleonel\/wp-json\/wp\/v2\/users\/3161"}],"replies":[{"embeddable":true,"href":"https:\/\/blog.espol.edu.ec\/diegoleonel\/wp-json\/wp\/v2\/comments?post=7"}],"version-history":[{"count":6,"href":"https:\/\/blog.espol.edu.ec\/diegoleonel\/wp-json\/wp\/v2\/pages\/7\/revisions"}],"predecessor-version":[{"id":14,"href":"https:\/\/blog.espol.edu.ec\/diegoleonel\/wp-json\/wp\/v2\/pages\/7\/revisions\/14"}],"wp:attachment":[{"href":"https:\/\/blog.espol.edu.ec\/diegoleonel\/wp-json\/wp\/v2\/media?parent=7"}],"curies":[{"name":"wp","href":"https:\/\/api.w.org\/{rel}","templated":true}]}}