{"id":28,"date":"2010-11-05T03:06:54","date_gmt":"2010-11-05T03:06:54","guid":{"rendered":"http:\/\/blog.espol.edu.ec\/diegomenendez\/?page_id=28"},"modified":"2010-11-05T03:34:13","modified_gmt":"2010-11-05T03:34:13","slug":"sitiso-turisticos","status":"publish","type":"page","link":"https:\/\/blog.espol.edu.ec\/diegomenendez\/sitiso-turisticos\/","title":{"rendered":"SITISO TURISTICOS"},"content":{"rendered":"<p><span style=\"font-family: Times New Roman,serif\"><span style=\"font-size: small\"><strong>NOMBRE DEL ATRACTIVO: <\/strong><\/span><\/span><span style=\"font-family: Times New Roman,serif\"><span style=\"font-size: small\">Pozos de Agua Azufrada<\/span><\/span><\/p>\n<p><span style=\"font-family: Times New Roman,serif\"><span style=\"font-size: small\"><strong>COMUNIDAD: <\/strong><\/span><\/span><span style=\"font-family: Times New Roman,serif\"><span style=\"font-size: small\">Joa<\/span><\/span><\/p>\n<p><span style=\"font-family: Times New Roman,serif\"><span style=\"font-size: small\"><strong>PARROQUIA: <\/strong><\/span><\/span><span style=\"font-family: Times New Roman,serif\"><span style=\"font-size: small\">Jipijapa<\/span><\/span><\/p>\n<p><span style=\"font-family: Times New Roman,serif\"><span style=\"font-size: small\"><strong>COORDENADAS GPS: <\/strong><\/span><\/span><span style=\"font-family: Times New Roman,serif\"><span style=\"font-size: small\">N0541393 E9848210<\/span><\/span><\/p>\n<p><span style=\"font-family: Times New Roman,serif\"><span style=\"font-size: small\"><strong>ALTITUD: <\/strong><\/span><\/span><span style=\"font-family: Times New Roman,serif\"><span style=\"font-size: small\">193 msnm<\/span><\/span><\/p>\n<p><span style=\"font-family: Times New Roman,serif\"><span style=\"font-size: small\"><strong>DISTANCIA: <\/strong><\/span><\/span><span style=\"font-family: Times New Roman,serif\"><span style=\"font-size: small\">6,49 km desde el centro de Jipijapa<\/span><\/span><\/p>\n<p><span style=\"font-family: Times New Roman,serif\"><span style=\"font-size: small\"><strong>TEMPORALIDAD DE ACCESO <\/strong><\/span><\/span><span style=\"font-family: Times New Roman,serif\"><span style=\"font-size: small\">365 d\u00edas al a\u00f1o<\/span><\/span><\/p>\n<p><span style=\"font-family: Times New Roman,serif\"><span style=\"font-size: small\"><strong>ESTACIONALIDAD <\/strong><\/span><\/span><span style=\"font-family: Times New Roman,serif\"><span style=\"font-size: small\">365 d\u00edas al a\u00f1o<\/span><\/span><\/p>\n<p><span style=\"font-family: Times New Roman,serif\"><span style=\"font-size: small\"><strong>CARACTER\u00cdSTICAS<\/strong><\/span><\/span><\/p>\n<p><span style=\"font-family: Times New Roman,serif\"><span style=\"font-size: small\">Se cree que el agua tiene caracter\u00edsticas de azufradas y de origen volc\u00e1nico que poseen propiedades curativas. Para disfrutar de un ba\u00f1o se disponen de duchas.<\/span><\/span><\/p>\n<p>\ufeff<\/p>\n<p><span style=\"font-family: Times New Roman,serif\"><span style=\"font-size: small\"><strong>NOMBRE DEL ATRACTIVO: <\/strong><\/span><\/span><span style=\"font-family: Times New Roman,serif\"><span style=\"font-size: small\">Vivero<\/span><\/span><\/p>\n<p><span style=\"font-family: Times New Roman,serif\"><span style=\"font-size: small\"><strong>COMUNIDAD: <\/strong><\/span><\/span><span style=\"font-family: Times New Roman,serif\"><span style=\"font-size: small\">Col\u00f3n Alfaro<\/span><\/span><\/p>\n<p><span style=\"font-family: Times New Roman,serif\"><span style=\"font-size: small\"><strong>PARROQUIA: <\/strong><\/span><\/span><span style=\"font-family: Times New Roman,serif\"><span style=\"font-size: small\">El Anegado<\/span><\/span><\/p>\n<p><span style=\"font-family: Times New Roman,serif\"><span style=\"font-size: small\"><strong>COORDENADAS GPS: <\/strong><\/span><\/span><span style=\"font-family: Times New Roman,serif\"><span style=\"font-size: small\">N0551714 E9837384<\/span><\/span><\/p>\n<p><span style=\"font-family: Times New Roman,serif\"><span style=\"font-size: small\"><strong>ALTITUD: <\/strong><\/span><\/span><span style=\"font-family: Times New Roman,serif\"><span style=\"font-size: small\">378 msnm<\/span><\/span><\/p>\n<p><span style=\"font-family: Times New Roman,serif\"><span style=\"font-size: small\"><strong>DISTANCIA: <\/strong><\/span><\/span><span style=\"font-family: Times New Roman,serif\"><span style=\"font-size: small\">3 km desde la entrada en Pan y Agua en la<\/span><\/span><\/p>\n<p><span style=\"font-family: Times New Roman,serif\"><span style=\"font-size: small\">v\u00eda Jipijapa - Guayaquil<\/span><\/span><\/p>\n<p><span style=\"font-family: Times New Roman,serif\"><span style=\"font-size: small\"><strong>TEMPORALIDAD DE ACCESO <\/strong><\/span><\/span><span style=\"font-family: Times New Roman,serif\"><span style=\"font-size: small\">365 d\u00edas al a\u00f1o<\/span><\/span><\/p>\n<p><span style=\"font-family: Times New Roman,serif\"><span style=\"font-size: small\"><strong>ESTACIONALIDAD <\/strong><\/span><\/span><span style=\"font-family: Times New Roman,serif\"><span style=\"font-size: small\">365 d\u00edas al a\u00f1o<\/span><\/span><\/p>\n<p><span style=\"font-family: Times New Roman,serif\"><span style=\"font-size: small\"><strong>CARACTER\u00cdSTICAS<\/strong><\/span><\/span><\/p>\n<p><span style=\"font-family: Times New Roman,serif\"><span style=\"font-size: small\">Producci\u00f3n de plantas de caf\u00e9 mediante un sistema de riego por goteo. Las plantas sirven para la renovaci\u00f3n de cafetales que promueve el Proyecto Caf\u00e9 Manab\u00ed.<\/span><\/span><\/p>\n<p><span style=\"font-family: Times New Roman,serif\"><span style=\"font-size: small\"><br \/>\n<\/span><\/span><\/p>\n<p><span style=\"font-family: Times New Roman,serif\"><span style=\"font-size: small\"><strong>NOMBRE DEL ATRACTIVO: <\/strong><\/span><\/span><span style=\"font-family: Times New Roman,serif\"><span style=\"font-size: small\">Antig\u00fcedades<\/span><\/span><\/p>\n<p><span style=\"font-family: Times New Roman,serif\"><span style=\"font-size: small\"><strong>COMUNIDAD: <\/strong><\/span><\/span><span style=\"font-family: Times New Roman,serif\"><span style=\"font-size: small\">La Esperanza<\/span><\/span><\/p>\n<p><span style=\"font-family: Times New Roman,serif\"><span style=\"font-size: small\"><strong>PARROQUIA: <\/strong><\/span><\/span><span style=\"font-family: Times New Roman,serif\"><span style=\"font-size: small\">Pedro Pablo G\u00f3mez<\/span><\/span><\/p>\n<p><span style=\"font-family: Times New Roman,serif\"><span style=\"font-size: small\"><strong>COORDENADAS GPS: <\/strong><\/span><\/span><span style=\"font-family: Times New Roman,serif\"><span style=\"font-size: small\">N 0554087 E9826002<\/span><\/span><\/p>\n<p><span style=\"font-family: Times New Roman,serif\"><span style=\"font-size: small\"><strong>ALTITUD: <\/strong><\/span><\/span><span style=\"font-family: Times New Roman,serif\"><span style=\"font-size: small\">256 msnm<\/span><\/span><\/p>\n<p><span style=\"font-family: Times New Roman,serif\"><span style=\"font-size: small\"><strong>DISTANCIA: <\/strong><\/span><\/span><span style=\"font-family: Times New Roman,serif\"><span style=\"font-size: small\">33,29 km desde Jipijapa<\/span><\/span><\/p>\n<p><span style=\"font-family: Times New Roman,serif\"><span style=\"font-size: small\"><strong>TEMPORALIDAD DE ACCESO <\/strong><\/span><\/span><span style=\"font-family: Times New Roman,serif\"><span style=\"font-size: small\">365 d\u00edas al a\u00f1o<\/span><\/span><\/p>\n<p><span style=\"font-family: Times New Roman,serif\"><span style=\"font-size: small\"><strong>ESTACIONALIDAD <\/strong><\/span><\/span><span style=\"font-family: Times New Roman,serif\"><span style=\"font-size: small\">365 d\u00edas al a\u00f1o<\/span><\/span><\/p>\n<p><span style=\"font-family: Times New Roman,serif\"><span style=\"font-size: small\"><strong>CARACTER\u00cdSTICAS<\/strong><\/span><\/span><\/p>\n<p><span style=\"font-family: Times New Roman,serif\"><span style=\"font-size: small\">Venta de todo tipo de antig\u00fcedades que van desde monedas antiguas hasta pianos, despulpadoras de caf\u00e9, r\u00e9plicas de piezas arqueol\u00f3gicas, etc.<\/span><\/span><\/p>\n<p><span style=\"font-family: Times New Roman,serif\"><span style=\"font-size: small\"><br \/>\n<\/span><\/span><\/p>\n<p><span style=\"font-family: Times New Roman,serif\"><span style=\"font-size: small\"><strong>NOMBRE DEL ATRACTIVO: <\/strong><\/span><\/span><span style=\"font-family: Times New Roman,serif\"><span style=\"font-size: small\">Cascada Marylan<\/span><\/span><\/p>\n<p><span style=\"font-family: Times New Roman,serif\"><span style=\"font-size: small\"><strong>COMUNIDAD: <\/strong><\/span><\/span><span style=\"font-family: Times New Roman,serif\"><span style=\"font-size: small\">Agualan<\/span><\/span><\/p>\n<p><span style=\"font-family: Times New Roman,serif\"><span style=\"font-size: small\"><strong>PARROQUIA: <\/strong><\/span><\/span><span style=\"font-family: Times New Roman,serif\"><span style=\"font-size: small\">Pedro Pablo G\u00f3mez<\/span><\/span><\/p>\n<p><span style=\"font-family: Times New Roman,serif\"><span style=\"font-size: small\"><strong>COORDENADAS GPS: <\/strong><\/span><\/span><span style=\"font-family: Times New Roman,serif\"><span style=\"font-size: small\">N0549889 E9816238<\/span><\/span><\/p>\n<p><span style=\"font-family: Times New Roman,serif\"><span style=\"font-size: small\"><strong>ALTITUD: <\/strong><\/span><\/span><span style=\"font-family: Times New Roman,serif\"><span style=\"font-size: small\">421 msnm<\/span><\/span><\/p>\n<p><span style=\"font-family: Times New Roman,serif\"><span style=\"font-size: small\"><strong>DISTANCIA: <\/strong><\/span><\/span><span style=\"font-family: Times New Roman,serif\"><span style=\"font-size: small\">8 km desde el Centro de Pedro Pablo G\u00f3mez<\/span><\/span><\/p>\n<p><span style=\"font-family: Times New Roman,serif\"><span style=\"font-size: small\"><strong>TEMPORALIDAD DE ACCESO <\/strong><\/span><\/span><span style=\"font-family: Times New Roman,serif\"><span style=\"font-size: small\">365 d\u00edas al a\u00f1o<\/span><\/span><\/p>\n<p><span style=\"font-family: Times New Roman,serif\"><span style=\"font-size: small\"><strong>ESTACIONALIDAD <\/strong><\/span><\/span><span style=\"font-family: Times New Roman,serif\"><span style=\"font-size: small\">Enero a Septiembre<\/span><\/span><\/p>\n<p><span style=\"font-family: Times New Roman,serif\"><span style=\"font-size: small\"><strong>CARACTER\u00cdSTICAS<\/strong><\/span><\/span><\/p>\n<p><span style=\"font-family: Times New Roman,serif\"><span style=\"font-size: small\">Ca\u00edda de agua formada por tres niveles, tiene una altura aproximada de 60 m, en cada nivel se forman pozas donde se puede realizar nataci\u00f3n. En el trayecto se pueden observa diversas formaciones rocosas a lo largo del cauce del r\u00edo.<\/span><\/span><\/p>\n<p><span style=\"font-family: Times New Roman,serif\"><span style=\"font-size: small\"><strong>CONTACTO: <\/strong><\/span><\/span><span style=\"font-family: Times New Roman,serif\"><span style=\"font-size: small\">Hilda Villac\u00eds (Aso. de Emprendedores \u201c24 de Octubre\u201d)<\/span><\/span><\/p>\n<p><span style=\"font-family: Times New Roman,serif\"><span style=\"font-size: small\"><strong>Cel. <\/strong><\/span><\/span><span style=\"font-family: Times New Roman,serif\"><span style=\"font-size: small\">097261783<\/span><\/span><\/p>\n<p><a href=\"http:\/\/www.flickr.com\/photos\/55531699@N02\/5147781632\/\" title=\"sombrero por dmenendezmacias34, en Flickr\"><img loading=\"lazy\" decoding=\"async\" src=\"http:\/\/farm2.static.flickr.com\/1085\/5147781632_249a6b92e4.jpg\" width=\"375\" height=\"500\" alt=\"sombrero\" \/><\/a><\/p>\n<p><a href=\"http:\/\/www.flickr.com\/photos\/55531699@N02\/5147202213\/\" title=\"ba\u00f1os por dmenendezmacias34, en Flickr\"><img loading=\"lazy\" decoding=\"async\" src=\"http:\/\/farm2.static.flickr.com\/1051\/5147202213_eb1fdfbf3e.jpg\" width=\"400\" height=\"300\" alt=\"ba\u00f1os\" \/><\/a><\/p>\n<p><a href=\"http:\/\/www.flickr.com\/photos\/55531699@N02\/5147202219\/\" title=\"leika-copia por dmenendezmacias34, en Flickr\"><img loading=\"lazy\" decoding=\"async\" src=\"http:\/\/farm2.static.flickr.com\/1429\/5147202219_a3ac18ae17.jpg\" width=\"400\" height=\"266\" alt=\"leika-copia\" \/><\/a><\/p>\n","protected":false},"excerpt":{"rendered":"<p>NOMBRE DEL ATRACTIVO: Pozos de Agua Azufrada COMUNIDAD: Joa PARROQUIA: Jipijapa COORDENADAS GPS: N0541393 E9848210 ALTITUD: 193 msnm DISTANCIA: 6,49 km desde el centro de Jipijapa TEMPORALIDAD DE ACCESO 365 d\u00edas al a\u00f1o ESTACIONALIDAD 365 d\u00edas al a\u00f1o CARACTER\u00cdSTICAS Se cree que el agua tiene caracter\u00edsticas de azufradas y de origen volc\u00e1nico que poseen propiedades [&hellip;]<\/p>\n","protected":false},"author":5285,"featured_media":0,"parent":0,"menu_order":0,"comment_status":"open","ping_status":"open","template":"","meta":{"footnotes":""},"class_list":["post-28","page","type-page","status-publish","hentry"],"_links":{"self":[{"href":"https:\/\/blog.espol.edu.ec\/diegomenendez\/wp-json\/wp\/v2\/pages\/28","targetHints":{"allow":["GET"]}}],"collection":[{"href":"https:\/\/blog.espol.edu.ec\/diegomenendez\/wp-json\/wp\/v2\/pages"}],"about":[{"href":"https:\/\/blog.espol.edu.ec\/diegomenendez\/wp-json\/wp\/v2\/types\/page"}],"author":[{"embeddable":true,"href":"https:\/\/blog.espol.edu.ec\/diegomenendez\/wp-json\/wp\/v2\/users\/5285"}],"replies":[{"embeddable":true,"href":"https:\/\/blog.espol.edu.ec\/diegomenendez\/wp-json\/wp\/v2\/comments?post=28"}],"version-history":[{"count":5,"href":"https:\/\/blog.espol.edu.ec\/diegomenendez\/wp-json\/wp\/v2\/pages\/28\/revisions"}],"predecessor-version":[{"id":31,"href":"https:\/\/blog.espol.edu.ec\/diegomenendez\/wp-json\/wp\/v2\/pages\/28\/revisions\/31"}],"wp:attachment":[{"href":"https:\/\/blog.espol.edu.ec\/diegomenendez\/wp-json\/wp\/v2\/media?parent=28"}],"curies":[{"name":"wp","href":"https:\/\/api.w.org\/{rel}","templated":true}]}}