{"id":14,"date":"2012-10-17T13:36:59","date_gmt":"2012-10-17T13:36:59","guid":{"rendered":"http:\/\/blog.espol.edu.ec\/diliastu\/?page_id=14"},"modified":"2012-10-17T13:36:59","modified_gmt":"2012-10-17T13:36:59","slug":"esta-es-mi-primera-pagina","status":"publish","type":"page","link":"https:\/\/blog.espol.edu.ec\/diliastu\/esta-es-mi-primera-pagina\/","title":{"rendered":"Esta es mi primera pagina"},"content":{"rendered":"<p>Esta es mi primera p\u00e1gina, tengo que escribir tres p\u00e1ginas o sino el profesor me bajar\u00e1 mi calificaci\u00f3n<\/p>\n","protected":false},"excerpt":{"rendered":"<p>Esta es mi primera p\u00e1gina, tengo que escribir tres p\u00e1ginas o sino el profesor me bajar\u00e1 mi calificaci\u00f3n<\/p>\n","protected":false},"author":8123,"featured_media":0,"parent":0,"menu_order":0,"comment_status":"open","ping_status":"open","template":"","meta":{"footnotes":""},"class_list":["post-14","page","type-page","status-publish","hentry"],"_links":{"self":[{"href":"https:\/\/blog.espol.edu.ec\/diliastu\/wp-json\/wp\/v2\/pages\/14","targetHints":{"allow":["GET"]}}],"collection":[{"href":"https:\/\/blog.espol.edu.ec\/diliastu\/wp-json\/wp\/v2\/pages"}],"about":[{"href":"https:\/\/blog.espol.edu.ec\/diliastu\/wp-json\/wp\/v2\/types\/page"}],"author":[{"embeddable":true,"href":"https:\/\/blog.espol.edu.ec\/diliastu\/wp-json\/wp\/v2\/users\/8123"}],"replies":[{"embeddable":true,"href":"https:\/\/blog.espol.edu.ec\/diliastu\/wp-json\/wp\/v2\/comments?post=14"}],"version-history":[{"count":1,"href":"https:\/\/blog.espol.edu.ec\/diliastu\/wp-json\/wp\/v2\/pages\/14\/revisions"}],"predecessor-version":[{"id":15,"href":"https:\/\/blog.espol.edu.ec\/diliastu\/wp-json\/wp\/v2\/pages\/14\/revisions\/15"}],"wp:attachment":[{"href":"https:\/\/blog.espol.edu.ec\/diliastu\/wp-json\/wp\/v2\/media?parent=14"}],"curies":[{"name":"wp","href":"https:\/\/api.w.org\/{rel}","templated":true}]}}