{"id":2,"date":"2010-11-23T23:01:51","date_gmt":"2010-11-23T23:01:51","guid":{"rendered":""},"modified":"2011-09-08T21:16:56","modified_gmt":"2011-09-08T21:16:56","slug":"about","status":"publish","type":"page","link":"https:\/\/blog.espol.edu.ec\/diojeda\/about\/","title":{"rendered":"Acerca..."},"content":{"rendered":"<div><a title=\"M\u00e1s de 120 chicos de Proyecto Salesiano \u2018Chicos de la Calle\u2019 fueron beneficiados con las Brigadas M\u00e9dicas de la Prefectura\" href=\"http:\/\/www.guayas.gob.ec\/noticias\/mas-de-120-chicos-de-proyecto-salesiano-chicos-de-la-calle-fueron-beneficiados-con-las-brigadas-medicas-de-la-prefectura\">M\u00e1s de 120 chicos de Proyecto Salesiano \u2018Chicos de la Calle\u2019 fueron beneficiados con las Brigadas M\u00e9dicas de la Prefectura<\/a><\/div>\n<p><a href=\"http:\/\/www.guayas.gob.ec\/noticias\/mas-de-120-chicos-de-proyecto-salesiano-chicos-de-la-calle-fueron-beneficiados-con-las-brigadas-medicas-de-la-prefectura\"><img decoding=\"async\" title=\"M\u00e1s de 120 chicos de Proyecto Salesiano \u2018Chicos de la Calle\u2019 fueron beneficiados con las Brigadas M\u00e9dicas de la Prefectura\" src=\"http:\/\/www.guayas.gob.ec\/images\/stories\/noticias\/2011\/2011-septiembre\/2011-09-08-proyecto-salesiano-chicos-calle-b789-f1.jpg\" border=\"0\" alt=\"M\u00e1s de 120 chicos de Proyecto Salesiano \u2018Chicos de la Calle\u2019 fueron beneficiados con las Brigadas M\u00e9dicas de la Prefectura\" height=\"60\" \/><\/a><\/p>\n<div>Los peque\u00f1os recibieron atenci\u00f3n y medicina gratuita. Las instalaciones tambi\u00e9n fueron fumigadas. Los 28 chicos del Centro Padre Antonio Amador, ubicado en el kil\u00f3metro 10,5 de la V\u00eda \u00a0a Daule<\/div>\n","protected":false},"excerpt":{"rendered":"<p>M\u00e1s de 120 chicos de Proyecto Salesiano \u2018Chicos de la Calle\u2019 fueron beneficiados con las Brigadas M\u00e9dicas de la Prefectura Los peque\u00f1os recibieron atenci\u00f3n y medicina gratuita. Las instalaciones tambi\u00e9n fueron fumigadas. Los 28 chicos del Centro Padre Antonio Amador, ubicado en el kil\u00f3metro 10,5 de la V\u00eda \u00a0a Daule<\/p>\n","protected":false},"author":5573,"featured_media":0,"parent":0,"menu_order":0,"comment_status":"open","ping_status":"open","template":"","meta":{"footnotes":""},"class_list":["post-2","page","type-page","status-publish","hentry"],"_links":{"self":[{"href":"https:\/\/blog.espol.edu.ec\/diojeda\/wp-json\/wp\/v2\/pages\/2","targetHints":{"allow":["GET"]}}],"collection":[{"href":"https:\/\/blog.espol.edu.ec\/diojeda\/wp-json\/wp\/v2\/pages"}],"about":[{"href":"https:\/\/blog.espol.edu.ec\/diojeda\/wp-json\/wp\/v2\/types\/page"}],"author":[{"embeddable":true,"href":"https:\/\/blog.espol.edu.ec\/diojeda\/wp-json\/wp\/v2\/users\/5573"}],"replies":[{"embeddable":true,"href":"https:\/\/blog.espol.edu.ec\/diojeda\/wp-json\/wp\/v2\/comments?post=2"}],"version-history":[{"count":2,"href":"https:\/\/blog.espol.edu.ec\/diojeda\/wp-json\/wp\/v2\/pages\/2\/revisions"}],"predecessor-version":[{"id":16,"href":"https:\/\/blog.espol.edu.ec\/diojeda\/wp-json\/wp\/v2\/pages\/2\/revisions\/16"}],"wp:attachment":[{"href":"https:\/\/blog.espol.edu.ec\/diojeda\/wp-json\/wp\/v2\/media?parent=2"}],"curies":[{"name":"wp","href":"https:\/\/api.w.org\/{rel}","templated":true}]}}