{"id":6,"date":"2013-11-05T18:45:01","date_gmt":"2013-11-05T18:45:01","guid":{"rendered":"http:\/\/blog.espol.edu.ec\/djsuarez\/?page_id=6"},"modified":"2013-12-10T19:01:45","modified_gmt":"2013-12-10T19:01:45","slug":"mi-primera-pagina","status":"publish","type":"page","link":"https:\/\/blog.espol.edu.ec\/djsuarez\/mi-primera-pagina\/","title":{"rendered":"Canciones"},"content":{"rendered":"<p>Has cambiado mi lamento en baile; desataste mi cilicio y me ce\u00f1iste de alegr\u00eda. Por tanto, a t\u00ed cantar\u00e9, gloria m\u00eda, y no estar\u00e9 callado. Jehov\u00e1 Dios mio, te alabar\u00e9 para siempre.<br \/>\nSalmos 30:11-12<\/p>\n<p>Coros que se entonaron el domingo 8 de Diciembre:<br \/>\n<iframe loading=\"lazy\" src=\"http:\/\/www.slideshare.net\/slideshow\/embed_code\/29084778\" height=\"355\" width=\"425\" allowfullscreen=\"\" frameborder=\"0\"><\/iframe><\/p>\n<div style=\"margin-bottom: 5px\"><strong> <a title=\"COROS \" href=\"https:\/\/www.slideshare.net\/Diana_S_V\/coros-29084778\" target=\"_blank\">COROS <\/a> <\/strong> from <strong><a href=\"http:\/\/www.slideshare.net\/Diana_S_V\" target=\"_blank\">Diana_S_V<\/a><\/strong><\/div>\n<p><a title=\"HILLSONG\" href=\"https:\/\/hillsong.com\/es\/\" target=\"_blank\">Hillsong<\/a><\/p>\n<p><iframe loading=\"lazy\" src=\"http:\/\/www.slideshare.net\/slideshow\/embed_code\/28532740\" height=\"356\" width=\"427\" allowfullscreen=\"\" frameborder=\"0\"><\/iframe><\/p>\n<div style=\"margin-bottom: 5px\"><strong> <a title=\"Eres mi fortaleza\" href=\"https:\/\/www.slideshare.net\/Diana_S_V\/eres-mi-fortaleza\" target=\"_blank\">Eres mi fortaleza<\/a> <\/strong> from <strong><a href=\"http:\/\/www.slideshare.net\/Diana_S_V\" target=\"_blank\">Diana_S_V<\/a><\/strong><\/div>\n<p>http:\/\/www.youtube.com\/watch?v=xPw6itScmcc<\/p>\n<p>&nbsp;<\/p>\n<p>&nbsp;<\/p>\n<p>&nbsp;<\/p>\n<p><iframe loading=\"lazy\" title=\"La ni\u00f1a de tus ojos  Jesus Adrian Romero\" width=\"500\" height=\"375\" src=\"https:\/\/www.youtube.com\/embed\/x8lEXdbOp80?feature=oembed\" frameborder=\"0\" allow=\"accelerometer; autoplay; clipboard-write; encrypted-media; gyroscope; picture-in-picture; web-share\" referrerpolicy=\"strict-origin-when-cross-origin\" allowfullscreen><\/iframe><br \/>\n<iframe loading=\"lazy\" src=\"http:\/\/www.slideshare.net\/slideshow\/embed_code\/28305294\" height=\"400\" width=\"476\" frameborder=\"0\"><\/iframe><\/p>\n<p>Jes\u00fas Adrian Romero<\/p>\n","protected":false},"excerpt":{"rendered":"<p>Has cambiado mi lamento en baile; desataste mi cilicio y me ce\u00f1iste de alegr\u00eda. Por tanto, a t\u00ed cantar\u00e9, gloria m\u00eda, y no estar\u00e9 callado. Jehov\u00e1 Dios mio, te alabar\u00e9 para siempre. Salmos 30:11-12 Coros que se entonaron el domingo 8 de Diciembre: COROS from Diana_S_V Hillsong Eres mi fortaleza from Diana_S_V http:\/\/www.youtube.com\/watch?v=xPw6itScmcc &nbsp; &nbsp; [&hellip;]<\/p>\n","protected":false},"author":8881,"featured_media":0,"parent":0,"menu_order":0,"comment_status":"open","ping_status":"open","template":"","meta":{"footnotes":""},"class_list":["post-6","page","type-page","status-publish","hentry"],"_links":{"self":[{"href":"https:\/\/blog.espol.edu.ec\/djsuarez\/wp-json\/wp\/v2\/pages\/6","targetHints":{"allow":["GET"]}}],"collection":[{"href":"https:\/\/blog.espol.edu.ec\/djsuarez\/wp-json\/wp\/v2\/pages"}],"about":[{"href":"https:\/\/blog.espol.edu.ec\/djsuarez\/wp-json\/wp\/v2\/types\/page"}],"author":[{"embeddable":true,"href":"https:\/\/blog.espol.edu.ec\/djsuarez\/wp-json\/wp\/v2\/users\/8881"}],"replies":[{"embeddable":true,"href":"https:\/\/blog.espol.edu.ec\/djsuarez\/wp-json\/wp\/v2\/comments?post=6"}],"version-history":[{"count":12,"href":"https:\/\/blog.espol.edu.ec\/djsuarez\/wp-json\/wp\/v2\/pages\/6\/revisions"}],"predecessor-version":[{"id":96,"href":"https:\/\/blog.espol.edu.ec\/djsuarez\/wp-json\/wp\/v2\/pages\/6\/revisions\/96"}],"wp:attachment":[{"href":"https:\/\/blog.espol.edu.ec\/djsuarez\/wp-json\/wp\/v2\/media?parent=6"}],"curies":[{"name":"wp","href":"https:\/\/api.w.org\/{rel}","templated":true}]}}