{"id":101,"date":"2016-06-01T21:42:44","date_gmt":"2016-06-01T21:42:44","guid":{"rendered":"http:\/\/blog.espol.edu.ec\/dkperez\/?page_id=101"},"modified":"2016-06-01T22:49:20","modified_gmt":"2016-06-01T22:49:20","slug":"franky","status":"publish","type":"page","link":"https:\/\/blog.espol.edu.ec\/dkperez\/franky\/","title":{"rendered":"Franky"},"content":{"rendered":"<p>Franky cuyo verdadero nombre es Cutty Flam, es un cyborg (mitad androide, mitad humano) quien era el l\u00edder de la Franky Family, un grupo de desmanteladores de Water 7 que hacen a la vez el trabajo de cazadores de recompensas.<\/p>\n<p>Tras los eventos de Dressrosa cuenta con una recompensa de <a class=\"image image-thumbnail link-internal\" title=\"Beli\" href=\"http:\/\/es.onepiece.wikia.com\/wiki\/Beli\"><img loading=\"lazy\" decoding=\"async\" class=\"lzyPlcHld  lzyTrns lzyLoaded lzyLoaded\" src=\"http:\/\/vignette2.wikia.nocookie.net\/onepiece\/images\/5\/5d\/Berrysymbol.gif\/revision\/latest?cb=20100328172401&amp;path-prefix=es\" alt=\"Beli\" width=\"12\" height=\"20\" \/><\/a>94.000.000.<\/p>\n<p>Es el octavo miembro de la tripulaci\u00f3n de Luffy tomando el puesto de carpintero. Franky naci\u00f3 en el South Blue. Su sue\u00f1o es construir una nave que sea capaz de viajar por todo el mundo. Ya construy\u00f3 esta nave, el Thousand Sunny, y ahora debe verificar que navegue por todo el mundo (como alguna vez lo hizo el Oro Jackson, el barco de Gol D. Roger) y vigilar sus fallos y repararlos<\/p>\n<form id=\"vozme_form_2831583386950e7850074957d62ea22d\" method=\"post\" name=\"vozme_form_2831583386950e7850074957d62ea22d\" target=\"2831583386950e7850074957d62ea22d\" action=\"http:\/\/vozme.com\/text2voice.php\"><input name=\"text\" type=\"hidden\" value=\"Franky. Franky cuyo verdadero nombre es Cutty Flam, es un cyborg (mitad androide, mitad humano) quien era el l\u00edder de la Franky Family, un grupo de desmanteladores de Water 7 que hacen a la vez el trabajo de cazadores de recompensas.\nTras los eventos de Dressrosa cuenta con una recompensa de 94.000.000.\nEs el octavo miembro de la tripulaci\u00f3n de Luffy tomando el puesto de carpintero. Franky naci\u00f3 en el South Blue. Su sue\u00f1o es construir una nave que sea capaz de viajar por todo el mundo. Ya construy\u00f3 esta nave, el Thousand Sunny, y ahora debe verificar que navegue por todo el mundo (como alguna vez lo hizo el Oro Jackson, el barco de Gol D. Roger) y vigilar sus fallos y repararlos\n\" \/><input name=\"lang\" type=\"hidden\" value=\"es\" \/><input name=\"gn\" type=\"hidden\" value=\"fm\" \/><input type=\"hidden\" id=\"interface\" name=\"interface\" value=\"full\" \/>\n\t\t\t<div style=\"text-align:left;\">\n\t\t\t\n\t\t\t\t<input style=\"float:left;\" type=\"image\" width=\"32\" height=\"32\" src=\"http:\/\/blog.espol.edu.ec\/dkperez\/wp-content\/plugins\/vozme\/img\/paper_sound32x32.gif\" alt=\"Escucha este post\" onclick=\"window.open('', '2831583386950e7850074957d62ea22d', 'width=600,height=370,scrollbars=yes,location=yes,menubar=yes,resizable=yes,status=yes,toolbar=yes');\">\n\t\t\t\t<div style=\"margin-left:40px; text-align:left;\"><a style=\"font-size:12px;\" href=\"javascript:void(0);\" onclick=\"window.open('', '2831583386950e7850074957d62ea22d', 'width=600,height=370,scrollbars=yes,location=yes,menubar=yes,resizable=yes,status=yes,toolbar=yes'); document.getElementById('vozme_form_2831583386950e7850074957d62ea22d').submit();\">Escucha<br\/>este post<\/a><\/div>\n\t\t\t<\/div><\/form>","protected":false},"excerpt":{"rendered":"<p>Franky cuyo verdadero nombre es Cutty Flam, es un cyborg (mitad androide, mitad humano) quien era el l\u00edder de la Franky Family, un grupo de desmanteladores de Water 7 que hacen a la vez el trabajo de cazadores de recompensas. Tras los eventos de Dressrosa cuenta con una recompensa de 94.000.000. Es el octavo miembro [&hellip;]<\/p>\n","protected":false},"author":10402,"featured_media":0,"parent":0,"menu_order":0,"comment_status":"closed","ping_status":"closed","template":"","meta":{"footnotes":""},"class_list":["post-101","page","type-page","status-publish","hentry"],"_links":{"self":[{"href":"https:\/\/blog.espol.edu.ec\/dkperez\/wp-json\/wp\/v2\/pages\/101","targetHints":{"allow":["GET"]}}],"collection":[{"href":"https:\/\/blog.espol.edu.ec\/dkperez\/wp-json\/wp\/v2\/pages"}],"about":[{"href":"https:\/\/blog.espol.edu.ec\/dkperez\/wp-json\/wp\/v2\/types\/page"}],"author":[{"embeddable":true,"href":"https:\/\/blog.espol.edu.ec\/dkperez\/wp-json\/wp\/v2\/users\/10402"}],"replies":[{"embeddable":true,"href":"https:\/\/blog.espol.edu.ec\/dkperez\/wp-json\/wp\/v2\/comments?post=101"}],"version-history":[{"count":3,"href":"https:\/\/blog.espol.edu.ec\/dkperez\/wp-json\/wp\/v2\/pages\/101\/revisions"}],"predecessor-version":[{"id":146,"href":"https:\/\/blog.espol.edu.ec\/dkperez\/wp-json\/wp\/v2\/pages\/101\/revisions\/146"}],"wp:attachment":[{"href":"https:\/\/blog.espol.edu.ec\/dkperez\/wp-json\/wp\/v2\/media?parent=101"}],"curies":[{"name":"wp","href":"https:\/\/api.w.org\/{rel}","templated":true}]}}