{"id":103,"date":"2016-06-01T21:43:46","date_gmt":"2016-06-01T21:43:46","guid":{"rendered":"http:\/\/blog.espol.edu.ec\/dkperez\/?page_id=103"},"modified":"2016-06-01T22:47:43","modified_gmt":"2016-06-01T22:47:43","slug":"brook","status":"publish","type":"page","link":"https:\/\/blog.espol.edu.ec\/dkperez\/brook\/","title":{"rendered":"Brook"},"content":{"rendered":"<p>Brook es el m\u00fasico de los Piratas de Sombrero de Paja. Es un esqueleto viviente que encontraron en un barco fantasma solo, porque hab\u00edan envenenado a toda su anterior tripulaci\u00f3n. Es el consumidor de una Fruta del Diablo, m\u00e1s concretamente la Fruta Yomi Yomi, y ahora es un no-muerto tra\u00eddo de vuelta al mundo de los vivos como un pseudo-inmortal, debido a sus poderes. Es el noveno miembro de la banda y el octavo en aceptar unirse a la banda de Luffy. Es, adem\u00e1s, el segundo espadach\u00edn del grupo, (el primero viene siendo Zoro) aunque se diferencia del primero en que \u00e9l est\u00e1 especializado en el arte de la esgrima. Tambi\u00e9n es el m\u00fasico del barco, por el que Luffy llevaba esperando tan ansiosamente desde el comienzo de su aventura.<\/p>\n<p>Al principio de su historia como pirata form\u00f3 parte de los Piratas Rumbar, llegando incluso a ser seleccionado como capit\u00e1n por parte de lo que quedaba de la tripulaci\u00f3n original despu\u00e9s de que el anterior portador de ese cargo cayese enfermo junto a otros tripulantes. Brook es particularmente el m\u00e1s cercano a Laboon y carga consigo la \u00faltima canci\u00f3n que comparti\u00f3 con su antigua tripulaci\u00f3n, grabada en un Tone Dial, antes de que todos murieran, para ser entregada a la ballena que consideraban parte de la misma banda pirata. Antes de eso, fue el l\u00edder de un convoy de batalla en una isla, hasta el momento, desconocida.<\/p>\n<form id=\"vozme_form_42b77bf634672da4c308383efffa793a\" method=\"post\" name=\"vozme_form_42b77bf634672da4c308383efffa793a\" target=\"42b77bf634672da4c308383efffa793a\" action=\"http:\/\/vozme.com\/text2voice.php\"><input name=\"text\" type=\"hidden\" value=\"Brook. Brook es el m\u00fasico de los Piratas de Sombrero de Paja. Es un esqueleto viviente que encontraron en un barco fantasma solo, porque hab\u00edan envenenado a toda su anterior tripulaci\u00f3n. Es el consumidor de una Fruta del Diablo, m\u00e1s concretamente la Fruta Yomi Yomi, y ahora es un no-muerto tra\u00eddo de vuelta al mundo de los vivos como un pseudo-inmortal, debido a sus poderes. Es el noveno miembro de la banda y el octavo en aceptar unirse a la banda de Luffy. Es, adem\u00e1s, el segundo espadach\u00edn del grupo, (el primero viene siendo Zoro) aunque se diferencia del primero en que \u00e9l est\u00e1 especializado en el arte de la esgrima. Tambi\u00e9n es el m\u00fasico del barco, por el que Luffy llevaba esperando tan ansiosamente desde el comienzo de su aventura.\nAl principio de su historia como pirata form\u00f3 parte de los Piratas Rumbar, llegando incluso a ser seleccionado como capit\u00e1n por parte de lo que quedaba de la tripulaci\u00f3n original despu\u00e9s de que el anterior portador de ese cargo cayese enfermo junto a otros tripulantes. Brook es particularmente el m\u00e1s cercano a Laboon y carga consigo la \u00faltima canci\u00f3n que comparti\u00f3 con su antigua tripulaci\u00f3n, grabada en un Tone Dial, antes de que todos murieran, para ser entregada a la ballena que consideraban parte de la misma banda pirata. Antes de eso, fue el l\u00edder de un convoy de batalla en una isla, hasta el momento, desconocida.\n\" \/><input name=\"lang\" type=\"hidden\" value=\"es\" \/><input name=\"gn\" type=\"hidden\" value=\"fm\" \/><input type=\"hidden\" id=\"interface\" name=\"interface\" value=\"full\" \/>\n\t\t\t<div style=\"text-align:left;\">\n\t\t\t\n\t\t\t\t<input style=\"float:left;\" type=\"image\" width=\"32\" height=\"32\" src=\"http:\/\/blog.espol.edu.ec\/dkperez\/wp-content\/plugins\/vozme\/img\/paper_sound32x32.gif\" alt=\"Escucha este post\" onclick=\"window.open('', '42b77bf634672da4c308383efffa793a', 'width=600,height=370,scrollbars=yes,location=yes,menubar=yes,resizable=yes,status=yes,toolbar=yes');\">\n\t\t\t\t<div style=\"margin-left:40px; text-align:left;\"><a style=\"font-size:12px;\" href=\"javascript:void(0);\" onclick=\"window.open('', '42b77bf634672da4c308383efffa793a', 'width=600,height=370,scrollbars=yes,location=yes,menubar=yes,resizable=yes,status=yes,toolbar=yes'); document.getElementById('vozme_form_42b77bf634672da4c308383efffa793a').submit();\">Escucha<br\/>este post<\/a><\/div>\n\t\t\t<\/div><\/form>","protected":false},"excerpt":{"rendered":"<p>Brook es el m\u00fasico de los Piratas de Sombrero de Paja. Es un esqueleto viviente que encontraron en un barco fantasma solo, porque hab\u00edan envenenado a toda su anterior tripulaci\u00f3n. Es el consumidor de una Fruta del Diablo, m\u00e1s concretamente la Fruta Yomi Yomi, y ahora es un no-muerto tra\u00eddo de vuelta al mundo de [&hellip;]<\/p>\n","protected":false},"author":10402,"featured_media":0,"parent":0,"menu_order":0,"comment_status":"closed","ping_status":"closed","template":"","meta":{"footnotes":""},"class_list":["post-103","page","type-page","status-publish","hentry"],"_links":{"self":[{"href":"https:\/\/blog.espol.edu.ec\/dkperez\/wp-json\/wp\/v2\/pages\/103","targetHints":{"allow":["GET"]}}],"collection":[{"href":"https:\/\/blog.espol.edu.ec\/dkperez\/wp-json\/wp\/v2\/pages"}],"about":[{"href":"https:\/\/blog.espol.edu.ec\/dkperez\/wp-json\/wp\/v2\/types\/page"}],"author":[{"embeddable":true,"href":"https:\/\/blog.espol.edu.ec\/dkperez\/wp-json\/wp\/v2\/users\/10402"}],"replies":[{"embeddable":true,"href":"https:\/\/blog.espol.edu.ec\/dkperez\/wp-json\/wp\/v2\/comments?post=103"}],"version-history":[{"count":3,"href":"https:\/\/blog.espol.edu.ec\/dkperez\/wp-json\/wp\/v2\/pages\/103\/revisions"}],"predecessor-version":[{"id":144,"href":"https:\/\/blog.espol.edu.ec\/dkperez\/wp-json\/wp\/v2\/pages\/103\/revisions\/144"}],"wp:attachment":[{"href":"https:\/\/blog.espol.edu.ec\/dkperez\/wp-json\/wp\/v2\/media?parent=103"}],"curies":[{"name":"wp","href":"https:\/\/api.w.org\/{rel}","templated":true}]}}