{"id":66,"date":"2016-06-01T06:12:05","date_gmt":"2016-06-01T06:12:05","guid":{"rendered":"http:\/\/blog.espol.edu.ec\/dkperez\/?page_id=66"},"modified":"2016-06-01T06:21:34","modified_gmt":"2016-06-01T06:21:34","slug":"muginfo","status":"publish","type":"page","link":"https:\/\/blog.espol.edu.ec\/dkperez\/muginfo\/","title":{"rendered":"MugInfo!"},"content":{"rendered":"<p>\u00a1Hola, hola, holaaa!<\/p>\n<p>Soy Dan y para quienes no sepan sobre One Piece, pues aqu\u00ed les dejo alguna rese\u00f1a peque\u00f1ita y divertida para que no se aburran ;D<\/p>\n<p>One Piece es un manga japon\u00e9s creado por Eiichiro Oda (mi \u00eddolo*-*), que fue publicado por primera vez el 4 de agosto de 1997, para luego ser adaptado al anime el 20 de octubre de 1999.<\/p>\n<blockquote>\n<p style=\"text-align: left\">One Piece es una aventura de piratas. Narra la historia de un joven llamado Monkey D. Luffy, que comienza un viaje para alcanzar su sue\u00f1o, ser el Rey de los Piratas, para lo cual deber\u00e1 encontrar el tesoro One Piece que dej\u00f3 el\u00a0rey de los piratas, Gol D. Roger.<\/p>\n<p style=\"text-align: left\">Cuando Luffy ten\u00eda 7 a\u00f1os, comi\u00f3 accidentalmente la Mugi Mugi no Mi (una fruta del diablo), convirti\u00e9ndose en un hombre de goma, lo\u00a0que conllevo a su incapacidad\u00a0de nadar. Luffy\u00a0sale al mar a sus 17 a\u00f1os,\u00a0para convertirse en el Rey de los Piratas. Para ello necesitar\u00eda encontrar una tripulaci\u00f3n adecuada que lo acompa\u00f1ar\u00edan en su aventura. Dicho t\u00edtulo honor\u00edfico nacer\u00eda con la leyenda del pirata Gol D. Roger, conocido junto a su tripulaci\u00f3n como los \u00fanicos capaces de la haza\u00f1a de recorrer por completo la Grand Line 22 a\u00f1os antes del inicio del viaje de Luffy.<\/p>\n<p style=\"text-align: left\">Roger ser\u00eda ejecutado por el Gobierno Mundial, pero antes de morir, menciona la existencia de su gran tesoro, el One Piece, leg\u00e1ndoselo a aquel que lo encuentre primero. Su muerte da inicio a la Gran Era de los Piratas, lanzando a incontables piratas hacia la Grand Line (entre ellos, Luffy) en busca del tesoro perdido con la creencia de que aquel que lo consiga merecer\u00eda proclamarse como el Rey entre todos los piratas. En su viaje, Monkey D. Luffy derrotar\u00e1 a gran cantidad de adversarios. Adem\u00e1s, ir\u00e1 conociendo a otros personajes, quienes, algunos se unir\u00e1n a \u00e9l como miembros de su tripulaci\u00f3n mientras que otros le ayudar\u00e1n por un tiempo, transform\u00e1ndose en valiosas amistades.<\/p>\n<\/blockquote>\n<p>One Piece es uno de los mangas m\u00e1s extensos de la revista Shonen Jump (mi favorita*-*), y tambi\u00e9n, el m\u00e1s vendido en los \u00faltimos a\u00f1os. En el 2014 se lo consider\u00f3 el decimo anime m\u00e1s largo.<\/p>\n<p>A mi parecer, One Piece es uno de los mejores shonen que hay, tiene una trama muy interesante y c\u00f3mica, y sobre todo no hay tanto relleno ni love stories! Lo que la hace sumamente genial. Cabe recalcar que sigue en emisi\u00f3n y lo que Eiichiro nos ha dicho es que a\u00fan falta poco menos de la mitad. As\u00ed que.. \u00a1\u00a1Tenemos One Piece de largo!! *---* Solo espero no morir antes.. ;_;<\/p>\n<form id=\"vozme_form_d3e44c8dedd3c5dc9d70b30743954324\" method=\"post\" name=\"vozme_form_d3e44c8dedd3c5dc9d70b30743954324\" target=\"d3e44c8dedd3c5dc9d70b30743954324\" action=\"http:\/\/vozme.com\/text2voice.php\"><input name=\"text\" type=\"hidden\" value=\"MugInfo!. \u00a1Hola, hola, holaaa!\nSoy Dan y para quienes no sepan sobre One Piece, pues aqu\u00ed les dejo alguna rese\u00f1a peque\u00f1ita y divertida para que no se aburran ;D\nOne Piece es un manga japon\u00e9s creado por Eiichiro Oda (mi \u00eddolo*-*), que fue publicado por primera vez el 4 de agosto de 1997, para luego ser adaptado al anime el 20 de octubre de 1999.\n\nOne Piece es una aventura de piratas. Narra la historia de un joven llamado Monkey D. Luffy, que comienza un viaje para alcanzar su sue\u00f1o, ser el Rey de los Piratas, para lo cual deber\u00e1 encontrar el tesoro One Piece que dej\u00f3 el\u00a0rey de los piratas, Gol D. Roger.\nCuando Luffy ten\u00eda 7 a\u00f1os, comi\u00f3 accidentalmente la Mugi Mugi no Mi (una fruta del diablo), convirti\u00e9ndose en un hombre de goma, lo\u00a0que conllevo a su incapacidad\u00a0de nadar. Luffy\u00a0sale al mar a sus 17 a\u00f1os,\u00a0para convertirse en el Rey de los Piratas. Para ello necesitar\u00eda encontrar una tripulaci\u00f3n adecuada que lo acompa\u00f1ar\u00edan en su aventura. Dicho t\u00edtulo honor\u00edfico nacer\u00eda con la leyenda del pirata Gol D. Roger, conocido junto a su tripulaci\u00f3n como los \u00fanicos capaces de la haza\u00f1a de recorrer por completo la Grand Line 22 a\u00f1os antes del inicio del viaje de Luffy.\nRoger ser\u00eda ejecutado por el Gobierno Mundial, pero antes de morir, menciona la existencia de su gran tesoro, el One Piece, leg\u00e1ndoselo a aquel que lo encuentre primero. Su muerte da inicio a la Gran Era de los Piratas, lanzando a incontables piratas hacia la Grand Line (entre ellos, Luffy) en busca del tesoro perdido con la creencia de que aquel que lo consiga merecer\u00eda proclamarse como el Rey entre todos los piratas. En su viaje, Monkey D. Luffy derrotar\u00e1 a gran cantidad de adversarios. Adem\u00e1s, ir\u00e1 conociendo a otros personajes, quienes, algunos se unir\u00e1n a \u00e9l como miembros de su tripulaci\u00f3n mientras que otros le ayudar\u00e1n por un tiempo, transform\u00e1ndose en valiosas amistades.\n\nOne Piece es uno de los mangas m\u00e1s extensos de la revista Shonen Jump (mi favorita*-*), y tambi\u00e9n, el m\u00e1s vendido en los \u00faltimos a\u00f1os. En el 2014 se lo consider\u00f3 el decimo anime m\u00e1s largo.\nA mi parecer, One Piece es uno de los mejores shonen que hay, tiene una trama muy interesante y c\u00f3mica, y sobre todo no hay tanto relleno ni love stories! Lo que la hace sumamente genial. Cabe recalcar que sigue en emisi\u00f3n y lo que Eiichiro nos ha dicho es que a\u00fan falta poco menos de la mitad. As\u00ed que.. \u00a1\u00a1Tenemos One Piece de largo!! *---* Solo espero no morir antes.. ;_;\n\" \/><input name=\"lang\" type=\"hidden\" value=\"es\" \/><input name=\"gn\" type=\"hidden\" value=\"fm\" \/><input type=\"hidden\" id=\"interface\" name=\"interface\" value=\"full\" \/>\n\t\t\t<div style=\"text-align:left;\">\n\t\t\t\n\t\t\t\t<input style=\"float:left;\" type=\"image\" width=\"32\" height=\"32\" src=\"http:\/\/blog.espol.edu.ec\/dkperez\/wp-content\/plugins\/vozme\/img\/paper_sound32x32.gif\" alt=\"Escucha este post\" onclick=\"window.open('', 'd3e44c8dedd3c5dc9d70b30743954324', 'width=600,height=370,scrollbars=yes,location=yes,menubar=yes,resizable=yes,status=yes,toolbar=yes');\">\n\t\t\t\t<div style=\"margin-left:40px; text-align:left;\"><a style=\"font-size:12px;\" href=\"javascript:void(0);\" onclick=\"window.open('', 'd3e44c8dedd3c5dc9d70b30743954324', 'width=600,height=370,scrollbars=yes,location=yes,menubar=yes,resizable=yes,status=yes,toolbar=yes'); document.getElementById('vozme_form_d3e44c8dedd3c5dc9d70b30743954324').submit();\">Escucha<br\/>este post<\/a><\/div>\n\t\t\t<\/div><\/form>","protected":false},"excerpt":{"rendered":"<p>\u00a1Hola, hola, holaaa! Soy Dan y para quienes no sepan sobre One Piece, pues aqu\u00ed les dejo alguna rese\u00f1a peque\u00f1ita y divertida para que no se aburran ;D One Piece es un manga japon\u00e9s creado por Eiichiro Oda (mi \u00eddolo*-*), que fue publicado por primera vez el 4 de agosto de 1997, para luego ser [&hellip;]<\/p>\n","protected":false},"author":10402,"featured_media":67,"parent":0,"menu_order":0,"comment_status":"closed","ping_status":"closed","template":"","meta":{"footnotes":""},"class_list":["post-66","page","type-page","status-publish","has-post-thumbnail","hentry"],"_links":{"self":[{"href":"https:\/\/blog.espol.edu.ec\/dkperez\/wp-json\/wp\/v2\/pages\/66","targetHints":{"allow":["GET"]}}],"collection":[{"href":"https:\/\/blog.espol.edu.ec\/dkperez\/wp-json\/wp\/v2\/pages"}],"about":[{"href":"https:\/\/blog.espol.edu.ec\/dkperez\/wp-json\/wp\/v2\/types\/page"}],"author":[{"embeddable":true,"href":"https:\/\/blog.espol.edu.ec\/dkperez\/wp-json\/wp\/v2\/users\/10402"}],"replies":[{"embeddable":true,"href":"https:\/\/blog.espol.edu.ec\/dkperez\/wp-json\/wp\/v2\/comments?post=66"}],"version-history":[{"count":3,"href":"https:\/\/blog.espol.edu.ec\/dkperez\/wp-json\/wp\/v2\/pages\/66\/revisions"}],"predecessor-version":[{"id":72,"href":"https:\/\/blog.espol.edu.ec\/dkperez\/wp-json\/wp\/v2\/pages\/66\/revisions\/72"}],"wp:featuredmedia":[{"embeddable":true,"href":"https:\/\/blog.espol.edu.ec\/dkperez\/wp-json\/wp\/v2\/media\/67"}],"wp:attachment":[{"href":"https:\/\/blog.espol.edu.ec\/dkperez\/wp-json\/wp\/v2\/media?parent=66"}],"curies":[{"name":"wp","href":"https:\/\/api.w.org\/{rel}","templated":true}]}}