{"id":83,"date":"2016-06-01T21:30:16","date_gmt":"2016-06-01T21:30:16","guid":{"rendered":"http:\/\/blog.espol.edu.ec\/dkperez\/?page_id=83"},"modified":"2016-06-01T22:24:20","modified_gmt":"2016-06-01T22:24:20","slug":"monkey-d-luffy","status":"publish","type":"page","link":"https:\/\/blog.espol.edu.ec\/dkperez\/monkey-d-luffy\/","title":{"rendered":"Monkey D. Luffy"},"content":{"rendered":"<p>Monkey D. Luffy es el protagonista principal de la serie. Comi\u00f3 una Akuma n mi (fruta del diablo)\u00a0de tipo\u00a0Paramecia; lo\u00a0que le convirti\u00f3 en un hombre de goma. Adem\u00e1s de esto, posee varias habilidades que le hacen ser un pirata m\u00e1s que especial; un gran ejemplo de ello es la capacidad de usar el haki.<\/p>\n<p>Luffy pertenece a una familia plagada de personajes conocidos mundialmente: es hijo del l\u00edder del Ej\u00e9rcito Revolucionario y criminal m\u00e1s buscado del mundo, Monkey D. Dragon; nieto del h\u00e9roe de la Marine y anterior Vicealmirante Monkey D. Garp; y hermano adoptivo del conocido pirata Ace \"Pu\u00f1o de Fuego\" \u2015 antiguo comandante de la 2\u00aa Divisi\u00f3n de los Piratas de Barbablanca; as\u00ed como del Oficial General del Ej\u00e9rcito Revolucionario Sabo. Su objetivo en la vida es convertirse en el pr\u00f3ximo Rey de los Piratas, encontrar el legendario tesoro conocido como el \"One Piece\", que perteneci\u00f3 al anterior Rey de los Piratas Gol D. Roger, y conquistar el Nuevo Mundo liderando una tripulaci\u00f3n formada por grandes piratas.<\/p>\n<p>Luffy se ha ganado una enorme reputaci\u00f3n en todo el mundo por causar problemas, incluso entre los\u00a0Shichibukai, Marine y\u00a0Gobierno Mundial.<\/p>\n<p>Tambi\u00e9n es especialmente conocido por su conducta \"irresponsable\" e \"impulsiva\", as\u00ed como por tomar decisiones que normalmente son consideradas verdaderas locuras.\u00a0Esto ha causado que Luffy sea etiquetado por la Marina como la clase de pirata que causar\u00e1 graves problemas en un futuro pr\u00f3ximo.<\/p>\n<form id=\"vozme_form_04b2b55cfc368a9aab17da6e98e31a6c\" method=\"post\" name=\"vozme_form_04b2b55cfc368a9aab17da6e98e31a6c\" target=\"04b2b55cfc368a9aab17da6e98e31a6c\" action=\"http:\/\/vozme.com\/text2voice.php\"><input name=\"text\" type=\"hidden\" value=\"Monkey D. Luffy. Monkey D. Luffy es el protagonista principal de la serie. Comi\u00f3 una Akuma n mi (fruta del diablo)\u00a0de tipo\u00a0Paramecia; lo\u00a0que le convirti\u00f3 en un hombre de goma. Adem\u00e1s de esto, posee varias habilidades que le hacen ser un pirata m\u00e1s que especial; un gran ejemplo de ello es la capacidad de usar el haki.\nLuffy pertenece a una familia plagada de personajes conocidos mundialmente: es hijo del l\u00edder del Ej\u00e9rcito Revolucionario y criminal m\u00e1s buscado del mundo, Monkey D. Dragon; nieto del h\u00e9roe de la Marine y anterior Vicealmirante Monkey D. Garp; y hermano adoptivo del conocido pirata Ace &quot;Pu\u00f1o de Fuego&quot; \u2015 antiguo comandante de la 2\u00aa Divisi\u00f3n de los Piratas de Barbablanca; as\u00ed como del Oficial General del Ej\u00e9rcito Revolucionario Sabo. Su objetivo en la vida es convertirse en el pr\u00f3ximo Rey de los Piratas, encontrar el legendario tesoro conocido como el &quot;One Piece&quot;, que perteneci\u00f3 al anterior Rey de los Piratas Gol D. Roger, y conquistar el Nuevo Mundo liderando una tripulaci\u00f3n formada por grandes piratas.\nLuffy se ha ganado una enorme reputaci\u00f3n en todo el mundo por causar problemas, incluso entre los\u00a0Shichibukai, Marine y\u00a0Gobierno Mundial.\nTambi\u00e9n es especialmente conocido por su conducta &quot;irresponsable&quot; e &quot;impulsiva&quot;, as\u00ed como por tomar decisiones que normalmente son consideradas verdaderas locuras.\u00a0Esto ha causado que Luffy sea etiquetado por la Marina como la clase de pirata que causar\u00e1 graves problemas en un futuro pr\u00f3ximo.\n\" \/><input name=\"lang\" type=\"hidden\" value=\"es\" \/><input name=\"gn\" type=\"hidden\" value=\"fm\" \/><input type=\"hidden\" id=\"interface\" name=\"interface\" value=\"full\" \/>\n\t\t\t<div style=\"text-align:left;\">\n\t\t\t\n\t\t\t\t<input style=\"float:left;\" type=\"image\" width=\"32\" height=\"32\" src=\"http:\/\/blog.espol.edu.ec\/dkperez\/wp-content\/plugins\/vozme\/img\/paper_sound32x32.gif\" alt=\"Escucha este post\" onclick=\"window.open('', '04b2b55cfc368a9aab17da6e98e31a6c', 'width=600,height=370,scrollbars=yes,location=yes,menubar=yes,resizable=yes,status=yes,toolbar=yes');\">\n\t\t\t\t<div style=\"margin-left:40px; text-align:left;\"><a style=\"font-size:12px;\" href=\"javascript:void(0);\" onclick=\"window.open('', '04b2b55cfc368a9aab17da6e98e31a6c', 'width=600,height=370,scrollbars=yes,location=yes,menubar=yes,resizable=yes,status=yes,toolbar=yes'); document.getElementById('vozme_form_04b2b55cfc368a9aab17da6e98e31a6c').submit();\">Escucha<br\/>este post<\/a><\/div>\n\t\t\t<\/div><\/form>","protected":false},"excerpt":{"rendered":"<p>Monkey D. Luffy es el protagonista principal de la serie. Comi\u00f3 una Akuma n mi (fruta del diablo)\u00a0de tipo\u00a0Paramecia; lo\u00a0que le convirti\u00f3 en un hombre de goma. Adem\u00e1s de esto, posee varias habilidades que le hacen ser un pirata m\u00e1s que especial; un gran ejemplo de ello es la capacidad de usar el haki. Luffy [&hellip;]<\/p>\n","protected":false},"author":10402,"featured_media":0,"parent":0,"menu_order":0,"comment_status":"closed","ping_status":"closed","template":"","meta":{"footnotes":""},"class_list":["post-83","page","type-page","status-publish","hentry"],"_links":{"self":[{"href":"https:\/\/blog.espol.edu.ec\/dkperez\/wp-json\/wp\/v2\/pages\/83","targetHints":{"allow":["GET"]}}],"collection":[{"href":"https:\/\/blog.espol.edu.ec\/dkperez\/wp-json\/wp\/v2\/pages"}],"about":[{"href":"https:\/\/blog.espol.edu.ec\/dkperez\/wp-json\/wp\/v2\/types\/page"}],"author":[{"embeddable":true,"href":"https:\/\/blog.espol.edu.ec\/dkperez\/wp-json\/wp\/v2\/users\/10402"}],"replies":[{"embeddable":true,"href":"https:\/\/blog.espol.edu.ec\/dkperez\/wp-json\/wp\/v2\/comments?post=83"}],"version-history":[{"count":5,"href":"https:\/\/blog.espol.edu.ec\/dkperez\/wp-json\/wp\/v2\/pages\/83\/revisions"}],"predecessor-version":[{"id":130,"href":"https:\/\/blog.espol.edu.ec\/dkperez\/wp-json\/wp\/v2\/pages\/83\/revisions\/130"}],"wp:attachment":[{"href":"https:\/\/blog.espol.edu.ec\/dkperez\/wp-json\/wp\/v2\/media?parent=83"}],"curies":[{"name":"wp","href":"https:\/\/api.w.org\/{rel}","templated":true}]}}