{"id":89,"date":"2016-06-01T21:35:18","date_gmt":"2016-06-01T21:35:18","guid":{"rendered":"http:\/\/blog.espol.edu.ec\/dkperez\/?page_id=89"},"modified":"2016-06-01T22:27:37","modified_gmt":"2016-06-01T22:27:37","slug":"roronoa-zoro","status":"publish","type":"page","link":"https:\/\/blog.espol.edu.ec\/dkperez\/roronoa-zoro\/","title":{"rendered":"Roronoa Zoro"},"content":{"rendered":"<p>Roronoa Zoro\u00a0fue un famoso cazarrecompensas y actualmente es el espadach\u00edn de los Piratas del Sombrero de Paja y uno de los principales protagonistas de One Piece. Fue el primer miembro en unirse a los Piratas del Sombrero de Paja, y hasta la fecha es considerado la mayor amenaza y el miembro de la tripulaci\u00f3n m\u00e1s peligroso despu\u00e9s de su capit\u00e1n. Es famoso por ser un maestro de la espada, siendo usuario del estilo Sant\u014dry\u016b, y por su fuerza sobrehumana (Por ello, la gente tiende a creer que debe ser el capit\u00e1n). Es catalogado como miembro del \"Tr\u00edo Monstruoso\", ya que es uno de los tres luchadores mas fuertes en la tripulaci\u00f3n. Su sue\u00f1o es convertirse en el mejor espadach\u00edn del mundo. Zoro fue catalogado como uno de los once piratas a que se refieren como \"Los Once Supernovas\" en la d\u00e9cima posici\u00f3n con una recompensa de <a class=\"image image-thumbnail link-internal\" title=\"Beli\" href=\"http:\/\/es.onepiece.wikia.com\/wiki\/Beli\"><img loading=\"lazy\" decoding=\"async\" class=\"lzyPlcHld  lzyTrns lzyLoaded lzyLoaded\" src=\"http:\/\/vignette2.wikia.nocookie.net\/onepiece\/images\/5\/5d\/Berrysymbol.gif\/revision\/latest?cb=20100328172401&amp;path-prefix=es\" alt=\"Beli\" width=\"12\" height=\"20\" \/><\/a>120.000.000 sobre su cabeza. Actualmente su recompensa aument\u00f3 hasta alcanzar los <a class=\"image image-thumbnail link-internal\" title=\"Beli\" href=\"http:\/\/es.onepiece.wikia.com\/wiki\/Beli\"><img loading=\"lazy\" decoding=\"async\" class=\"lzyPlcHld  lzyTrns lzyLoaded lzyLoaded\" src=\"http:\/\/vignette2.wikia.nocookie.net\/onepiece\/images\/5\/5d\/Berrysymbol.gif\/revision\/latest?cb=20100328172401&amp;path-prefix=es\" alt=\"Beli\" width=\"12\" height=\"20\" \/><\/a>320.000.000.<b><\/b><\/p>\n<form id=\"vozme_form_332caf5c5afcb49b700f1bd3aa12d10e\" method=\"post\" name=\"vozme_form_332caf5c5afcb49b700f1bd3aa12d10e\" target=\"332caf5c5afcb49b700f1bd3aa12d10e\" action=\"http:\/\/vozme.com\/text2voice.php\"><input name=\"text\" type=\"hidden\" value=\"Roronoa Zoro. Roronoa Zoro\u00a0fue un famoso cazarrecompensas y actualmente es el espadach\u00edn de los Piratas del Sombrero de Paja y uno de los principales protagonistas de One Piece. Fue el primer miembro en unirse a los Piratas del Sombrero de Paja, y hasta la fecha es considerado la mayor amenaza y el miembro de la tripulaci\u00f3n m\u00e1s peligroso despu\u00e9s de su capit\u00e1n. Es famoso por ser un maestro de la espada, siendo usuario del estilo Sant\u014dry\u016b, y por su fuerza sobrehumana (Por ello, la gente tiende a creer que debe ser el capit\u00e1n). Es catalogado como miembro del &quot;Tr\u00edo Monstruoso&quot;, ya que es uno de los tres luchadores mas fuertes en la tripulaci\u00f3n. Su sue\u00f1o es convertirse en el mejor espadach\u00edn del mundo. Zoro fue catalogado como uno de los once piratas a que se refieren como &quot;Los Once Supernovas&quot; en la d\u00e9cima posici\u00f3n con una recompensa de 120.000.000 sobre su cabeza. Actualmente su recompensa aument\u00f3 hasta alcanzar los 320.000.000.\n\" \/><input name=\"lang\" type=\"hidden\" value=\"es\" \/><input name=\"gn\" type=\"hidden\" value=\"fm\" \/><input type=\"hidden\" id=\"interface\" name=\"interface\" value=\"full\" \/>\n\t\t\t<div style=\"text-align:left;\">\n\t\t\t\n\t\t\t\t<input style=\"float:left;\" type=\"image\" width=\"32\" height=\"32\" src=\"http:\/\/blog.espol.edu.ec\/dkperez\/wp-content\/plugins\/vozme\/img\/paper_sound32x32.gif\" alt=\"Escucha este post\" onclick=\"window.open('', '332caf5c5afcb49b700f1bd3aa12d10e', 'width=600,height=370,scrollbars=yes,location=yes,menubar=yes,resizable=yes,status=yes,toolbar=yes');\">\n\t\t\t\t<div style=\"margin-left:40px; text-align:left;\"><a style=\"font-size:12px;\" href=\"javascript:void(0);\" onclick=\"window.open('', '332caf5c5afcb49b700f1bd3aa12d10e', 'width=600,height=370,scrollbars=yes,location=yes,menubar=yes,resizable=yes,status=yes,toolbar=yes'); document.getElementById('vozme_form_332caf5c5afcb49b700f1bd3aa12d10e').submit();\">Escucha<br\/>este post<\/a><\/div>\n\t\t\t<\/div><\/form>","protected":false},"excerpt":{"rendered":"<p>Roronoa Zoro\u00a0fue un famoso cazarrecompensas y actualmente es el espadach\u00edn de los Piratas del Sombrero de Paja y uno de los principales protagonistas de One Piece. Fue el primer miembro en unirse a los Piratas del Sombrero de Paja, y hasta la fecha es considerado la mayor amenaza y el miembro de la tripulaci\u00f3n m\u00e1s [&hellip;]<\/p>\n","protected":false},"author":10402,"featured_media":0,"parent":0,"menu_order":0,"comment_status":"closed","ping_status":"closed","template":"","meta":{"footnotes":""},"class_list":["post-89","page","type-page","status-publish","hentry"],"_links":{"self":[{"href":"https:\/\/blog.espol.edu.ec\/dkperez\/wp-json\/wp\/v2\/pages\/89","targetHints":{"allow":["GET"]}}],"collection":[{"href":"https:\/\/blog.espol.edu.ec\/dkperez\/wp-json\/wp\/v2\/pages"}],"about":[{"href":"https:\/\/blog.espol.edu.ec\/dkperez\/wp-json\/wp\/v2\/types\/page"}],"author":[{"embeddable":true,"href":"https:\/\/blog.espol.edu.ec\/dkperez\/wp-json\/wp\/v2\/users\/10402"}],"replies":[{"embeddable":true,"href":"https:\/\/blog.espol.edu.ec\/dkperez\/wp-json\/wp\/v2\/comments?post=89"}],"version-history":[{"count":4,"href":"https:\/\/blog.espol.edu.ec\/dkperez\/wp-json\/wp\/v2\/pages\/89\/revisions"}],"predecessor-version":[{"id":133,"href":"https:\/\/blog.espol.edu.ec\/dkperez\/wp-json\/wp\/v2\/pages\/89\/revisions\/133"}],"wp:attachment":[{"href":"https:\/\/blog.espol.edu.ec\/dkperez\/wp-json\/wp\/v2\/media?parent=89"}],"curies":[{"name":"wp","href":"https:\/\/api.w.org\/{rel}","templated":true}]}}