{"id":93,"date":"2016-06-01T21:38:44","date_gmt":"2016-06-01T21:38:44","guid":{"rendered":"http:\/\/blog.espol.edu.ec\/dkperez\/?page_id=93"},"modified":"2016-06-01T22:44:40","modified_gmt":"2016-06-01T22:44:40","slug":"usopp","status":"publish","type":"page","link":"https:\/\/blog.espol.edu.ec\/dkperez\/usopp\/","title":{"rendered":"Usopp"},"content":{"rendered":"<p>Usopp naci\u00f3 en Villa Syrup, en el East Blue. Actualmente forma parte de los Piratas del Sombrero de Paja, ocupando el puesto de \"Tirador (y Francotirador)\"; aunque al principio de la Saga se le describiera (c\u00f3micamente) como el \"Mentiroso\" del grupo... Es el cuarto miembro de la tripulaci\u00f3n, el tercero en unirse oficialmente, y tambi\u00e9n el tercero en hacer acto de presencia al final de la Saga de Enies Lobby. Su <i>alter ego<\/i> es conocido como \"Sogeking\".<\/p>\n<form id=\"vozme_form_7fdb40e84d51cd7dcc3ecc0c3996b0ee\" method=\"post\" name=\"vozme_form_7fdb40e84d51cd7dcc3ecc0c3996b0ee\" target=\"7fdb40e84d51cd7dcc3ecc0c3996b0ee\" action=\"http:\/\/vozme.com\/text2voice.php\"><input name=\"text\" type=\"hidden\" value=\"Usopp. Usopp naci\u00f3 en Villa Syrup, en el East Blue. Actualmente forma parte de los Piratas del Sombrero de Paja, ocupando el puesto de &quot;Tirador (y Francotirador)&quot;; aunque al principio de la Saga se le describiera (c\u00f3micamente) como el &quot;Mentiroso&quot; del grupo... Es el cuarto miembro de la tripulaci\u00f3n, el tercero en unirse oficialmente, y tambi\u00e9n el tercero en hacer acto de presencia al final de la Saga de Enies Lobby. Su alter ego es conocido como &quot;Sogeking&quot;.\n\" \/><input name=\"lang\" type=\"hidden\" value=\"es\" \/><input name=\"gn\" type=\"hidden\" value=\"fm\" \/><input type=\"hidden\" id=\"interface\" name=\"interface\" value=\"full\" \/>\n\t\t\t<div style=\"text-align:left;\">\n\t\t\t\n\t\t\t\t<input style=\"float:left;\" type=\"image\" width=\"32\" height=\"32\" src=\"http:\/\/blog.espol.edu.ec\/dkperez\/wp-content\/plugins\/vozme\/img\/paper_sound32x32.gif\" alt=\"Escucha este post\" onclick=\"window.open('', '7fdb40e84d51cd7dcc3ecc0c3996b0ee', 'width=600,height=370,scrollbars=yes,location=yes,menubar=yes,resizable=yes,status=yes,toolbar=yes');\">\n\t\t\t\t<div style=\"margin-left:40px; text-align:left;\"><a style=\"font-size:12px;\" href=\"javascript:void(0);\" onclick=\"window.open('', '7fdb40e84d51cd7dcc3ecc0c3996b0ee', 'width=600,height=370,scrollbars=yes,location=yes,menubar=yes,resizable=yes,status=yes,toolbar=yes'); document.getElementById('vozme_form_7fdb40e84d51cd7dcc3ecc0c3996b0ee').submit();\">Escucha<br\/>este post<\/a><\/div>\n\t\t\t<\/div><\/form>","protected":false},"excerpt":{"rendered":"<p>Usopp naci\u00f3 en Villa Syrup, en el East Blue. Actualmente forma parte de los Piratas del Sombrero de Paja, ocupando el puesto de \"Tirador (y Francotirador)\"; aunque al principio de la Saga se le describiera (c\u00f3micamente) como el \"Mentiroso\" del grupo... Es el cuarto miembro de la tripulaci\u00f3n, el tercero en unirse oficialmente, y tambi\u00e9n [&hellip;]<\/p>\n","protected":false},"author":10402,"featured_media":0,"parent":0,"menu_order":0,"comment_status":"closed","ping_status":"closed","template":"","meta":{"footnotes":""},"class_list":["post-93","page","type-page","status-publish","hentry"],"_links":{"self":[{"href":"https:\/\/blog.espol.edu.ec\/dkperez\/wp-json\/wp\/v2\/pages\/93","targetHints":{"allow":["GET"]}}],"collection":[{"href":"https:\/\/blog.espol.edu.ec\/dkperez\/wp-json\/wp\/v2\/pages"}],"about":[{"href":"https:\/\/blog.espol.edu.ec\/dkperez\/wp-json\/wp\/v2\/types\/page"}],"author":[{"embeddable":true,"href":"https:\/\/blog.espol.edu.ec\/dkperez\/wp-json\/wp\/v2\/users\/10402"}],"replies":[{"embeddable":true,"href":"https:\/\/blog.espol.edu.ec\/dkperez\/wp-json\/wp\/v2\/comments?post=93"}],"version-history":[{"count":2,"href":"https:\/\/blog.espol.edu.ec\/dkperez\/wp-json\/wp\/v2\/pages\/93\/revisions"}],"predecessor-version":[{"id":142,"href":"https:\/\/blog.espol.edu.ec\/dkperez\/wp-json\/wp\/v2\/pages\/93\/revisions\/142"}],"wp:attachment":[{"href":"https:\/\/blog.espol.edu.ec\/dkperez\/wp-json\/wp\/v2\/media?parent=93"}],"curies":[{"name":"wp","href":"https:\/\/api.w.org\/{rel}","templated":true}]}}