{"id":95,"date":"2016-06-01T21:39:38","date_gmt":"2016-06-01T21:39:38","guid":{"rendered":"http:\/\/blog.espol.edu.ec\/dkperez\/?page_id=95"},"modified":"2016-06-01T22:30:28","modified_gmt":"2016-06-01T22:30:28","slug":"sanji-vinsmoke","status":"publish","type":"page","link":"https:\/\/blog.espol.edu.ec\/dkperez\/sanji-vinsmoke\/","title":{"rendered":"Sanji Vinsmoke"},"content":{"rendered":"<p>Sanji\u00a0es el cocinero de los Piratas de Sombrero de Paja y el tercer hijo de la Familia Vinsmoke. Es el quinto miembro de la tripulaci\u00f3n, y el cuarto en unirse. Al haber nacido en el North Blue, fue el primer tripulante en no ser originario del\u00a0East Blue. Forma parte del \"<i>Tr\u00edo Monstruoso<\/i>\" junto a Luffy y Roronoa Zoro; y, como tal, es uno de los combatientes m\u00e1s fuertes de la tripulaci\u00f3n. Su sue\u00f1o es encontrar el mar legendario conocido como All Blue, el cual seg\u00fan la leyenda es el \u00fanico h\u00e1bitat marino del mundo donde coinciden todas las especies de peces que existen, confluyendo peces y otros seres marinos procedentes de los cinco mares. Posee una recompensa de <a class=\"image image-thumbnail link-internal\" title=\"Beli\" href=\"http:\/\/es.onepiece.wikia.com\/wiki\/Beli\"><img loading=\"lazy\" decoding=\"async\" class=\"lzyPlcHld  lzyTrns lzyLoaded lzyLoaded\" src=\"http:\/\/vignette2.wikia.nocookie.net\/onepiece\/images\/5\/5d\/Berrysymbol.gif\/revision\/latest?cb=20100328172401&amp;path-prefix=es\" alt=\"Beli\" width=\"12\" height=\"20\" \/><\/a>177.000.000, siendo hasta el momento el \u00fanico que se le busca solo vivo.<\/p>\n<form id=\"vozme_form_91e35cfb3551f6a36ee4991766db1efa\" method=\"post\" name=\"vozme_form_91e35cfb3551f6a36ee4991766db1efa\" target=\"91e35cfb3551f6a36ee4991766db1efa\" action=\"http:\/\/vozme.com\/text2voice.php\"><input name=\"text\" type=\"hidden\" value=\"Sanji Vinsmoke. Sanji\u00a0es el cocinero de los Piratas de Sombrero de Paja y el tercer hijo de la Familia Vinsmoke. Es el quinto miembro de la tripulaci\u00f3n, y el cuarto en unirse. Al haber nacido en el North Blue, fue el primer tripulante en no ser originario del\u00a0East Blue. Forma parte del &quot;Tr\u00edo Monstruoso&quot; junto a Luffy y Roronoa Zoro; y, como tal, es uno de los combatientes m\u00e1s fuertes de la tripulaci\u00f3n. Su sue\u00f1o es encontrar el mar legendario conocido como All Blue, el cual seg\u00fan la leyenda es el \u00fanico h\u00e1bitat marino del mundo donde coinciden todas las especies de peces que existen, confluyendo peces y otros seres marinos procedentes de los cinco mares. Posee una recompensa de 177.000.000, siendo hasta el momento el \u00fanico que se le busca solo vivo.\n\" \/><input name=\"lang\" type=\"hidden\" value=\"es\" \/><input name=\"gn\" type=\"hidden\" value=\"fm\" \/><input type=\"hidden\" id=\"interface\" name=\"interface\" value=\"full\" \/>\n\t\t\t<div style=\"text-align:left;\">\n\t\t\t\n\t\t\t\t<input style=\"float:left;\" type=\"image\" width=\"32\" height=\"32\" src=\"http:\/\/blog.espol.edu.ec\/dkperez\/wp-content\/plugins\/vozme\/img\/paper_sound32x32.gif\" alt=\"Escucha este post\" onclick=\"window.open('', '91e35cfb3551f6a36ee4991766db1efa', 'width=600,height=370,scrollbars=yes,location=yes,menubar=yes,resizable=yes,status=yes,toolbar=yes');\">\n\t\t\t\t<div style=\"margin-left:40px; text-align:left;\"><a style=\"font-size:12px;\" href=\"javascript:void(0);\" onclick=\"window.open('', '91e35cfb3551f6a36ee4991766db1efa', 'width=600,height=370,scrollbars=yes,location=yes,menubar=yes,resizable=yes,status=yes,toolbar=yes'); document.getElementById('vozme_form_91e35cfb3551f6a36ee4991766db1efa').submit();\">Escucha<br\/>este post<\/a><\/div>\n\t\t\t<\/div><\/form>","protected":false},"excerpt":{"rendered":"<p>Sanji\u00a0es el cocinero de los Piratas de Sombrero de Paja y el tercer hijo de la Familia Vinsmoke. Es el quinto miembro de la tripulaci\u00f3n, y el cuarto en unirse. Al haber nacido en el North Blue, fue el primer tripulante en no ser originario del\u00a0East Blue. Forma parte del \"Tr\u00edo Monstruoso\" junto a Luffy [&hellip;]<\/p>\n","protected":false},"author":10402,"featured_media":0,"parent":0,"menu_order":0,"comment_status":"closed","ping_status":"closed","template":"","meta":{"footnotes":""},"class_list":["post-95","page","type-page","status-publish","hentry"],"_links":{"self":[{"href":"https:\/\/blog.espol.edu.ec\/dkperez\/wp-json\/wp\/v2\/pages\/95","targetHints":{"allow":["GET"]}}],"collection":[{"href":"https:\/\/blog.espol.edu.ec\/dkperez\/wp-json\/wp\/v2\/pages"}],"about":[{"href":"https:\/\/blog.espol.edu.ec\/dkperez\/wp-json\/wp\/v2\/types\/page"}],"author":[{"embeddable":true,"href":"https:\/\/blog.espol.edu.ec\/dkperez\/wp-json\/wp\/v2\/users\/10402"}],"replies":[{"embeddable":true,"href":"https:\/\/blog.espol.edu.ec\/dkperez\/wp-json\/wp\/v2\/comments?post=95"}],"version-history":[{"count":3,"href":"https:\/\/blog.espol.edu.ec\/dkperez\/wp-json\/wp\/v2\/pages\/95\/revisions"}],"predecessor-version":[{"id":135,"href":"https:\/\/blog.espol.edu.ec\/dkperez\/wp-json\/wp\/v2\/pages\/95\/revisions\/135"}],"wp:attachment":[{"href":"https:\/\/blog.espol.edu.ec\/dkperez\/wp-json\/wp\/v2\/media?parent=95"}],"curies":[{"name":"wp","href":"https:\/\/api.w.org\/{rel}","templated":true}]}}