{"id":97,"date":"2016-06-01T21:40:40","date_gmt":"2016-06-01T21:40:40","guid":{"rendered":"http:\/\/blog.espol.edu.ec\/dkperez\/?page_id=97"},"modified":"2016-06-01T22:41:27","modified_gmt":"2016-06-01T22:41:27","slug":"tony-tony-chopper","status":"publish","type":"page","link":"https:\/\/blog.espol.edu.ec\/dkperez\/tony-tony-chopper\/","title":{"rendered":"Tony Tony Chopper"},"content":{"rendered":"<p>Tony Tony Chopper es el m\u00e9dico de los Piratas de Sombrero de Paja. Es un\u00a0reno que comi\u00f3 la Fruta Hito Hito de la Isla de Drum, lo que le hace el \u00fanico miembro de toda la tripulaci\u00f3n que naci\u00f3 en Grand Line. \u00c9l es el sexto miembro de la tripulaci\u00f3n y el quinto en unirse a ella.<\/p>\n<form id=\"vozme_form_fde55658d8fcc064396585a7321720d2\" method=\"post\" name=\"vozme_form_fde55658d8fcc064396585a7321720d2\" target=\"fde55658d8fcc064396585a7321720d2\" action=\"http:\/\/vozme.com\/text2voice.php\"><input name=\"text\" type=\"hidden\" value=\"Tony Tony Chopper. Tony Tony Chopper es el m\u00e9dico de los Piratas de Sombrero de Paja. Es un\u00a0reno que comi\u00f3 la Fruta Hito Hito de la Isla de Drum, lo que le hace el \u00fanico miembro de toda la tripulaci\u00f3n que naci\u00f3 en Grand Line. \u00c9l es el sexto miembro de la tripulaci\u00f3n y el quinto en unirse a ella.\n\" \/><input name=\"lang\" type=\"hidden\" value=\"es\" \/><input name=\"gn\" type=\"hidden\" value=\"fm\" \/><input type=\"hidden\" id=\"interface\" name=\"interface\" value=\"full\" \/>\n\t\t\t<div style=\"text-align:left;\">\n\t\t\t\n\t\t\t\t<input style=\"float:left;\" type=\"image\" width=\"32\" height=\"32\" src=\"http:\/\/blog.espol.edu.ec\/dkperez\/wp-content\/plugins\/vozme\/img\/paper_sound32x32.gif\" alt=\"Escucha este post\" onclick=\"window.open('', 'fde55658d8fcc064396585a7321720d2', 'width=600,height=370,scrollbars=yes,location=yes,menubar=yes,resizable=yes,status=yes,toolbar=yes');\">\n\t\t\t\t<div style=\"margin-left:40px; text-align:left;\"><a style=\"font-size:12px;\" href=\"javascript:void(0);\" onclick=\"window.open('', 'fde55658d8fcc064396585a7321720d2', 'width=600,height=370,scrollbars=yes,location=yes,menubar=yes,resizable=yes,status=yes,toolbar=yes'); document.getElementById('vozme_form_fde55658d8fcc064396585a7321720d2').submit();\">Escucha<br\/>este post<\/a><\/div>\n\t\t\t<\/div><\/form>","protected":false},"excerpt":{"rendered":"<p>Tony Tony Chopper es el m\u00e9dico de los Piratas de Sombrero de Paja. Es un\u00a0reno que comi\u00f3 la Fruta Hito Hito de la Isla de Drum, lo que le hace el \u00fanico miembro de toda la tripulaci\u00f3n que naci\u00f3 en Grand Line. \u00c9l es el sexto miembro de la tripulaci\u00f3n y el quinto en unirse [&hellip;]<\/p>\n","protected":false},"author":10402,"featured_media":0,"parent":0,"menu_order":0,"comment_status":"closed","ping_status":"closed","template":"","meta":{"footnotes":""},"class_list":["post-97","page","type-page","status-publish","hentry"],"_links":{"self":[{"href":"https:\/\/blog.espol.edu.ec\/dkperez\/wp-json\/wp\/v2\/pages\/97","targetHints":{"allow":["GET"]}}],"collection":[{"href":"https:\/\/blog.espol.edu.ec\/dkperez\/wp-json\/wp\/v2\/pages"}],"about":[{"href":"https:\/\/blog.espol.edu.ec\/dkperez\/wp-json\/wp\/v2\/types\/page"}],"author":[{"embeddable":true,"href":"https:\/\/blog.espol.edu.ec\/dkperez\/wp-json\/wp\/v2\/users\/10402"}],"replies":[{"embeddable":true,"href":"https:\/\/blog.espol.edu.ec\/dkperez\/wp-json\/wp\/v2\/comments?post=97"}],"version-history":[{"count":2,"href":"https:\/\/blog.espol.edu.ec\/dkperez\/wp-json\/wp\/v2\/pages\/97\/revisions"}],"predecessor-version":[{"id":141,"href":"https:\/\/blog.espol.edu.ec\/dkperez\/wp-json\/wp\/v2\/pages\/97\/revisions\/141"}],"wp:attachment":[{"href":"https:\/\/blog.espol.edu.ec\/dkperez\/wp-json\/wp\/v2\/media?parent=97"}],"curies":[{"name":"wp","href":"https:\/\/api.w.org\/{rel}","templated":true}]}}