{"id":99,"date":"2016-06-01T21:41:41","date_gmt":"2016-06-01T21:41:41","guid":{"rendered":"http:\/\/blog.espol.edu.ec\/dkperez\/?page_id=99"},"modified":"2016-06-01T22:38:27","modified_gmt":"2016-06-01T22:38:27","slug":"nico-robin","status":"publish","type":"page","link":"https:\/\/blog.espol.edu.ec\/dkperez\/nico-robin\/","title":{"rendered":"Nico Robin"},"content":{"rendered":"<p>Nico Robin\u00a0es la s\u00e9ptima integrante de la banda de\u00a0Piratas de Sombrero de Paja. Es originaria del\u00a0West Blue.<\/p>\n<p>Su sue\u00f1o es conocer la verdadera historia investigando en los\u00a0Poneglyphs. Actualmente ofrecen una recompensa de\u00a0<a class=\"image image-thumbnail link-internal\" title=\"Beli\" href=\"http:\/\/es.onepiece.wikia.com\/wiki\/Beli\"><img loading=\"lazy\" decoding=\"async\" class=\"lzyPlcHld  lzyTrns lzyLoaded lzyLoaded\" src=\"http:\/\/vignette2.wikia.nocookie.net\/onepiece\/images\/5\/5d\/Berrysymbol.gif\/revision\/latest?cb=20100328172401&amp;path-prefix=es\" alt=\"Beli\" width=\"12\" height=\"20\" \/><\/a>130.000.000 por su cabeza, siendo la quinta m\u00e1s alta de toda su tripulaci\u00f3n.<\/p>\n<p>Es la \u00fanica superviviente del Clan de Ohara, sucediendo a todos sus predecesores como arque\u00f3loga, y fue la mano derecha del jefe de la organizaci\u00f3n criminal Baroque Works. Comi\u00f3 la Fruta del Diablo, Hana Hana no Mi.<\/p>\n<form id=\"vozme_form_c1f0eeefef684c04e7aaf43629469cd2\" method=\"post\" name=\"vozme_form_c1f0eeefef684c04e7aaf43629469cd2\" target=\"c1f0eeefef684c04e7aaf43629469cd2\" action=\"http:\/\/vozme.com\/text2voice.php\"><input name=\"text\" type=\"hidden\" value=\"Nico Robin. Nico Robin\u00a0es la s\u00e9ptima integrante de la banda de\u00a0Piratas de Sombrero de Paja. Es originaria del\u00a0West Blue.\nSu sue\u00f1o es conocer la verdadera historia investigando en los\u00a0Poneglyphs. Actualmente ofrecen una recompensa de\u00a0130.000.000 por su cabeza, siendo la quinta m\u00e1s alta de toda su tripulaci\u00f3n.\nEs la \u00fanica superviviente del Clan de Ohara, sucediendo a todos sus predecesores como arque\u00f3loga, y fue la mano derecha del jefe de la organizaci\u00f3n criminal Baroque Works. Comi\u00f3 la Fruta del Diablo, Hana Hana no Mi.\n\" \/><input name=\"lang\" type=\"hidden\" value=\"es\" \/><input name=\"gn\" type=\"hidden\" value=\"fm\" \/><input type=\"hidden\" id=\"interface\" name=\"interface\" value=\"full\" \/>\n\t\t\t<div style=\"text-align:left;\">\n\t\t\t\n\t\t\t\t<input style=\"float:left;\" type=\"image\" width=\"32\" height=\"32\" src=\"http:\/\/blog.espol.edu.ec\/dkperez\/wp-content\/plugins\/vozme\/img\/paper_sound32x32.gif\" alt=\"Escucha este post\" onclick=\"window.open('', 'c1f0eeefef684c04e7aaf43629469cd2', 'width=600,height=370,scrollbars=yes,location=yes,menubar=yes,resizable=yes,status=yes,toolbar=yes');\">\n\t\t\t\t<div style=\"margin-left:40px; text-align:left;\"><a style=\"font-size:12px;\" href=\"javascript:void(0);\" onclick=\"window.open('', 'c1f0eeefef684c04e7aaf43629469cd2', 'width=600,height=370,scrollbars=yes,location=yes,menubar=yes,resizable=yes,status=yes,toolbar=yes'); document.getElementById('vozme_form_c1f0eeefef684c04e7aaf43629469cd2').submit();\">Escucha<br\/>este post<\/a><\/div>\n\t\t\t<\/div><\/form>","protected":false},"excerpt":{"rendered":"<p>Nico Robin\u00a0es la s\u00e9ptima integrante de la banda de\u00a0Piratas de Sombrero de Paja. Es originaria del\u00a0West Blue. Su sue\u00f1o es conocer la verdadera historia investigando en los\u00a0Poneglyphs. Actualmente ofrecen una recompensa de\u00a0130.000.000 por su cabeza, siendo la quinta m\u00e1s alta de toda su tripulaci\u00f3n. Es la \u00fanica superviviente del Clan de Ohara, sucediendo a todos [&hellip;]<\/p>\n","protected":false},"author":10402,"featured_media":0,"parent":0,"menu_order":0,"comment_status":"closed","ping_status":"closed","template":"","meta":{"footnotes":""},"class_list":["post-99","page","type-page","status-publish","hentry"],"_links":{"self":[{"href":"https:\/\/blog.espol.edu.ec\/dkperez\/wp-json\/wp\/v2\/pages\/99","targetHints":{"allow":["GET"]}}],"collection":[{"href":"https:\/\/blog.espol.edu.ec\/dkperez\/wp-json\/wp\/v2\/pages"}],"about":[{"href":"https:\/\/blog.espol.edu.ec\/dkperez\/wp-json\/wp\/v2\/types\/page"}],"author":[{"embeddable":true,"href":"https:\/\/blog.espol.edu.ec\/dkperez\/wp-json\/wp\/v2\/users\/10402"}],"replies":[{"embeddable":true,"href":"https:\/\/blog.espol.edu.ec\/dkperez\/wp-json\/wp\/v2\/comments?post=99"}],"version-history":[{"count":4,"href":"https:\/\/blog.espol.edu.ec\/dkperez\/wp-json\/wp\/v2\/pages\/99\/revisions"}],"predecessor-version":[{"id":140,"href":"https:\/\/blog.espol.edu.ec\/dkperez\/wp-json\/wp\/v2\/pages\/99\/revisions\/140"}],"wp:attachment":[{"href":"https:\/\/blog.espol.edu.ec\/dkperez\/wp-json\/wp\/v2\/media?parent=99"}],"curies":[{"name":"wp","href":"https:\/\/api.w.org\/{rel}","templated":true}]}}