{"id":27,"date":"2013-05-29T14:04:50","date_gmt":"2013-05-29T14:04:50","guid":{"rendered":"http:\/\/blog.espol.edu.ec\/dlzambra\/?page_id=27"},"modified":"2013-05-29T14:04:50","modified_gmt":"2013-05-29T14:04:50","slug":"flora-y-fauna-del-parque","status":"publish","type":"page","link":"https:\/\/blog.espol.edu.ec\/dlzambra\/flora-y-fauna-del-parque\/","title":{"rendered":"Flora y Fauna del Parque"},"content":{"rendered":"<p><strong>Flora<\/strong><\/p>\n<p>El Parque Nacional Machalilla y los bosques remanentes de los alrededores incluyen \u00e1reas de bosque h\u00famedo de gar\u00faa, similar al bosque nublado andino, en la parte alta de la cordillera. En las laderas m\u00e1s bajas el bosque se torna semideciduo y deciduo y, hacia la costa, se convierte en matorral seco donde la vegetaci\u00f3n es arbustiva y achaparrada, existen especies de cactus caudones o cactus candelabro y los \u00e1rboles m\u00e1s representativos corresponden a las familias\u00a0Mimosaceae\u00a0y\u00a0Capparidaceae.<\/p>\n<p>En el bosque ripario hay grupos de ca\u00f1a guadua y \u00e1rboles grandes como matapalos (Ficus spp.). Otras zonas est\u00e1n dominadas por palmas de cade o tagua y en general son zonas m\u00e1s intervenidas.<\/p>\n<p>Los remanentes alrededor del Parque est\u00e1n inmersos en una matriz de \u00e1reas alteradas, dominada por cultivos de ma\u00edz, banano, ca\u00f1a de az\u00facar y pastizales para ganado.<\/p>\n<p>&nbsp;<\/p>\n<p><strong>Fauna<\/strong><\/p>\n<p>El Parque Nacional tiene una importante diversidad de mam\u00edferos, incluyendo especies que en la actualidad son bastante raras en la costa ecuatoriana como el\u00a0jaguar,\u00a0mono aullador,\u00a0mono capuchino,\u00a0ocelote,\u00a0trigrillo,\u00a0ciervo,\u00a0venado de cola blanca,\u00a0perro de monte,\u00a0mapache cangrejero,\u00a0hur\u00f3n tayra,\u00a0armadillo,\u00a0armadillo cola de trapo,\u00a0cusumbo,\u00a0cuchucho coat\u00ed,\u00a0oso hormiguero,guanta,\u00a0guatusa,\u00a0ardilla colorada. Con relaci\u00f3n a la herpetofauna, existe una especie de anfibio casi end\u00e9mica del \u00e1rea,\u00a0Colostethus machalilla, adem\u00e1s de\u00a0Porthidium arcosae, tambi\u00e9n end\u00e9mica, junto con una notable diversidad de otros anfibios y r\u00e9ptiles. Se registran 21 especies de murci\u00e9lagos. Tortugas marinas anidan en las playas del Parque y la\u00a0ballena jorobada, visita las costas, donde adem\u00e1s es importante la diversidad de peces, en particular aquellos asociados a arrecifes de coral.<\/p>\n<p>En la Isla de la Plata encontramos una gran diversidad de especies animales vinculados al ecosistema costanero y marino, por ejemplo, varias especies de alcatraz, incluyendo el alcatraz llamado\u00a0piqueros de patas azules,\u00a0Alcatraz patirrojo, y el\u00a0alcatraz de Nazca. Otra especie que se encuentran aqu\u00ed es el\u00a0lobo marino sudamericano. Los delfines, como el\u00a0delf\u00edn manchado tropicalse pueden encontrar en las aguas cercanas a la isla.<\/p>\n","protected":false},"excerpt":{"rendered":"<p>Flora El Parque Nacional Machalilla y los bosques remanentes de los alrededores incluyen \u00e1reas de bosque h\u00famedo de gar\u00faa, similar al bosque nublado andino, en la parte alta de la cordillera. En las laderas m\u00e1s bajas el bosque se torna semideciduo y deciduo y, hacia la costa, se convierte en matorral seco donde la vegetaci\u00f3n [&hellip;]<\/p>\n","protected":false},"author":8421,"featured_media":0,"parent":0,"menu_order":0,"comment_status":"open","ping_status":"open","template":"","meta":{"footnotes":""},"class_list":["post-27","page","type-page","status-publish","hentry"],"_links":{"self":[{"href":"https:\/\/blog.espol.edu.ec\/dlzambra\/wp-json\/wp\/v2\/pages\/27","targetHints":{"allow":["GET"]}}],"collection":[{"href":"https:\/\/blog.espol.edu.ec\/dlzambra\/wp-json\/wp\/v2\/pages"}],"about":[{"href":"https:\/\/blog.espol.edu.ec\/dlzambra\/wp-json\/wp\/v2\/types\/page"}],"author":[{"embeddable":true,"href":"https:\/\/blog.espol.edu.ec\/dlzambra\/wp-json\/wp\/v2\/users\/8421"}],"replies":[{"embeddable":true,"href":"https:\/\/blog.espol.edu.ec\/dlzambra\/wp-json\/wp\/v2\/comments?post=27"}],"version-history":[{"count":1,"href":"https:\/\/blog.espol.edu.ec\/dlzambra\/wp-json\/wp\/v2\/pages\/27\/revisions"}],"predecessor-version":[{"id":28,"href":"https:\/\/blog.espol.edu.ec\/dlzambra\/wp-json\/wp\/v2\/pages\/27\/revisions\/28"}],"wp:attachment":[{"href":"https:\/\/blog.espol.edu.ec\/dlzambra\/wp-json\/wp\/v2\/media?parent=27"}],"curies":[{"name":"wp","href":"https:\/\/api.w.org\/{rel}","templated":true}]}}