{"id":102,"date":"2009-01-21T11:59:28","date_gmt":"2009-01-21T15:59:28","guid":{"rendered":"http:\/\/blog.espol.edu.ec\/dobaco\/?page_id=102"},"modified":"2010-05-20T12:11:41","modified_gmt":"2010-05-20T16:11:41","slug":"descargas","status":"publish","type":"page","link":"https:\/\/blog.espol.edu.ec\/dobaco\/descargas\/","title":{"rendered":"Descargas"},"content":{"rendered":"<p>Hola chicos (as) como estan pues bien, eh tratado de proporcionar informacion para ustedes acontinuacion estan unos enlaces en los cuales habra informacion necesaria para poder complementar con sus apuntes espero que sea de mucha ayuda ademas les quiero decir que esta informacion tiene como fuente a blog de\u00a0 <a href=\"mailto:frankz_1088@hotmail.com\">frankz_1088@hotmail.com<\/a> y me permito copiar el enlace para ayudar a la comunidad politecnica.<\/p>\n<div id=\"attachment_104\" style=\"width: 346px\" class=\"wp-caption aligncenter\"><a href=\"http:\/\/blog.espol.edu.ec\/dobaco\/files\/2009\/01\/descargasc.jpg\"><img loading=\"lazy\" decoding=\"async\" aria-describedby=\"caption-attachment-104\" class=\"size-full wp-image-104\" src=\"http:\/\/blog.espol.edu.ec\/dobaco\/files\/2009\/01\/descargasc.jpg\" alt=\"click en el link\" width=\"336\" height=\"428\" \/><\/a><p id=\"caption-attachment-104\" class=\"wp-caption-text\">click en el link<\/p><\/div>\n<h3><a href=\"http:\/\/soludelibros.blogspot.com\/2008\/01\/solucionarios-matemtica.html\">Solucionarios Matem\u00e1tica!!!!!<\/a><\/h3>\n<p>LISTA SOLUCIONARIOS MATEMATICA!!!!!!!!!!!!!<\/p>\n<p><strong>Haz clic si quieres ver los solucionarios de estas materias<\/strong><\/p>\n<p><a href=\"http:\/\/soludelibros.blogspot.com\/2008\/01\/solucionarios-matemtica.html\">Matem\u00e1tica<\/a> <a href=\"http:\/\/soludelibros.blogspot.com\/2008\/01\/solucionarios-electronica.html\">Electr\u00f3nica<\/a> <a href=\"http:\/\/soludelibros.blogspot.com\/2008\/01\/solucionarios-economa.html\">Econom\u00eda<\/a> <a href=\"http:\/\/soludelibros.blogspot.com\/2008\/01\/solucionarios-qumica.html\">Qu\u00edmica<\/a> <a href=\"http:\/\/soludelibros.blogspot.com\/2008\/01\/solucionarios-computadoras.html\">Computadoras<\/a> <a href=\"http:\/\/soludelibros.blogspot.com\/2008\/01\/solucionarios-fsica.html\">F\u00edsica<\/a> <a href=\"http:\/\/soludelibros.blogspot.com\/2008\/01\/solucionarios-mecanica.html\">Mec\u00e1nica<\/a><\/p>\n<p><strong>Deseas ver la lista completa de solucionarios? , haz clic <\/strong><a href=\"http:\/\/soludelibros.blogspot.com\/2007\/09\/lista-de-los-solucionarios.html\">aqui<\/a><\/p>\n<p><strong>Tienes problemas para descargar? Necesitas un manual, haz clic<\/strong> <a href=\"http:\/\/www.4shared.com\/file\/37907887\/f8a49c7a\/MANUAL_DESCARGA_PASO_A_PASO.html\">aqui<\/a><\/p>\n<p><em>Algebra Lineal<\/em><\/p>\n<ol>\n<li><a href=\"http:\/\/www.4shared.com\/file\/145742261\/75b98883\/soultion_algebra_lay.html\">Algebra Lineal y sus Aplicaciones - David C. Lay<\/a> (<a href=\"http:\/\/mrelusive.com\/books\/mathematics\/Linear%20Algebra%20and%20its%20Applications.jpg\">Portada<\/a>)<\/li>\n<li><a href=\"http:\/\/www.4shared.com\/file\/145742499\/f87760cc\/B_R_E_T_S_C_H_ER_manual.html\">Algebra Lineal con Aplicaciones- Bretscher O.<\/a> (<a href=\"http:\/\/www.colby.edu\/%7Eobretsch\/cover.jpg\">Portada<\/a>)<\/li>\n<li><a href=\"http:\/\/www.4shared.com\/file\/145742989\/e9b4c2de\/Introduction_To_Linear_Algebra_3Ed_-_Gilbert_Strang_Solutions_Manual.html\">Introducci\u00f3n al Algebra Lineal - 3ra Edicion - Gilbert Strang<\/a><a href=\"http:\/\/www.4shared.com\/file\/145742989\/e9b4c2de\/Introduction_To_Linear_Algebra_3Ed_-_Gilbert_Strang_Solutions_Manual.html\"> <\/a>(<a href=\"http:\/\/ecx.images-amazon.com\/images\/I\/5125YAEH9GL.jpg\">Portada<\/a>)<\/li>\n<li><a href=\"http:\/\/www.4shared.com\/file\/145736659\/6a04b0e9\/Algebra_Lineal_-_Grossman_5ED_.html\">Algebra Lineal - Stanley Grossman<\/a> (<a href=\"http:\/\/www.librerialuces.com\/fotos\/9789701008904.jpg\">Portada<\/a>)<\/li>\n<li><a href=\"http:\/\/www.4shared.com\/file\/145742643\/ae8823f1\/H_e_f_fe_r_on_ALGEBRA_MANUAL.html\">Algebra Lineal - Jim Hefferon<\/a> (<a href=\"http:\/\/joshua.smcvt.edu\/linearalgebra\/bookcover.png\">Portada<\/a>)<\/li>\n<li><a href=\"http:\/\/www.4shared.com\/account\/file\/145740948\/980f75cf\/algebra_lineal_-_poole_2ed_.html\">Algebra Lineal - 2da Edicion - David Poole<\/a> (<a href=\"http:\/\/i22.ebayimg.com\/05\/c\/07\/99\/b4\/84_8.JPG\">Portada<\/a>)<\/li>\n<li><a href=\"http:\/\/www.4shared.com\/file\/145742861\/782e0d55\/1st_course_in_Abstract_Algebra_7E_-_Fraleigh.html\">Primer Curso sobre Algebra Abstracta - 7ma Edicion - John B. Fraleigh<\/a> (<a href=\"http:\/\/images.pearsoned-ema.com\/jpeg\/large\/9780321156082.jpg\">Portada<\/a>)<\/li>\n<li><a href=\"http:\/\/www.4shared.com\/file\/145742771\/6a697b29\/_A_n_to_N_alge_man.html\">Introduccion al Algebra Lineal - 9na Edicion - Howard Anton<\/a> (<a href=\"http:\/\/bibcyt.ucla.edu.ve\/EDOCS_Bciucla\/portada5\/ir_anton.jpg\">Portada<\/a>)<\/li>\n<\/ol>\n<p><em>Calculo<\/em><\/p>\n<ol>\n<li><a href=\"http:\/\/www.4shared.com\/file\/145704745\/96c215ef\/a_P__o_S_T_O_L_ANA_manual.html\">Analisis Matematico - Tom Apostol<\/a> (<a href=\"http:\/\/www.reverte.com\/img\/libros\/T0_9788429150049.jpg\">Portada<\/a>)<\/li>\n<li><a href=\"http:\/\/www.4shared.com\/file\/145695864\/a65fd677\/GeOrGeMaNuAl10thvol1.html\">Calculo - George Thomas Vol.1<\/a> (<a href=\"http:\/\/imall.ntu.edu.sg\/pic\/Image123.jpg\">Portada<\/a>)<\/li>\n<li><a href=\"http:\/\/www.4shared.com\/file\/145699425\/f6f86539\/solution_vol_2_george.html\">Calculo - George Thomas Vol.2<\/a><\/li>\n<li><a href=\"http:\/\/www.4shared.com\/file\/145701571\/8ed8a669\/calculus_strang_solution.html\">Calculo - Gilbert Strang<\/a> (<a href=\"http:\/\/ocw.mit.edu\/ans7870\/resources\/Strang\/bookcover.jpg\">Portada<\/a>)<\/li>\n<li><a href=\"http:\/\/www.4shared.com\/file\/80961251\/9b184a70\/STE_5th_mult.html?dirPwdVerified=c30e5cb8\">Calculo - 5ta Edicion - James Stewart<\/a> (<a href=\"http:\/\/img232.imageshack.us\/img232\/6672\/cover5tadb1.jpg\">Portada<\/a>)<\/li>\n<li><a href=\"http:\/\/www.4shared.com\/file\/120374483\/6cb4f9a9\/c_A_L__LE_ITHOLD.html\">Calculo - 7ma Edicion - Leithold<\/a> (<a href=\"http:\/\/img261.imageshack.us\/img261\/2271\/2781034920103775190s600be7.jpg\">Portada<\/a>)<\/li>\n<li><a href=\"http:\/\/www.4shared.com\/file\/145700111\/6737ce56\/L_A_r_S_O_N_7th_MANUAL.html\">Calculo - 7ma Edicion - Larson<\/a><\/li>\n<li><a href=\"http:\/\/www.4shared.com\/file\/80961251\/9b184a70\/STE_5th_mult.html?dirPwdVerified=c30e5cb8\">Calculo: Multivariable- 5ta Edicion - James Stewart<\/a> (<a href=\"http:\/\/www.cengage.com\/cengage\/imageservlet?productISBN=0534393578\">Portada<\/a>)<\/li>\n<li><a href=\"http:\/\/www.4shared.com\/file\/145698534\/219a69bc\/SOLUCIONARIO_EDWARDS_PENNY.html\">Calculo con geometria Analitica - Edwards, Penney<\/a> (<a href=\"http:\/\/bibagr.ucla.edu.ve\/EDOCS_bvetucla\/ir_penney.gif\">Portada<\/a>)<\/li>\n<li><a href=\"http:\/\/www.4shared.com\/file\/145703372\/b95543ea\/calculus_-_marsden__weinstein_solution.html\">Calculo - Vol. 1 - J. Marsden &amp; A. Weinstein<\/a> (<a href=\"http:\/\/caltechbook.library.caltech.edu\/111\/thumbnails\/1\/preview.png\">Portada<\/a>)<\/li>\n<li><a href=\"http:\/\/www.4shared.com\/file\/145704878\/c8027dac\/RUSSAK_SOLUTION.html\">Calculo de Variaciones - I. B. Russak<\/a><\/li>\n<li><a href=\"http:\/\/www.4shared.com\/file\/145705056\/ab2304f4\/early_stewart_manual_5th.html\">Calculo Trascendentes Tempranas - 5ta Edicion - James Stewart<\/a> (<a href=\"http:\/\/img516.imageshack.us\/img516\/5648\/stewartearlytrgn7hw3.jpg\">Portada<\/a>)<\/li>\n<li><a href=\"http:\/\/www.4shared.com\/file\/145704660\/d55ce9d5\/solution_swokowski_calculus_chap_789.html\">Calculo con Geometria Analitica - Earl Swokowski (Capitulos 7,8,9)<\/a> (<a href=\"http:\/\/images.bestwebbuys.com\/muze\/books\/24\/9780534382124.jpg\">Portada<\/a>)<\/li>\n<li><a href=\"http:\/\/www.4shared.com\/file\/145697657\/b4ec318f\/h_A_L_L_E_T_calc_3ed_manual.html\">Calculo: Una Sola Variable - 3ra Edicion - Hughes-Hallet &amp; Gleason &amp; McCallum<\/a> (<a href=\"http:\/\/g-ecx.images-amazon.com\/images\/G\/01\/ciu\/87\/df\/392e923f8da0642d73fd8010._AA240_.L.jpg\">Portada<\/a>)<\/li>\n<li><a href=\"http:\/\/www.4shared.com\/file\/104146681\/97357cd5\/C_A_L_C_t_A_N_6.html\">Calculo Aplicado - Tan S. T.<\/a> (<a href=\"https:\/\/www.textbooksnow.com\/books\/053\/446\/053446503x.gif\">Portada<\/a>)<\/li>\n<li><a href=\"http:\/\/www.4shared.com\/file\/145704943\/753f9dd0\/f_O_L_L_A_N_D_MANUAL.html\">Calculo Avanzado - Gerald B. Folland<\/a> (<a href=\"http:\/\/ecx.images-amazon.com\/images\/I\/51Y14SP0M0L._SS500_.jpg\">Portada<\/a>)<\/li>\n<li><a href=\"http:\/\/www.4shared.com\/file\/145700872\/a7b503e5\/P_U_R_C_E_L_L__manual.html\">Calculo - 8va Edicion - E. Purcell &amp; D. Varberg &amp; E. Rigdon<\/a> (<a href=\"http:\/\/ecx.images-amazon.com\/images\/I\/51M6XCWWZBL._SL500_.jpg\">Portada<\/a>)<\/li>\n<li><a href=\"http:\/\/www.4shared.com\/account\/file\/145703847\/ee470b47\/sp_iva_k_solution.html\">Calculo Infinitesimal - Michael Spivak<\/a> (<a href=\"http:\/\/www.reverte.com\/img\/libros\/T0_9788429151367.jpg\">Portada<\/a>)<\/li>\n<li><a href=\"http:\/\/www.4shared.com\/file\/145704180\/4e90d2de\/Calculus_with_Applications_8E_-_Lial.html\">Calculo con Aplicaciones - 8va Edicion - Lial \u2022 Greenwell \u2022 Ritchey<\/a> (<a href=\"http:\/\/ecx.images-amazon.com\/images\/I\/514MT96MHML._SL500_AA240_.jpg\">Portada<\/a>)<\/li>\n<li><a href=\"http:\/\/www.4shared.com\/file\/120374483\/6cb4f9a9\/c_A_L__LE_ITHOLD.html\">Calculo Vectorial - Louis Leithold<\/a><\/li>\n<li><a href=\"http:\/\/www.4shared.com\/file\/145702835\/f7b49bc9\/sullivanprecalc_manual7e.html\">Precalculo - 7ma Edicion - Michael Sullivan<\/a> (<a href=\"http:\/\/www.etsu.edu\/math\/gardner\/1720\/sullivan7.jpg\">Portada<\/a>)<\/li>\n<li><a href=\"http:\/\/www.4shared.com\/file\/145704439\/d273715a\/Abel_Theorem_ALEKSEEV_solution.html\">Teorema de Abel - V. Alekseev<\/a> (<a href=\"http:\/\/ak.buy.com\/db_assets\/large_images\/098\/36493098.jpg\">Portada<\/a>)<\/li>\n<\/ol>\n<p><em>Ecuaciones Diferenciales<\/em><\/p>\n<ol>\n<li><a href=\"http:\/\/www.4shared.com\/file\/150199807\/a04d8072\/sol_zill5ed.html\">Ecuaciones Diferenciales - 7ma Edicion - Dennis G. Zill<\/a> (<a href=\"http:\/\/www.cengage.com\/cengage\/imageservlet?productISBN=9780495108368\">Portada<\/a>)<\/li>\n<li><a href=\"http:\/\/www.4shared.com\/file\/150188890\/6a37e04d\/farl_ow2nd.html\">Ecuaciones Diferenciales y Algebra Lineal - 2da Edici\u00f3n - Jerry Farlow<\/a> (<a href=\"http:\/\/ecx.images-amazon.com\/images\/I\/51BD1CA5YNL._SL500_AA240_.jpg\">Portada<\/a>)<\/li>\n<li><a href=\"http:\/\/www.4shared.com\/file\/150191114\/ea3af3e9\/k_o_h_l_er_MANUAL.html\">Ecuaciones Diferenciales Elementales - W. Kohler &amp; L. Johnson<\/a> (<a href=\"http:\/\/ecx.images-amazon.com\/images\/I\/41ZQ51ZSB0L._SL500_AA240_.jpg\">Portada<\/a>)<\/li>\n<li><a href=\"http:\/\/www.4shared.com\/file\/150189503\/9298fe88\/penn_ney.html\">Ecuaciones Diferenciales Elementales y Problemas con Condiciones en la Frontera - 2da Edicion - C. Henry Edwards &amp; David E. Penney <\/a>(<a href=\"http:\/\/i2.ebayimg.com\/02\/c\/000\/77\/47\/a537_7.JPG\">Portada<\/a>)<\/li>\n<li><a href=\"http:\/\/www.4shared.com\/file\/150175155\/c9032f4d\/_Boyce_333Differential_Equations_8E_solution.html\">Ecuaciones Diferenciales Elementales y Problemas con Valores en la Frontera - 8va Edicion - W. Boyce &amp; R. DiPrima<\/a> (<a href=\"http:\/\/g-ec2.images-amazon.com\/images\/I\/519WDE3E9XL.jpg\">Portada<\/a>)<\/li>\n<li><a href=\"http:\/\/www.4shared.com\/file\/150173546\/6b73b8b6\/_A_S_M_A_R_manual.html\">Ecuaciones Diferenciales Parciales - 2da Edicion - Nakhle Asmar<\/a> (<a href=\"http:\/\/images.pearsoned-ema.com\/jpeg\/large\/9780131480964.jpg\">Portada<\/a>)<\/li>\n<li><a href=\"http:\/\/www.4shared.com\/file\/150175386\/e620d4d4\/_h_aber_man_solution.html\">Ecuaciones Diferenciales Parciales Aplicadas - 4ta Edicion - Richard Haberman<\/a> (<a href=\"http:\/\/vig-fp.pearsoned.co.uk\/bigcovers\/0130652431.jpg\">Portada<\/a>)<\/li>\n<li><a href=\"http:\/\/www.4shared.com\/file\/150186292\/69717384\/logan.html\">Ecuaciones Diferenciales Parciales Aplicadas - J. David Logan (capitulos 1 al 5)<\/a> (<a href=\"http:\/\/ak.buy.com\/db_assets\/large_images\/279\/36387279.jpg\">Portada<\/a>)<\/li>\n<li><a href=\"http:\/\/www.4shared.com\/file\/150192636\/21f8492c\/Na_G_L_E_4_E_DMANUAL.html\">Ecuaciones Diferenciales y Problemas con Valores en la Frontera - 4ta Edicion - Nagle &amp; Saff &amp; Snider<\/a> (<a href=\"http:\/\/vig-fp.prenhall.com\/bigcovers\/0321145712.jpg\">Portada<\/a>)<\/li>\n<li><a href=\"http:\/\/www.4shared.com\/file\/150182924\/e0d177cc\/ant_woor_den.html\">Transformada de Laplace y Fourier: Antwoorden<\/a><\/li>\n<\/ol>\n<p><em>Ingenier\u00eda<\/em><\/p>\n<ol>\n<li><a href=\"http:\/\/www.4shared.com\/file\/145693626\/3c80089\/Advanced_Engineering_Mathematics_8Ed_-_Erwin_Kreyszig_-_Solutions_Manual.html\">Matematicas Avanzadas para Ingenieria - 9na Edicion - Herbert y Erwin Kreiszyg<\/a> (<a href=\"http:\/\/mebooks.files.wordpress.com\/2007\/06\/advanced-engineering-mathematics-8ed-student-solutions-manual-and-study-guide.jpg\">Portada<\/a>)<\/li>\n<li><a href=\"http:\/\/www.4shared.com\/file\/145693521\/9fea2b73\/Advanced_Modern_Engineering_Mathematics_3rd_Glyn_James_-_solution.html\">Matematicas Avanzadas para Ingenieria - 3ra Edicion - Glyn James<\/a> (<a href=\"http:\/\/vig-fp.pearsoned.co.uk\/bigcovers\/0130454257.jpg\">Portada<\/a>)<\/li>\n<li><a href=\"http:\/\/www.4shared.com\/file\/145695109\/816536c3\/L_E_A_phymat_manual.html\">Matematica para Fisicos - Susan Lea<\/a> (<a href=\"http:\/\/www.physics.sfsu.edu\/%7Elea\/cover.jpg\">Portada<\/a>)<\/li>\n<li><a href=\"http:\/\/www.4shared.com\/file\/145694340\/27edf868\/eng_bird_manual.html\">Matematicas para Ingenieria - 4ta Edicion - John Bird<\/a> (<a href=\"http:\/\/ec1.images-amazon.com\/images\/I\/51C6NTRCF4L.jpg\">Portada<\/a>)<\/li>\n<li><a href=\"http:\/\/www.4shared.com\/file\/145694305\/33ebc9e3\/Boas_3ed_sol.html\">Metodos Matematicos de la Fisica -3ra Edicion - Mary L. Boas<\/a> (<a href=\"http:\/\/images.barnesandnoble.com\/images\/14530000\/14530494.JPG\">Portada<\/a>)<\/li>\n<li><a href=\"http:\/\/www.4shared.com\/file\/145693323\/756936ed\/_A_R_F_K_E_N_solution.html\">Metodos Matematicos para Fisicos - 5ta Edicion - G. Arfken &amp; H. Weber<\/a> (<a href=\"http:\/\/images.barnesandnoble.com\/images\/6070000\/6074634.gif\">Portada<\/a>)<\/li>\n<li><a href=\"http:\/\/www.4shared.com\/file\/145695365\/dd0d0900\/rile_sol.html\">Metodos Matematicos para Fisica e Ingenieria - 3ra Edicion - Riley &amp; Hobson<\/a> (<a href=\"http:\/\/img178.imageshack.us\/img178\/6685\/covervaleyc1.jpg\">Portada<\/a>)<\/li>\n<li><a href=\"http:\/\/www.4shared.com\/file\/77529048\/a32a758d\/ADV_ZILL_SOL.html\">Matematica Avanzada para Ingenieros - Denis Zill<\/a><\/li>\n<\/ol>\n<p><em>An\u00e1lisis - Metodo Num\u00e9rico<\/em><\/p>\n<p><em> <\/em><\/p>\n<ol>\n<li><a href=\"http:\/\/www.4shared.com\/file\/150199343\/cf196e8e\/gerald_.html\">Analisis Numerico con Aplicaciones - 7ma Edicion - Curtis F. Gerald &amp; Patrick O. Wheatley<\/a> (<a href=\"http:\/\/images.pearsoned-ema.com\/jpeg\/large\/9780321190192.jpg\">Portada<\/a>)<\/li>\n<li><a href=\"http:\/\/www.4shared.com\/file\/150197329\/99495725\/suli_may_er.html\">Introduccion al Analisis Numerico - E. Suli &amp; F. Mayers<\/a> (<a href=\"http:\/\/web.comlab.ox.ac.uk\/people\/Endre.Suli\/book.jpg\">Portada<\/a>)<\/li>\n<li><a href=\"http:\/\/www.4shared.com\/file\/150198706\/64aa90bc\/chapr_2.html\">Metodos Numericos para Ingenieros - Steven Chapra<\/a> (<a href=\"http:\/\/contest.efollett.com\/ebooks\/libris\/images\/books\/NumericalMethods.jpg\">Portada<\/a>)<\/li>\n<li><a href=\"http:\/\/www.4shared.com\/file\/150197849\/c3461f42\/chapra.html\">Metodos Numericos para Ingenieros - Steven Chapra<\/a><\/li>\n<\/ol>\n<p><em>Probabilidades<\/em><\/p>\n<p><em> <\/em><\/p>\n<ol>\n<li><a href=\"http:\/\/www.4shared.com\/file\/150200583\/91ad0265\/_M_O_N_T_G_O_M_E_R__Y_D_E_S_I_GN__manual.html\">Dise\u00f1o y Analisis de Experimentos - 6ta Edicion -Douglas C. Montgomery<\/a> (<a href=\"http:\/\/g-ec2.images-amazon.com\/images\/I\/417N9KSRFCL.jpg\">Portada<\/a>)<\/li>\n<li><a href=\"http:\/\/www.4shared.com\/file\/150212371\/6bdfe20f\/Stat-4e-mont-manual.html\">Estadistica para Ingenieros -4ta Edicion - Douglas C. Montgomery<\/a> (<a href=\"http:\/\/ak.buy.com\/db_assets\/large_images\/915\/203444915.jpg\">Portada<\/a>)<\/li>\n<li><a href=\"http:\/\/www.4shared.com\/file\/150208492\/3bc7416a\/bertsekas_.html\">Introduccion a la Probabilidad - Dimitri P. Bertsekas &amp; John N. Tsitsiklis<\/a> (<a href=\"http:\/\/ecx.images-amazon.com\/images\/I\/519BZAMACCL._SL500_.jpg\">Portada<\/a>)<\/li>\n<li><a href=\"http:\/\/www.4shared.com\/file\/150201447\/830b8422\/models_applied_ro_ss.html\">Modelos Aplicados en Probabilidad con Aplicaciones de Optimizaci\u00f3n - 2da Edici\u00f3n - Sheldon M. Ross<\/a> (<a href=\"http:\/\/ecx.images-amazon.com\/images\/I\/716WS57JXFL._SL500_AA240_.gif\">Portada<\/a>)<\/li>\n<li><a href=\"http:\/\/www.4shared.com\/file\/150204845\/53c1ec58\/kutn_er_.html\">Modelos Lineales Estadisticos Aplicados - 5ta Edicion - Kutner \/ Neter \/ Li<\/a> (<a href=\"http:\/\/ecx.images-amazon.com\/images\/I\/412327C8TAL._SL500_.jpg\">Portada<\/a>)<\/li>\n<li><a href=\"http:\/\/www.4shared.com\/file\/150208787\/50f03afd\/prob_ross.html\">Primer Curso en Probabilidad - 7ma Edici\u00f3n - Sheldon M. Ross<\/a> (<a href=\"http:\/\/www.columbia.edu\/%7Eww2040\/4701Sum07\/RossEltBook.jpg\">Portada<\/a>)<\/li>\n<li><a href=\"http:\/\/www.4shared.com\/file\/104171341\/e73cb35b\/p_e_E_b_l_es_SOL.html\">Principios de Probabilidad, Variables y Se\u00f1ales Aleatorias - Peyton Peebles<\/a> (<a href=\"http:\/\/www.limiarlibros.com\/imaxes\/8448149017.jpg\">Portada<\/a>)<\/li>\n<li><a href=\"http:\/\/www.4shared.com\/file\/150204696\/75f8eea5\/hogg_7_sol.html\">Probabilidad e Inferencia Estadistica - 7ma Edici\u00f3n - Hogg &amp; Tanis<\/a> (<a href=\"http:\/\/www.math.hope.edu\/newsletter\/2004-05\/hogg-tanis.jpg\">Portada<\/a>)<\/li>\n<li><a href=\"http:\/\/www.4shared.com\/file\/150211901\/3bbc5ef0\/prob_montog.html\">Probabilidad y Estadistica aplicadas a la Ingenieria - Douglas C. Montgomery<\/a><a href=\"http:\/\/www.4shared.com\/file\/150211901\/3bbc5ef0\/prob_montog.html\"> <\/a>(<a href=\"http:\/\/www.ecobook.com\/images\/portadas\/9780471745891.jpg\">Portada<\/a>)<\/li>\n<li><a href=\"http:\/\/www.4shared.com\/file\/150209170\/f53da846\/devore.html\">Probabilidad y Estadistica para Ingenieria y Ciencias - Jay L. Devore<\/a> (<a href=\"http:\/\/ecx.images-amazon.com\/images\/I\/518sbJqARkL._SL500_.jpg\">Portada<\/a>)<a href=\"http:\/\/www.4shared.com\/file\/57784785\/c35636b3\/_D_E_V_O_R_E_M_A_N_U_A_L.html\"> <\/a><\/li>\n<li><a href=\"http:\/\/www.4shared.com\/file\/150209711\/d0ed43e4\/leon_garcia.html\">Probabilidad y Procesos Aleatorios para Ingenieria Electrica - Alberto Leon Garcia<\/a> (<a href=\"http:\/\/images.bestwebbuys.com\/muze\/books\/70\/9780201500370.jpg\">Portada<\/a>)<\/li>\n<li><a href=\"http:\/\/www.4shared.com\/account\/file\/150205448\/9cd60ee4\/hayler.html\">Probabilidad y Estadistica para Ingenieria y Ciencias - 3ra Edici\u00f3n - Anthony J. Hayter<\/a> (<a href=\"http:\/\/ecx.images-amazon.com\/images\/I\/51QkOiqL9eL._SS500_.jpg\">Portada<\/a>)<\/li>\n<li><a href=\"http:\/\/www.4shared.com\/file\/150210270\/b7137025\/papoulis.html\">Probabilidad, Variables Aleatorias y Procesos Estocasticos - 4ta Edicion - Athanasios Papoulis<\/a> (<a href=\"http:\/\/ecx.images-amazon.com\/images\/I\/518nal+hi5L._SL500_.jpg\">Portada<\/a>)<\/li>\n<li><a href=\"http:\/\/www.4shared.com\/file\/150207962\/ece4dea0\/walpo_le.html\">Probabilidad y Estadistica para Ingenieros - 7ma - Walpole<\/a><\/li>\n<\/ol>\n<p>OTROS!!!<\/p>\n<ol>\n<li><a href=\"http:\/\/www.4shared.com\/file\/150217585\/d879b659\/information_manual_.html\">Elementos de la Teoria de la Informacion - Thomas Cover &amp; Joy Thomas<\/a> (<a href=\"http:\/\/www-isl.stanford.edu\/%7Ejat\/eit2\/Cover2.gif\">Portada<\/a>)<\/li>\n<li><a href=\"http:\/\/www.4shared.com\/file\/150220476\/1d5dd372\/reddy.html\">Metodo de los Elementos Finitos - J. N. Reddy<\/a> (<a href=\"http:\/\/images.amazon.com\/images\/P\/0072466855.01.LZZZZZZZ.jpg\">Portada<\/a>)<\/li>\n<li><a href=\"http:\/\/www.4shared.com\/file\/150214387\/204f0429\/deductive.html\">Inferencia Deductiva - Joseph Bessie &amp; Stuart Glennan<\/a> (<a href=\"http:\/\/ecx.images-amazon.com\/images\/I\/41K7VuGmyZL._SL500_AA240_.jpg\">Portada<\/a>)<\/li>\n<li><a href=\"http:\/\/www.4shared.com\/file\/145702178\/e2b819ff\/J_O_H_N_S_O_N_B_A_U_G_H_MANUAL_6ED.html\">Matematica Discreta - 6ta Edici\u00f3n - Richard Johnsonbaugh<\/a> (<a href=\"http:\/\/www.itnuevolaredo.edu.mx\/maestros\/sis_com\/takeyas\/images\/portada_johnsonbaugh.jpg\">Portada<\/a>)<\/li>\n<li><a href=\"http:\/\/www.4shared.com\/file\/150219274\/cd76fbb6\/west.html\">Introducci\u00f3n a la Teor\u00eda de Gr\u00e1ficos - 2da Edicion - Douglas M. West<\/a> (<a href=\"http:\/\/vig-fp.pearsoned.co.uk\/bigcovers\/0130144002.jpg\">Portada<\/a>)<\/li>\n<li><a href=\"http:\/\/www.4shared.com\/file\/150213610\/f4f5d091\/_W_U_N_sc_H_MANUAL.html\">Variable Compleja y sus Aplicaciones - 3ra Edicion - David Wunsch<\/a> (<a href=\"http:\/\/ecx.images-amazon.com\/images\/I\/41NGA7G3MZL._SL500_AA240_.jpg\">Portada<\/a>)<\/li>\n<li><a href=\"http:\/\/www.4shared.com\/file\/150214651\/7a491dba\/goddard.html\">Teoria de los Numeros Elementales - 5ta Edicion - Bart Goddard &amp; Kenneth Rosen<\/a> (<a href=\"http:\/\/www.aw-bc.com\/rosen\/images\/bookcoverlarge.jpg\">Portada<\/a>)<\/li>\n<li><a href=\"http:\/\/www.4shared.com\/file\/150214159\/71dd830d\/c_o_o_k_manual.html\">Analisis de Elementos Finitos - 4ta Edicion - Robert Cook<\/a> (<a href=\"http:\/\/ecx.images-amazon.com\/images\/I\/412KGH9RVBL.jpg\">Portada<\/a>)<\/li>\n<li><a href=\"http:\/\/www.4shared.com\/file\/103555948\/38e33686\/C_h_u_r_c_h_iL_l_7__e_d.html\">Variable Compleja y sus Aplicaciones - 7ma Edicion - Churchill<\/a><\/li>\n<\/ol>\n<p><strong>Deseas ver la lista completa de solucionarios, haz clic<\/strong> <a href=\"http:\/\/soludelibros.blogspot.com\/2007\/09\/lista-de-los-solucionarios.html\">aqui<\/a><\/p>\n<p>Espero que estos solucionarios le sean de mucha ayuda y si pueden distribuirlos aun mejor ...<br \/>\nDios los bendiga..!!!!<\/p>\n<div><span style=\"color: #204063;font-family: 'Helvetica','sans-serif'\"><span style=\"font-size: medium\"><span style=\"font-size: 11pt;color: #204063;font-family: 'Helvetica','sans-serif'\"><em> <\/em><\/span><\/span><\/span><\/div>\n<p><span style=\"color: #204063;font-family: 'Helvetica','sans-serif'\"><span style=\"font-size: medium\"><span style=\"font-size: 11pt;color: #204063;font-family: 'Helvetica','sans-serif'\"> <\/span><\/span><\/span><\/p>\n<h3 class=\"MsoNormal\" style=\"margin: 0cm 0cm 10pt;color: #204063\"><span>Espero que les sea de mucha ayuda.<\/span><\/h3>\n<p><span> <\/span><\/p>\n<h3 class=\"mceTemp mceIEcenter\">\n<dl>\n<dt><a href=\"http:\/\/blog.espol.edu.ec\/dobaco\/files\/2009\/01\/good.jpg\"><img loading=\"lazy\" decoding=\"async\" class=\"size-medium wp-image-106\" src=\"http:\/\/blog.espol.edu.ec\/dobaco\/files\/2009\/01\/good.jpg\" alt=\"suerte\" width=\"120\" height=\"104\" \/><\/a><\/dt>\n<dd>suerte<\/dd>\n<\/dl>\n<\/h3>\n","protected":false},"excerpt":{"rendered":"<p>Hola chicos (as) como estan pues bien, eh tratado de proporcionar informacion para ustedes acontinuacion estan unos enlaces en los cuales habra informacion necesaria para poder complementar con sus apuntes espero que sea de mucha ayuda ademas les quiero decir que esta informacion tiene como fuente a blog de\u00a0 frankz_1088@hotmail.com y me permito copiar el [&hellip;]<\/p>\n","protected":false},"author":179,"featured_media":0,"parent":0,"menu_order":0,"comment_status":"open","ping_status":"open","template":"","meta":{"footnotes":""},"class_list":["post-102","page","type-page","status-publish","hentry"],"_links":{"self":[{"href":"https:\/\/blog.espol.edu.ec\/dobaco\/wp-json\/wp\/v2\/pages\/102","targetHints":{"allow":["GET"]}}],"collection":[{"href":"https:\/\/blog.espol.edu.ec\/dobaco\/wp-json\/wp\/v2\/pages"}],"about":[{"href":"https:\/\/blog.espol.edu.ec\/dobaco\/wp-json\/wp\/v2\/types\/page"}],"author":[{"embeddable":true,"href":"https:\/\/blog.espol.edu.ec\/dobaco\/wp-json\/wp\/v2\/users\/179"}],"replies":[{"embeddable":true,"href":"https:\/\/blog.espol.edu.ec\/dobaco\/wp-json\/wp\/v2\/comments?post=102"}],"version-history":[{"count":6,"href":"https:\/\/blog.espol.edu.ec\/dobaco\/wp-json\/wp\/v2\/pages\/102\/revisions"}],"predecessor-version":[{"id":277,"href":"https:\/\/blog.espol.edu.ec\/dobaco\/wp-json\/wp\/v2\/pages\/102\/revisions\/277"}],"wp:attachment":[{"href":"https:\/\/blog.espol.edu.ec\/dobaco\/wp-json\/wp\/v2\/media?parent=102"}],"curies":[{"name":"wp","href":"https:\/\/api.w.org\/{rel}","templated":true}]}}