{"id":150,"date":"2009-01-22T01:43:09","date_gmt":"2009-01-22T05:43:09","guid":{"rendered":"http:\/\/blog.espol.edu.ec\/dobaco\/?page_id=150"},"modified":"2009-01-22T01:43:09","modified_gmt":"2009-01-22T05:43:09","slug":"diapositivas","status":"publish","type":"page","link":"https:\/\/blog.espol.edu.ec\/dobaco\/diapositivas\/","title":{"rendered":"Diapositivas"},"content":{"rendered":"<p class=\"MsoNormal\" style=\"text-align: left\"><span lang=\"ES-MX\">La siguiente diapositiva me trae gratos recuerdos la primera vez que la vi fue en una clase de matem\u00e1ticas extra\u00f1o verdad pues as\u00ed fue, era en el pre polit\u00e9cnico ya han pasado varios a\u00f1os la verdad la mayor\u00eda de los compa\u00f1eros ten\u00edan lagrimas en los ojos, bueno el objetivo no es hacerlos llorar pero s\u00ed que reflexionen ok (dimosk).<\/span><\/p>\n<p class=\"MsoNormal\" style=\"text-align: center\">\u00a0<\/p>\n<div id=\"__ss_940192\" style=\"width: 425px;text-align: center\"><a title=\"20 Reglas De Vida\" href=\"http:\/\/www.slideshare.net\/dimosk\/20-reglas-de-vida-presentation-940192?type=presentation\">20 Reglas De Vida<\/a>\u00a0<\/p>\n<div style=\"font-size: 11px;font-family: tahoma, arial;height: 26px;padding-top: 2px;text-align: center\">View more <a href=\"http:\/\/www.slideshare.net\/\">presentations<\/a> or <a href=\"http:\/\/www.slideshare.net\/upload?type=presentation\">upload<\/a> your own.<\/div>\n<\/div>\n<p><img loading=\"lazy\" decoding=\"async\" class=\"alignleft\" src=\"https:\/\/blog.espol.edu.ec\/dobaco\/wp-includes\/js\/tinymce\/plugins\/media\/img\/trans.gif\" alt=\"\" width=\"425\" height=\"355\" \/><\/p>\n<div id=\"__ss_932378\" style=\"width: 425px;text-align: center\"><a title=\"Saliendoconotramujer\" href=\"http:\/\/www.slideshare.net\/dimosk\/saliendoconotramujer-presentation-932378?type=presentation\">Saliendoconotramujer<\/a>\u00a0\u00a0\u00a0<\/p>\n<div style=\"font-size: 11px;font-family: tahoma, arial;height: 26px;padding-top: 2px;text-align: center\">View more <a href=\"http:\/\/www.slideshare.net\/\">presentations<\/a> or <a href=\"http:\/\/www.slideshare.net\/upload?type=presentation\">upload<\/a> your own.<\/div>\n<\/div>\n<p><img loading=\"lazy\" decoding=\"async\" class=\"alignleft\" src=\"https:\/\/blog.espol.edu.ec\/dobaco\/wp-includes\/js\/tinymce\/plugins\/media\/img\/trans.gif\" alt=\"\" width=\"425\" height=\"355\" \/><\/p>\n<p style=\"text-align: center\">\u00a0<\/p>\n<div id=\"__ss_938278\" style=\"width: 425px;text-align: center\"><a title=\"Ameno\" href=\"http:\/\/www.slideshare.net\/dimosk\/ameno-presentation-938278?type=powerpoint\">Ameno<\/a>\u00a0\u00a0<\/p>\n<div style=\"font-size: 11px;font-family: tahoma, arial;height: 26px;padding-top: 2px;text-align: center\">View more <a href=\"http:\/\/www.slideshare.net\/\">presentations<\/a> or <a href=\"http:\/\/www.slideshare.net\/upload?type=powerpoint\">upload<\/a> your own. (tags: <a href=\"http:\/\/slideshare.net\/tag\/documental\">documental<\/a>)<\/div>\n<\/div>\n<p><img loading=\"lazy\" decoding=\"async\" class=\"alignleft\" src=\"https:\/\/blog.espol.edu.ec\/dobaco\/wp-includes\/js\/tinymce\/plugins\/media\/img\/trans.gif\" alt=\"\" width=\"425\" height=\"355\" \/><\/p>\n","protected":false},"excerpt":{"rendered":"<p>La siguiente diapositiva me trae gratos recuerdos la primera vez que la vi fue en una clase de matem\u00e1ticas extra\u00f1o verdad pues as\u00ed fue, era en el pre polit\u00e9cnico ya han pasado varios a\u00f1os la verdad la mayor\u00eda de los compa\u00f1eros ten\u00edan lagrimas en los ojos, bueno el objetivo no es hacerlos llorar pero s\u00ed [&hellip;]<\/p>\n","protected":false},"author":179,"featured_media":0,"parent":0,"menu_order":0,"comment_status":"open","ping_status":"open","template":"","meta":{"footnotes":""},"class_list":["post-150","page","type-page","status-publish","hentry"],"_links":{"self":[{"href":"https:\/\/blog.espol.edu.ec\/dobaco\/wp-json\/wp\/v2\/pages\/150","targetHints":{"allow":["GET"]}}],"collection":[{"href":"https:\/\/blog.espol.edu.ec\/dobaco\/wp-json\/wp\/v2\/pages"}],"about":[{"href":"https:\/\/blog.espol.edu.ec\/dobaco\/wp-json\/wp\/v2\/types\/page"}],"author":[{"embeddable":true,"href":"https:\/\/blog.espol.edu.ec\/dobaco\/wp-json\/wp\/v2\/users\/179"}],"replies":[{"embeddable":true,"href":"https:\/\/blog.espol.edu.ec\/dobaco\/wp-json\/wp\/v2\/comments?post=150"}],"version-history":[{"count":2,"href":"https:\/\/blog.espol.edu.ec\/dobaco\/wp-json\/wp\/v2\/pages\/150\/revisions"}],"predecessor-version":[{"id":152,"href":"https:\/\/blog.espol.edu.ec\/dobaco\/wp-json\/wp\/v2\/pages\/150\/revisions\/152"}],"wp:attachment":[{"href":"https:\/\/blog.espol.edu.ec\/dobaco\/wp-json\/wp\/v2\/media?parent=150"}],"curies":[{"name":"wp","href":"https:\/\/api.w.org\/{rel}","templated":true}]}}