{"id":91,"date":"2009-01-15T00:12:33","date_gmt":"2009-01-15T04:12:33","guid":{"rendered":"http:\/\/blog.espol.edu.ec\/dobaco\/?page_id=91"},"modified":"2009-08-05T10:34:11","modified_gmt":"2009-08-05T14:34:11","slug":"home","status":"publish","type":"page","link":"https:\/\/blog.espol.edu.ec\/dobaco\/home\/","title":{"rendered":"Home"},"content":{"rendered":"<p><a title=\"Permanent Link to Bienvenidos \u2026..\" rel=\"bookmark\" href=\"http:\/\/blog.espol.edu.ec\/alfredoalvarez\/2008\/10\/22\/bienvenidos\/\">Bienvenidos \u2026..<\/a><\/p>\n<div id=\"attachment_92\" style=\"width: 158px\" class=\"wp-caption aligncenter\"><a href=\"http:\/\/blog.espol.edu.ec\/dobaco\/files\/2009\/01\/espol-50-aaos11.jpg\"><img loading=\"lazy\" decoding=\"async\" aria-describedby=\"caption-attachment-92\" class=\"size-medium wp-image-92\" src=\"http:\/\/blog.espol.edu.ec\/dobaco\/files\/2009\/01\/espol-50-aaos11.jpg\" alt=\"www.espol.edu.ec\" width=\"148\" height=\"121\" \/><\/a><p id=\"caption-attachment-92\" class=\"wp-caption-text\">www.espol.edu.ec<\/p><\/div>\n<p>\u00a0<\/p>\n<p><a href=\"http:\/\/blog.espol.edu.ec\/dobaco\/files\/2009\/01\/di3352552k2-300x2251.jpg\"><img loading=\"lazy\" decoding=\"async\" class=\"aligncenter size-medium wp-image-94\" src=\"http:\/\/blog.espol.edu.ec\/dobaco\/files\/2009\/01\/di3352552k2-300x2251.jpg\" alt=\"\" width=\"300\" height=\"225\" \/><\/a><\/p>\n<p>\u00a0<\/p>\n<p class=\"MsoNormal\" style=\"text-align: justify\">Hola<span>\u00a0 <\/span>amigos bienvenidos al blog de Dimosk, estudiante de la FIEC (Facultad de Ingenier\u00eda El\u00e9ctrica y Computaci\u00f3n) de la <a href=\"http:\/\/www.espol.edu.ec\/\">ESPOL<\/a>.<\/p>\n<p class=\"MsoNormal\" style=\"text-align: justify\">Este blog es parte de mi tarea, pero adem\u00e1s de eso creo que va a ser de mucha ayuda para poder estar en contacto con mis amigos y compa\u00f1eros<span>\u00a0 <\/span>en este semestre.<\/p>\n<p class=\"MsoNormal\" style=\"text-align: justify\">Aqu\u00ed podr\u00e1s encontrar, videos, archivos de clases, material para todos los compa\u00f1eros de la espol y de otras universidades, enlaces de entretenimiento, fotos, videos y mucho material para estudiar y para divertirse\u2026\u2026..<\/p>\n<p class=\"MsoNormal\" style=\"text-align: justify\">Espero que sea de su agrado y si no es asi,\u00a0estoy dispuesto a escuchar tu opini\u00f3n la cual servir\u00e1 de mucho para mejorar este blog y adem\u00e1s para que seas parte de este blog as\u00ed que quedas cordialmente invitado a crear este blog conmigo solo tienes que escribir a\u00a0<span>\u00a0<\/span>dmos1987@hotmail.com<\/p>\n","protected":false},"excerpt":{"rendered":"<p>Bienvenidos \u2026.. \u00a0 \u00a0 Hola\u00a0 amigos bienvenidos al blog de Dimosk, estudiante de la FIEC (Facultad de Ingenier\u00eda El\u00e9ctrica y Computaci\u00f3n) de la ESPOL. Este blog es parte de mi tarea, pero adem\u00e1s de eso creo que va a ser de mucha ayuda para poder estar en contacto con mis amigos y compa\u00f1eros\u00a0 en este [&hellip;]<\/p>\n","protected":false},"author":179,"featured_media":0,"parent":0,"menu_order":0,"comment_status":"open","ping_status":"open","template":"","meta":{"footnotes":""},"class_list":["post-91","page","type-page","status-publish","hentry"],"_links":{"self":[{"href":"https:\/\/blog.espol.edu.ec\/dobaco\/wp-json\/wp\/v2\/pages\/91","targetHints":{"allow":["GET"]}}],"collection":[{"href":"https:\/\/blog.espol.edu.ec\/dobaco\/wp-json\/wp\/v2\/pages"}],"about":[{"href":"https:\/\/blog.espol.edu.ec\/dobaco\/wp-json\/wp\/v2\/types\/page"}],"author":[{"embeddable":true,"href":"https:\/\/blog.espol.edu.ec\/dobaco\/wp-json\/wp\/v2\/users\/179"}],"replies":[{"embeddable":true,"href":"https:\/\/blog.espol.edu.ec\/dobaco\/wp-json\/wp\/v2\/comments?post=91"}],"version-history":[{"count":4,"href":"https:\/\/blog.espol.edu.ec\/dobaco\/wp-json\/wp\/v2\/pages\/91\/revisions"}],"predecessor-version":[{"id":97,"href":"https:\/\/blog.espol.edu.ec\/dobaco\/wp-json\/wp\/v2\/pages\/91\/revisions\/97"}],"wp:attachment":[{"href":"https:\/\/blog.espol.edu.ec\/dobaco\/wp-json\/wp\/v2\/media?parent=91"}],"curies":[{"name":"wp","href":"https:\/\/api.w.org\/{rel}","templated":true}]}}