{"id":38,"date":"2015-11-22T23:13:06","date_gmt":"2015-11-22T23:13:06","guid":{"rendered":"http:\/\/blog.espol.edu.ec\/dpilco\/?page_id=38"},"modified":"2015-11-30T00:19:19","modified_gmt":"2015-11-30T00:19:19","slug":"fb-arctic-monkeys","status":"publish","type":"page","link":"https:\/\/blog.espol.edu.ec\/dpilco\/fb-arctic-monkeys\/","title":{"rendered":"Historia"},"content":{"rendered":"<p style=\"text-align: center\">En <a title=\"2001\" href=\"https:\/\/es.wikipedia.org\/wiki\/2001\">2001<\/a> los vecinos <a title=\"Alex Turner\" href=\"https:\/\/es.wikipedia.org\/wiki\/Alex_Turner\">Alex Turner<\/a> y <a title=\"Matt Helders\" href=\"https:\/\/es.wikipedia.org\/wiki\/Matt_Helders\">Matt Helders<\/a> pidieron alg\u00fan instrumento musical como regalo de <a title=\"Navidad\" href=\"https:\/\/es.wikipedia.org\/wiki\/Navidad\">Navidad<\/a>.<span style=\"font-size: 10px\">\u00a0<\/span>Despu\u00e9s de haber aprendido a tocar por su cuenta, la pareja form\u00f3 una banda con los amigos de la escuela de Turner (Stocksbridge High School), Andy Nicholson y <a title=\"Matt Helders\" href=\"https:\/\/es.wikipedia.org\/wiki\/Matt_Helders\">Matt Helders<\/a>.\u00a0Nicholson ya sab\u00eda tocar el <a class=\"mw-redirect\" title=\"Bajo (instrumento musical)\" href=\"https:\/\/es.wikipedia.org\/wiki\/Bajo_(instrumento_musical)\">bajo<\/a>, as\u00ed que Helders termin\u00f3 en la <a title=\"Bater\u00eda (instrumento musical)\" href=\"https:\/\/es.wikipedia.org\/wiki\/Bater%C3%ADa_(instrumento_musical)\">bater\u00eda<\/a>.<sup id=\"cite_ref-Hour_11-1\" class=\"reference\"><a href=\"https:\/\/es.wikipedia.org\/wiki\/Arctic_Monkeys#cite_note-Hour-11\">11<\/a><\/sup> \"Eso era lo \u00fanico que faltaba\", seg\u00fan Helders.<span style=\"font-size: 10px\">\u00a0<\/span>En un art\u00edculo de la revista <a title=\"Blender (revista)\" href=\"https:\/\/es.wikipedia.org\/wiki\/Blender_(revista)\">Blender<\/a> de <a class=\"mw-redirect\" title=\"Mayo de 2006\" href=\"https:\/\/es.wikipedia.org\/wiki\/Mayo_de_2006\">mayo de 2006<\/a> se mencion\u00f3 que Turner no era el vocalista original - \"Cuando su primer vocalista, Glyn Jones, dej\u00f3 la banda despu\u00e9s de unos meses, Turner tom\u00f3 el micr\u00f3fono.\"Este hecho fue nuevamente reportado m\u00e1s detalladamente en el <a title=\"Tabloide\" href=\"https:\/\/es.wikipedia.org\/wiki\/Tabloide\">tabloide<\/a> <a title=\"Reino Unido\" href=\"https:\/\/es.wikipedia.org\/wiki\/Reino_Unido\">brit\u00e1nico<\/a> <a title=\"The Sun\" href=\"https:\/\/es.wikipedia.org\/wiki\/The_Sun\">The Sun<\/a>, en el cual Jones cuenta que una tarde, despu\u00e9s de unos ex\u00e1menes, estaban aburridos con Alex, as\u00ed que empezaron a escribir una canci\u00f3n acerca de Sheffield, ciudad natal de la banda. Glyn era el cantante principal s\u00f3lo porque \"Alex era muy t\u00edmido y no era consciente de su gran voz... pero estaba contento tocando su guitarra.\"<\/p>\n<p style=\"text-align: center\">Glyn coment\u00f3 que no ten\u00eda la intenci\u00f3n de dar un paso m\u00e1s all\u00e1 - \"para m\u00ed \u00e9ramos s\u00f3lo una pandilla de ni\u00f1os causando problemas debido al aburrimiento.\"\u00a0Aunque algunos rumores cuentan que el grupo se puso el nombre de la banda del t\u00edo de Helders (o la de su padre), \u00e9ste lo neg\u00f3, afirmando que \"lo inventamos todo porque mucha gente nos preguntaba [acerca del nombre], as\u00ed que simplemente empezamos a inventar historias\",y que luego no tuvo el valor para reconocer de que estaba mintiendo.<\/p>\n<p style=\"text-align: center\">Sus primeros ensayos los hicieron en los Estudios Yellow Arch en Neepsend,\u00a0mientras que su primer concierto fue el <a title=\"12 de junio\" href=\"https:\/\/es.wikipedia.org\/wiki\/12_de_junio\">12 de junio<\/a> de <a title=\"2003\" href=\"https:\/\/es.wikipedia.org\/wiki\/2003\">2003<\/a> en The Grapes en Sheffield.<span style=\"font-size: 10px\">\u00a0<\/span>Despu\u00e9s de unas cuantas presentaciones, empezaron a grabar <a class=\"mw-redirect\" title=\"Demo (m\u00fasica)\" href=\"https:\/\/es.wikipedia.org\/wiki\/Demo_(m%C3%BAsica)\">demos<\/a> y a grabarlos en <a title=\"Disco compacto\" href=\"https:\/\/es.wikipedia.org\/wiki\/Disco_compacto\">CD<\/a> para regalarlos en los conciertos. Con un n\u00famero limitado de CD disponibles, los fans comenzaron a <a title=\"Ripear\" href=\"https:\/\/es.wikipedia.org\/wiki\/Ripear\">ripear<\/a> la m\u00fasica en sus ordenadores y a compartirla entre ellos. Al grupo no le import\u00f3, diciendo que \"nunca hicimos esas demos para hacer dinero ni nada. Est\u00e1bamos regal\u00e1ndolas de todos modos, era la mejor manera de que la gente las escuchara. Eso hizo que los conciertos fuesen mejores, debido a que la gente sab\u00eda las letras y cantaba con nosotros.\"<sup id=\"cite_ref-Prefix1_15-1\" class=\"reference\"><a href=\"https:\/\/es.wikipedia.org\/wiki\/Arctic_Monkeys#cite_note-Prefix1-15\">15<\/a><\/sup> No quisieron responsabilizarse de la difusi\u00f3n de su m\u00fasica, admitiendo que ni siquiera sab\u00edan c\u00f3mo poner sus canciones en <a title=\"Internet\" href=\"https:\/\/es.wikipedia.org\/wiki\/Internet\">Internet<\/a>.\u00a0Cuando un periodista de Prefix Magazine les habl\u00f3 sobre la popularidad de la banda en MySpace, los miembros de la banda admitieron que ni siquiera sab\u00edan qu\u00e9 era MySpace, y que su p\u00e1gina oficial hab\u00eda sido creada por sus fans.<\/p>\n<blockquote class=\"citado\"><p>Cuando \u00e9ramos n\u00famero 1 en los charts en <a title=\"Inglaterra\" href=\"https:\/\/es.wikipedia.org\/wiki\/Inglaterra\">Inglaterra<\/a> est\u00e1bamos en las noticias y en la radio. Hablaban sobre c\u00f3mo Myspace nos hab\u00eda ayudado. \u00c9se es el ejemplo perfecto de alguien que no sabe de qu\u00e9 diablos le est\u00e1n hablando. No ten\u00edamos idea de qu\u00e9 se trataba.<\/p>\n<div>Arctic Monkeys<sup id=\"cite_ref-Prefix1_15-3\" class=\"reference\"><a href=\"https:\/\/es.wikipedia.org\/wiki\/Arctic_Monkeys#cite_note-Prefix1-15\">15<\/a><\/sup><\/div>\n<\/blockquote>\n<p style=\"text-align: center\">Comenzaron a ganar popularidad en el norte de <a title=\"Inglaterra\" href=\"https:\/\/es.wikipedia.org\/wiki\/Inglaterra\">Inglaterra<\/a>,\u00a0siendo el n\u00facleo de su popularidad el lugar donde la banda sol\u00eda tocar a menudo, The Boardwalk. En <a class=\"mw-redirect\" title=\"Mayo de 2005\" href=\"https:\/\/es.wikipedia.org\/wiki\/Mayo_de_2005\">mayo de 2005<\/a>, la banda lanz\u00f3 su primer <a class=\"mw-redirect\" title=\"EP\" href=\"https:\/\/es.wikipedia.org\/wiki\/EP\">EP<\/a>, <a title=\"Five Minutes with Arctic Monkeys\" href=\"https:\/\/es.wikipedia.org\/wiki\/Five_Minutes_with_Arctic_Monkeys\">Five Minutes with Arctic Monkeys<\/a>, el cual conten\u00eda las canciones \"<a title=\"Fake Tales of San Francisco\" href=\"https:\/\/es.wikipedia.org\/wiki\/Fake_Tales_of_San_Francisco\">Fake Tales of San Francisco<\/a>\" y \"From the Ritz to the Rubble\". Dicho lanzamiento fue limitado a 500 <a class=\"mw-redirect\" title=\"CD\" href=\"https:\/\/es.wikipedia.org\/wiki\/CD\">CD<\/a> y a 1000 <a title=\"Disco de vinilo\" href=\"https:\/\/es.wikipedia.org\/wiki\/Disco_de_vinilo\">LP<\/a>, estuvo tambi\u00e9n disponible para su descarga en <a class=\"mw-redirect\" title=\"ITunes Music Store\" href=\"https:\/\/es.wikipedia.org\/wiki\/ITunes_Music_Store\">iTunes Music Store<\/a>. Poco despu\u00e9s, la banda toc\u00f3 en la Carling Stage de los<a class=\"mw-redirect\" title=\"Festivales de Reading y Leeds\" href=\"https:\/\/es.wikipedia.org\/wiki\/Festivales_de_Reading_y_Leeds\">Festivales de Reading y Leeds<\/a>, un festival reservado para bandas poco conocidas o sin discogr\u00e1fica. Su aparici\u00f3n estuvo repleta de periodistas y fue recibida por una multitud, mayor a la de otro concierto anterior, adem\u00e1s de haber sido aclamada por la cr\u00edtica.\u00a0En el concierto, el p\u00fablico continuamente estuvo cantando junto a la banda.<\/p>\n","protected":false},"excerpt":{"rendered":"<p>En 2001 los vecinos Alex Turner y Matt Helders pidieron alg\u00fan instrumento musical como regalo de Navidad.\u00a0Despu\u00e9s de haber aprendido a tocar por su cuenta, la pareja form\u00f3 una banda con los amigos de la escuela de Turner (Stocksbridge High School), Andy Nicholson y Matt Helders.\u00a0Nicholson ya sab\u00eda tocar el bajo, as\u00ed que Helders termin\u00f3 [&hellip;]<\/p>\n","protected":false},"author":10011,"featured_media":49,"parent":0,"menu_order":0,"comment_status":"closed","ping_status":"closed","template":"","meta":{"footnotes":""},"class_list":["post-38","page","type-page","status-publish","has-post-thumbnail","hentry"],"_links":{"self":[{"href":"https:\/\/blog.espol.edu.ec\/dpilco\/wp-json\/wp\/v2\/pages\/38","targetHints":{"allow":["GET"]}}],"collection":[{"href":"https:\/\/blog.espol.edu.ec\/dpilco\/wp-json\/wp\/v2\/pages"}],"about":[{"href":"https:\/\/blog.espol.edu.ec\/dpilco\/wp-json\/wp\/v2\/types\/page"}],"author":[{"embeddable":true,"href":"https:\/\/blog.espol.edu.ec\/dpilco\/wp-json\/wp\/v2\/users\/10011"}],"replies":[{"embeddable":true,"href":"https:\/\/blog.espol.edu.ec\/dpilco\/wp-json\/wp\/v2\/comments?post=38"}],"version-history":[{"count":3,"href":"https:\/\/blog.espol.edu.ec\/dpilco\/wp-json\/wp\/v2\/pages\/38\/revisions"}],"predecessor-version":[{"id":53,"href":"https:\/\/blog.espol.edu.ec\/dpilco\/wp-json\/wp\/v2\/pages\/38\/revisions\/53"}],"wp:featuredmedia":[{"embeddable":true,"href":"https:\/\/blog.espol.edu.ec\/dpilco\/wp-json\/wp\/v2\/media\/49"}],"wp:attachment":[{"href":"https:\/\/blog.espol.edu.ec\/dpilco\/wp-json\/wp\/v2\/media?parent=38"}],"curies":[{"name":"wp","href":"https:\/\/api.w.org\/{rel}","templated":true}]}}