{"id":41,"date":"2015-11-22T23:13:55","date_gmt":"2015-11-22T23:13:55","guid":{"rendered":"http:\/\/blog.espol.edu.ec\/dpilco\/?page_id=41"},"modified":"2015-11-30T00:23:31","modified_gmt":"2015-11-30T00:23:31","slug":"follow-us","status":"publish","type":"page","link":"https:\/\/blog.espol.edu.ec\/dpilco\/follow-us\/","title":{"rendered":"Cr\u00edtica y controversia"},"content":{"rendered":"<p>La banda ha sido criticada principalmente por la atenci\u00f3n que ha recibido de parte de los medios.\u00a0Los cr\u00edticos los han descrito como \"uno de los tantos en una larga lista con exceso de atenci\u00f3n de <i>NME<\/i>\". El lanzamiento del EP <i>Who the Fuck Are Arctic Monkeys<\/i> a s\u00f3lo 3 meses de su \u00e1lbum debut, ha sido criticado por algunos, quienes han visto esto como una muestra de \"avaricia\", siendo acusados de querer \"sacar partido de su \u00e9xito\".\u00a0La banda contradijo esas cr\u00edticas argumentando que lanzan nueva m\u00fasica regularmente, no para hacer dinero, sino para evitar el \"aburrimiento de estar tres a\u00f1os de gira con un s\u00f3lo \u00e1lbum.\"<\/p>\n<p>La portada de <i>Whatever People Say I Am, That's What I'm Not<\/i>, mostrando a Chris McClure, un amigo de la banda, fumando un cigarro, fue criticada por el l\u00edder del NHS en\u00a0Escocia por \u00abreforzar la idea de que fumar est\u00e1 bien\u00bb.La imagen del disco es una foto llena de cigarros apagados. El representante de la banda coment\u00f3 lo opuesto: \u00abPuedes ver en la imagen que el fumar no le est\u00e1 haciendo para nada bien\u00bb.<\/p>\n<p>Arctic Monkeys fue parte de una ca\u00f3tica y muy criticada ceremonia en los Brit Awards de 2008: mientras aceptaban su premio de \u00abmejor grupo brit\u00e1nico\u00bb, hicieron bromas de haber ido a la <i>BRIT School<\/i> en Croyon.\u00a0La banda creci\u00f3 en Sheffield y en realidad no asist\u00edan a dicho colegio, simplemente estaban ridiculizando a los anteriores ganadores de la noche Adele y Kate Nash, quienes hab\u00edan agradecido al p\u00fablico y a la escuela en su discurso de aceptaci\u00f3n. El discurso fue editado por ITV.<\/p>\n<p>En el a\u00f1o 2011, algunos medios estadounidenses se declararon en contra del nombre de su cuarto \u00e1lbum, ya que \u00abincitaba a actos lascivos\u00bb. Por tanto, en este pa\u00eds la portada de <i>Suck It and See<\/i> fue prohibida. Sin embargo, hubo una recepci\u00f3n bastante positiva por parte del p\u00fablico norteamericano.<\/p>\n","protected":false},"excerpt":{"rendered":"<p>La banda ha sido criticada principalmente por la atenci\u00f3n que ha recibido de parte de los medios.\u00a0Los cr\u00edticos los han descrito como \"uno de los tantos en una larga lista con exceso de atenci\u00f3n de NME\". El lanzamiento del EP Who the Fuck Are Arctic Monkeys a s\u00f3lo 3 meses de su \u00e1lbum debut, ha [&hellip;]<\/p>\n","protected":false},"author":10011,"featured_media":6,"parent":0,"menu_order":0,"comment_status":"closed","ping_status":"closed","template":"","meta":{"footnotes":""},"class_list":["post-41","page","type-page","status-publish","has-post-thumbnail","hentry"],"_links":{"self":[{"href":"https:\/\/blog.espol.edu.ec\/dpilco\/wp-json\/wp\/v2\/pages\/41","targetHints":{"allow":["GET"]}}],"collection":[{"href":"https:\/\/blog.espol.edu.ec\/dpilco\/wp-json\/wp\/v2\/pages"}],"about":[{"href":"https:\/\/blog.espol.edu.ec\/dpilco\/wp-json\/wp\/v2\/types\/page"}],"author":[{"embeddable":true,"href":"https:\/\/blog.espol.edu.ec\/dpilco\/wp-json\/wp\/v2\/users\/10011"}],"replies":[{"embeddable":true,"href":"https:\/\/blog.espol.edu.ec\/dpilco\/wp-json\/wp\/v2\/comments?post=41"}],"version-history":[{"count":3,"href":"https:\/\/blog.espol.edu.ec\/dpilco\/wp-json\/wp\/v2\/pages\/41\/revisions"}],"predecessor-version":[{"id":55,"href":"https:\/\/blog.espol.edu.ec\/dpilco\/wp-json\/wp\/v2\/pages\/41\/revisions\/55"}],"wp:featuredmedia":[{"embeddable":true,"href":"https:\/\/blog.espol.edu.ec\/dpilco\/wp-json\/wp\/v2\/media\/6"}],"wp:attachment":[{"href":"https:\/\/blog.espol.edu.ec\/dpilco\/wp-json\/wp\/v2\/media?parent=41"}],"curies":[{"name":"wp","href":"https:\/\/api.w.org\/{rel}","templated":true}]}}