{"id":20,"date":"2015-10-26T17:30:51","date_gmt":"2015-10-26T17:30:51","guid":{"rendered":"http:\/\/blog.espol.edu.ec\/drmirand\/?page_id=20"},"modified":"2015-11-08T07:38:55","modified_gmt":"2015-11-08T07:38:55","slug":"mi-primer-power-point","status":"publish","type":"page","link":"https:\/\/blog.espol.edu.ec\/drmirand\/mi-primer-power-point\/","title":{"rendered":"Barcos"},"content":{"rendered":"<p><iframe loading=\"lazy\" src=\"\/\/es.slideshare.net\/slideshow\/embed_code\/key\/BHflqwDBjM0qzS\" width=\"425\" height=\"355\" frameborder=\"0\" allowfullscreen=\"allowfullscreen\"> <\/iframe><\/p>\n<p>\u00bfQu\u00e9 es un barco? \u00bfCu\u00e1les son las partes de un barco?\u00bfPara qu\u00e9 sirven? muchas y otras dudas ser\u00e1n contestadas en esta magnifica pesentaci\u00f3n.<\/p>\n<div style=\"margin-bottom: 5px\"><strong> <a title=\"Barcos: &quot;Historia, Tipos y Mas&quot;\" href=\"\/\/es.slideshare.net\/Ivan98Mc\/barcos-historia-tipos-y-mas\" target=\"_blank\">Barcos: \"Historia, Tipos y Mas\"<\/a> <\/strong> from <strong><a href=\"\/\/www.slideshare.net\/Ivan98Mc\" target=\"_blank\">Ivan98Mc<\/a><\/strong><\/div>\n","protected":false},"excerpt":{"rendered":"<p>\u00bfQu\u00e9 es un barco? \u00bfCu\u00e1les son las partes de un barco?\u00bfPara qu\u00e9 sirven? muchas y otras dudas ser\u00e1n contestadas en esta magnifica pesentaci\u00f3n. Barcos: \"Historia, Tipos y Mas\" from Ivan98Mc<\/p>\n","protected":false},"author":9902,"featured_media":0,"parent":0,"menu_order":0,"comment_status":"closed","ping_status":"closed","template":"","meta":{"footnotes":""},"class_list":["post-20","page","type-page","status-publish","hentry"],"_links":{"self":[{"href":"https:\/\/blog.espol.edu.ec\/drmirand\/wp-json\/wp\/v2\/pages\/20","targetHints":{"allow":["GET"]}}],"collection":[{"href":"https:\/\/blog.espol.edu.ec\/drmirand\/wp-json\/wp\/v2\/pages"}],"about":[{"href":"https:\/\/blog.espol.edu.ec\/drmirand\/wp-json\/wp\/v2\/types\/page"}],"author":[{"embeddable":true,"href":"https:\/\/blog.espol.edu.ec\/drmirand\/wp-json\/wp\/v2\/users\/9902"}],"replies":[{"embeddable":true,"href":"https:\/\/blog.espol.edu.ec\/drmirand\/wp-json\/wp\/v2\/comments?post=20"}],"version-history":[{"count":4,"href":"https:\/\/blog.espol.edu.ec\/drmirand\/wp-json\/wp\/v2\/pages\/20\/revisions"}],"predecessor-version":[{"id":41,"href":"https:\/\/blog.espol.edu.ec\/drmirand\/wp-json\/wp\/v2\/pages\/20\/revisions\/41"}],"wp:attachment":[{"href":"https:\/\/blog.espol.edu.ec\/drmirand\/wp-json\/wp\/v2\/media?parent=20"}],"curies":[{"name":"wp","href":"https:\/\/api.w.org\/{rel}","templated":true}]}}