{"id":42,"date":"2015-11-08T07:47:08","date_gmt":"2015-11-08T07:47:08","guid":{"rendered":"http:\/\/blog.espol.edu.ec\/drmirand\/?page_id=42"},"modified":"2015-11-08T07:47:08","modified_gmt":"2015-11-08T07:47:08","slug":"instrumentacion-electronica","status":"publish","type":"page","link":"https:\/\/blog.espol.edu.ec\/drmirand\/instrumentacion-electronica\/","title":{"rendered":"Instrumentaci\u00f3n Electronica"},"content":{"rendered":"<p><iframe loading=\"lazy\" src=\"\/\/es.slideshare.net\/slideshow\/embed_code\/key\/s8crxqD6qSGK9V\" width=\"425\" height=\"355\" frameborder=\"0\" allowfullscreen=\"allowfullscreen\"> <\/iframe><\/p>\n<p>Muchas veces nos hemos subido a bordo ya sea de una lancha, yate, barco o crucero y nos hemos preguntado para qu\u00e9 sirven todos esos aparatos electr\u00f3nicos que vemos en las cabinas de un barco y no encontramos respuesta. En esta presentaci\u00f3n podremos conocer el uso de los distintos aparatos de navegaci\u00f3n y control a bordo de un nav\u00edo y cual es su importancia.<\/p>\n<div style=\"margin-bottom: 5px\"><strong> <a title=\"Equipos electr\u00f3nicos a bordo de buques comerciales\" href=\"\/\/es.slideshare.net\/dditullio\/equipos-electrnicos-a-bordo-de-buques-comerciales\" target=\"_blank\">Equipos electr\u00f3nicos a bordo de buques comerciales<\/a> <\/strong> from <strong><a href=\"\/\/www.slideshare.net\/dditullio\" target=\"_blank\">dditullio<\/a><\/strong><\/div>\n","protected":false},"excerpt":{"rendered":"<p>Muchas veces nos hemos subido a bordo ya sea de una lancha, yate, barco o crucero y nos hemos preguntado para qu\u00e9 sirven todos esos aparatos electr\u00f3nicos que vemos en las cabinas de un barco y no encontramos respuesta. En esta presentaci\u00f3n podremos conocer el uso de los distintos aparatos de navegaci\u00f3n y control a [&hellip;]<\/p>\n","protected":false},"author":9902,"featured_media":0,"parent":0,"menu_order":0,"comment_status":"closed","ping_status":"closed","template":"","meta":{"footnotes":""},"class_list":["post-42","page","type-page","status-publish","hentry"],"_links":{"self":[{"href":"https:\/\/blog.espol.edu.ec\/drmirand\/wp-json\/wp\/v2\/pages\/42","targetHints":{"allow":["GET"]}}],"collection":[{"href":"https:\/\/blog.espol.edu.ec\/drmirand\/wp-json\/wp\/v2\/pages"}],"about":[{"href":"https:\/\/blog.espol.edu.ec\/drmirand\/wp-json\/wp\/v2\/types\/page"}],"author":[{"embeddable":true,"href":"https:\/\/blog.espol.edu.ec\/drmirand\/wp-json\/wp\/v2\/users\/9902"}],"replies":[{"embeddable":true,"href":"https:\/\/blog.espol.edu.ec\/drmirand\/wp-json\/wp\/v2\/comments?post=42"}],"version-history":[{"count":1,"href":"https:\/\/blog.espol.edu.ec\/drmirand\/wp-json\/wp\/v2\/pages\/42\/revisions"}],"predecessor-version":[{"id":43,"href":"https:\/\/blog.espol.edu.ec\/drmirand\/wp-json\/wp\/v2\/pages\/42\/revisions\/43"}],"wp:attachment":[{"href":"https:\/\/blog.espol.edu.ec\/drmirand\/wp-json\/wp\/v2\/media?parent=42"}],"curies":[{"name":"wp","href":"https:\/\/api.w.org\/{rel}","templated":true}]}}