{"id":45,"date":"2015-11-08T07:58:25","date_gmt":"2015-11-08T07:58:25","guid":{"rendered":"http:\/\/blog.espol.edu.ec\/drmirand\/?page_id=45"},"modified":"2015-11-08T07:58:25","modified_gmt":"2015-11-08T07:58:25","slug":"seguridad-a-bordo","status":"publish","type":"page","link":"https:\/\/blog.espol.edu.ec\/drmirand\/seguridad-a-bordo\/","title":{"rendered":"Seguridad a bordo"},"content":{"rendered":"<p><iframe loading=\"lazy\" src=\"\/\/es.slideshare.net\/slideshow\/embed_code\/key\/rC1YwaNf7upM3j\" width=\"425\" height=\"355\" frameborder=\"0\" allowfullscreen=\"allowfullscreen\"> <\/iframe><\/p>\n<p>La seguridad a bordo de un barco es fundamental y primordial. Mientras mas grande es el barco mas exigencias de est\u00e1ndares de seguridad debe cumplir al momento de zarpar de un puerto. Sin lugar a dudas el mayor temor dentro de un viaje por barco es un peligro de incendio. \u00c9ste ha sido el causante de que cientos de barcos a lo largo de la historia dela humanidad se hayan hundido en el fondo del mar. Es por ello que es de vital importancia saber cuales son las recomendaciones de c\u00f3mo actuar en caso de un eventual peligro de incendio a bordo de un barco y c\u00f3mo evitarlo. Les dejo aqu\u00ed esta presentaci\u00f3n que ilustrar\u00e1 la seguridad dentro de un barco.<\/p>\n<div style=\"margin-bottom: 5px\"><strong> <a title=\"ISM - Curso Buques RO-RO &amp; Pasaje - 6 dispositivos de salvamento\" href=\"\/\/es.slideshare.net\/adiezfernandez\/6-dispositivos-de-salvamento-17205474\" target=\"_blank\">ISM - Curso Buques RO-RO &amp; Pasaje - 6 dispositivos de salvamento<\/a> <\/strong> from <strong><a href=\"\/\/www.slideshare.net\/adiezfernandez\" target=\"_blank\">Alejandro D\u00edez Fern\u00e1ndez<\/a><\/strong><\/div>\n","protected":false},"excerpt":{"rendered":"<p>La seguridad a bordo de un barco es fundamental y primordial. Mientras mas grande es el barco mas exigencias de est\u00e1ndares de seguridad debe cumplir al momento de zarpar de un puerto. Sin lugar a dudas el mayor temor dentro de un viaje por barco es un peligro de incendio. \u00c9ste ha sido el causante [&hellip;]<\/p>\n","protected":false},"author":9902,"featured_media":0,"parent":0,"menu_order":0,"comment_status":"closed","ping_status":"closed","template":"","meta":{"footnotes":""},"class_list":["post-45","page","type-page","status-publish","hentry"],"_links":{"self":[{"href":"https:\/\/blog.espol.edu.ec\/drmirand\/wp-json\/wp\/v2\/pages\/45","targetHints":{"allow":["GET"]}}],"collection":[{"href":"https:\/\/blog.espol.edu.ec\/drmirand\/wp-json\/wp\/v2\/pages"}],"about":[{"href":"https:\/\/blog.espol.edu.ec\/drmirand\/wp-json\/wp\/v2\/types\/page"}],"author":[{"embeddable":true,"href":"https:\/\/blog.espol.edu.ec\/drmirand\/wp-json\/wp\/v2\/users\/9902"}],"replies":[{"embeddable":true,"href":"https:\/\/blog.espol.edu.ec\/drmirand\/wp-json\/wp\/v2\/comments?post=45"}],"version-history":[{"count":1,"href":"https:\/\/blog.espol.edu.ec\/drmirand\/wp-json\/wp\/v2\/pages\/45\/revisions"}],"predecessor-version":[{"id":46,"href":"https:\/\/blog.espol.edu.ec\/drmirand\/wp-json\/wp\/v2\/pages\/45\/revisions\/46"}],"wp:attachment":[{"href":"https:\/\/blog.espol.edu.ec\/drmirand\/wp-json\/wp\/v2\/media?parent=45"}],"curies":[{"name":"wp","href":"https:\/\/api.w.org\/{rel}","templated":true}]}}