{"id":62,"date":"2015-11-05T23:32:32","date_gmt":"2015-11-05T23:32:32","guid":{"rendered":"http:\/\/blog.espol.edu.ec\/drrivera\/?page_id=62"},"modified":"2015-11-07T02:23:04","modified_gmt":"2015-11-07T02:23:04","slug":"gastronomia","status":"publish","type":"page","link":"https:\/\/blog.espol.edu.ec\/drrivera\/gastronomia\/","title":{"rendered":"Gastronom\u00eda"},"content":{"rendered":"<p>La provincia de Imbabura es muy reconocida por la diversidad de platos t\u00edpicos que tiene para ofrecer a sus turistas. A continuaci\u00f3n expondr\u00e9 los platos mas conocidos y sabrosos de Imbabura.<\/p>\n<p><strong>El Cuy<\/strong><\/p>\n<p><a href=\"http:\/\/blog.espol.edu.ec\/drrivera\/files\/2015\/11\/wd.jpg\"><img loading=\"lazy\" decoding=\"async\" class=\"alignnone size-full wp-image-63\" src=\"http:\/\/blog.espol.edu.ec\/drrivera\/files\/2015\/11\/wd.jpg\" alt=\"wd\" width=\"200\" height=\"200\" srcset=\"https:\/\/blog.espol.edu.ec\/drrivera\/files\/2015\/11\/wd.jpg 200w, https:\/\/blog.espol.edu.ec\/drrivera\/files\/2015\/11\/wd-150x150.jpg 150w\" sizes=\"auto, (max-width: 200px) 100vw, 200px\" \/><\/a><\/p>\n<p>Puedes disfrutar de un delicioso cuy en Chaltura, una parroquia de Antonio Ante, que es famosa y muy reconocida a nivel nacional por la preparaci\u00f3n del cuy.<\/p>\n<p><strong>La fritada\u00a0<\/strong><\/p>\n<p><a href=\"http:\/\/blog.espol.edu.ec\/drrivera\/files\/2015\/11\/ve.jpg\"><img loading=\"lazy\" decoding=\"async\" class=\"alignnone size-medium wp-image-64\" src=\"http:\/\/blog.espol.edu.ec\/drrivera\/files\/2015\/11\/ve-300x183.jpg\" alt=\"ve\" width=\"300\" height=\"183\" srcset=\"https:\/\/blog.espol.edu.ec\/drrivera\/files\/2015\/11\/ve-300x183.jpg 300w, https:\/\/blog.espol.edu.ec\/drrivera\/files\/2015\/11\/ve.jpg 482w\" sizes=\"auto, (max-width: 300px) 100vw, 300px\" \/><\/a><\/p>\n<p>Este delicioso plato hecho de carne de cerdo y acompa\u00f1ada con tortillas, mote, ensalada, tostado y con un poco de aj\u00ed; lo puedes degustar en Atuntaqui, Otavalo y Cotacachi, lugares especializados en este plato t\u00edpico.<\/p>\n<p><strong>El hornado<\/strong><\/p>\n<p><a href=\"http:\/\/blog.espol.edu.ec\/drrivera\/files\/2015\/11\/veee.jpg\"><img loading=\"lazy\" decoding=\"async\" class=\"alignnone size-medium wp-image-69\" src=\"http:\/\/blog.espol.edu.ec\/drrivera\/files\/2015\/11\/veee-300x171.jpg\" alt=\"veee\" width=\"300\" height=\"171\" srcset=\"https:\/\/blog.espol.edu.ec\/drrivera\/files\/2015\/11\/veee-300x171.jpg 300w, https:\/\/blog.espol.edu.ec\/drrivera\/files\/2015\/11\/veee.jpg 700w\" sizes=\"auto, (max-width: 300px) 100vw, 300px\" \/><\/a><\/p>\n<p>El hornado o puerco horneado,es un plato t\u00edpico de Ecuador. Se trata de un plato que contiene carne de cerdo hornado, principalmente en le\u00f1a, y acompa\u00f1ado de distintas salsas y otros vegetales cocidos. Puedes degustar de este plato en San Miguel de Ibarra.<\/p>\n<p><strong>Helados de paila<\/strong><\/p>\n<p><a href=\"http:\/\/blog.espol.edu.ec\/drrivera\/files\/2015\/11\/zhe.jpg\"><img loading=\"lazy\" decoding=\"async\" class=\"alignnone size-medium wp-image-70\" src=\"http:\/\/blog.espol.edu.ec\/drrivera\/files\/2015\/11\/zhe-300x201.jpg\" alt=\"zhe\" width=\"300\" height=\"201\" srcset=\"https:\/\/blog.espol.edu.ec\/drrivera\/files\/2015\/11\/zhe-300x201.jpg 300w, https:\/\/blog.espol.edu.ec\/drrivera\/files\/2015\/11\/zhe.jpg 447w\" sizes=\"auto, (max-width: 300px) 100vw, 300px\" \/><\/a><\/p>\n<p>Los helados de paila son una de las delicias de la gastronom\u00eda ecuatoriana. Esta deliciosa golosina lleva a\u00f1os de tradici\u00f3n en Ecuador, de hecho se dice que los helados de paila datan de la \u00e9poca precolombina, cuando los ind\u00edgenas tomaban el hielo del volc\u00e1n Imbabura. Para elaborar este delicioso manjar se requiere paciencia, constancia y, sobre todo, escoger las mejores frutas que dar\u00e1n el sabor tan especial a los helados. Este manjar lo puedes disfrutar en la ciudad de Ibarra.<\/p>\n<p>&nbsp;<\/p>\n<p>&nbsp;<\/p>\n","protected":false},"excerpt":{"rendered":"<p>La provincia de Imbabura es muy reconocida por la diversidad de platos t\u00edpicos que tiene para ofrecer a sus turistas. A continuaci\u00f3n expondr\u00e9 los platos mas conocidos y sabrosos de Imbabura. El Cuy Puedes disfrutar de un delicioso cuy en &hellip; <a href=\"https:\/\/blog.espol.edu.ec\/drrivera\/gastronomia\/\">Sigue leyendo <span class=\"meta-nav\">&rarr;<\/span><\/a><\/p>\n","protected":false},"author":9941,"featured_media":0,"parent":0,"menu_order":0,"comment_status":"closed","ping_status":"closed","template":"","meta":{"footnotes":""},"class_list":["post-62","page","type-page","status-publish","hentry"],"_links":{"self":[{"href":"https:\/\/blog.espol.edu.ec\/drrivera\/wp-json\/wp\/v2\/pages\/62","targetHints":{"allow":["GET"]}}],"collection":[{"href":"https:\/\/blog.espol.edu.ec\/drrivera\/wp-json\/wp\/v2\/pages"}],"about":[{"href":"https:\/\/blog.espol.edu.ec\/drrivera\/wp-json\/wp\/v2\/types\/page"}],"author":[{"embeddable":true,"href":"https:\/\/blog.espol.edu.ec\/drrivera\/wp-json\/wp\/v2\/users\/9941"}],"replies":[{"embeddable":true,"href":"https:\/\/blog.espol.edu.ec\/drrivera\/wp-json\/wp\/v2\/comments?post=62"}],"version-history":[{"count":4,"href":"https:\/\/blog.espol.edu.ec\/drrivera\/wp-json\/wp\/v2\/pages\/62\/revisions"}],"predecessor-version":[{"id":71,"href":"https:\/\/blog.espol.edu.ec\/drrivera\/wp-json\/wp\/v2\/pages\/62\/revisions\/71"}],"wp:attachment":[{"href":"https:\/\/blog.espol.edu.ec\/drrivera\/wp-json\/wp\/v2\/media?parent=62"}],"curies":[{"name":"wp","href":"https:\/\/api.w.org\/{rel}","templated":true}]}}