{"id":90,"date":"2015-11-07T03:52:37","date_gmt":"2015-11-07T03:52:37","guid":{"rendered":"http:\/\/blog.espol.edu.ec\/drrivera\/?page_id=90"},"modified":"2015-11-07T03:52:37","modified_gmt":"2015-11-07T03:52:37","slug":"hospedaje","status":"publish","type":"page","link":"https:\/\/blog.espol.edu.ec\/drrivera\/hospedaje\/","title":{"rendered":"Hospedaje"},"content":{"rendered":"<p>En Imbabura encontraras una gran variedad y calidad de hoteles, hoster\u00edas y mas, ubicados en los lugares mas acogedores de la provincia para que te sientas c\u00f3modo y disfrutes de lo que te puede ofrecer este fant\u00e1stico lugar de mi Ecuador.<\/p>\n<p>A continuaci\u00f3n presentar\u00e9 algunas ofertas hoteleras que puedes eligir cuando visites mi provincia.<\/p>\n<p><strong><a href=\"http:\/\/www.tripadvisor.com.ar\/Hotel_Review-g312858-d2263865-Reviews-La_Estelita-Ibarra_Imbabura_Province.html\" target=\"_blank\">La Estelita<\/a><\/strong><\/p>\n<p><a href=\"http:\/\/blog.espol.edu.ec\/drrivera\/files\/2015\/11\/va.jpg\"><img loading=\"lazy\" decoding=\"async\" class=\"alignnone size-medium wp-image-91\" src=\"http:\/\/blog.espol.edu.ec\/drrivera\/files\/2015\/11\/va-300x164.jpg\" alt=\"va\" width=\"300\" height=\"164\" srcset=\"https:\/\/blog.espol.edu.ec\/drrivera\/files\/2015\/11\/va-300x164.jpg 300w, https:\/\/blog.espol.edu.ec\/drrivera\/files\/2015\/11\/va.jpg 840w\" sizes=\"auto, (max-width: 300px) 100vw, 300px\" \/><\/a><\/p>\n<p><strong><a href=\"https:\/\/www.tripadvisor.co\/Hotel_Review-g303848-d295139-Reviews-Hacienda_Pinsaqui-Otavalo_Imbabura_Province.html\" target=\"_blank\">Hacienda Pinsaqui<\/a><\/strong><\/p>\n<p><a href=\"http:\/\/blog.espol.edu.ec\/drrivera\/files\/2015\/11\/za.jpg\"><img loading=\"lazy\" decoding=\"async\" class=\"alignnone size-full wp-image-92\" src=\"http:\/\/blog.espol.edu.ec\/drrivera\/files\/2015\/11\/za.jpg\" alt=\"za\" width=\"290\" height=\"200\" \/><\/a><\/p>\n<p><strong><a href=\"https:\/\/www.tripadvisor.co\/Hotel_Review-g303848-d317913-Reviews-Casa_Mojanda-Otavalo_Imbabura_Province.html\" target=\"_blank\">Casa Mojanda\u00a0<\/a><\/strong><\/p>\n<p><a href=\"http:\/\/blog.espol.edu.ec\/drrivera\/files\/2015\/11\/zb.jpg\"><img loading=\"lazy\" decoding=\"async\" class=\"alignnone  wp-image-93\" src=\"http:\/\/blog.espol.edu.ec\/drrivera\/files\/2015\/11\/zb-300x112.jpg\" alt=\"zb\" width=\"348\" height=\"130\" srcset=\"https:\/\/blog.espol.edu.ec\/drrivera\/files\/2015\/11\/zb-300x112.jpg 300w, https:\/\/blog.espol.edu.ec\/drrivera\/files\/2015\/11\/zb.jpg 760w\" sizes=\"auto, (max-width: 348px) 100vw, 348px\" \/><\/a><\/p>\n<p><strong><a href=\"https:\/\/www.tripadvisor.co\/Hotel_Review-g312858-d308807-Reviews-Hotel_Ajavi-Ibarra_Imbabura_Province.html\" target=\"_blank\">Hotel Ajavi<\/a><\/strong><\/p>\n<p><a href=\"http:\/\/blog.espol.edu.ec\/drrivera\/files\/2015\/11\/zc.jpg\"><img loading=\"lazy\" decoding=\"async\" class=\"alignnone size-medium wp-image-94\" src=\"http:\/\/blog.espol.edu.ec\/drrivera\/files\/2015\/11\/zc-300x199.jpg\" alt=\"zc\" width=\"300\" height=\"199\" srcset=\"https:\/\/blog.espol.edu.ec\/drrivera\/files\/2015\/11\/zc-300x199.jpg 300w, https:\/\/blog.espol.edu.ec\/drrivera\/files\/2015\/11\/zc.jpg 550w\" sizes=\"auto, (max-width: 300px) 100vw, 300px\" \/><\/a><\/p>\n<p><strong>Hosteia Chorlavi\u00a0<\/strong><\/p>\n<p><a href=\"http:\/\/blog.espol.edu.ec\/drrivera\/files\/2015\/11\/zd.jpg\"><img loading=\"lazy\" decoding=\"async\" class=\"alignnone  wp-image-95\" src=\"http:\/\/blog.espol.edu.ec\/drrivera\/files\/2015\/11\/zd-300x100.jpg\" alt=\"zd\" width=\"438\" height=\"146\" srcset=\"https:\/\/blog.espol.edu.ec\/drrivera\/files\/2015\/11\/zd-300x100.jpg 300w, https:\/\/blog.espol.edu.ec\/drrivera\/files\/2015\/11\/zd-1024x341.jpg 1024w, https:\/\/blog.espol.edu.ec\/drrivera\/files\/2015\/11\/zd.jpg 1500w\" sizes=\"auto, (max-width: 438px) 100vw, 438px\" \/><\/a><\/p>\n<p><strong><a href=\"http:\/\/www.tripadvisor.com.ar\/Hotel_Review-g312858-d599517-Reviews-Hacienda_Primavera_Wilderness_Ecolodge-Ibarra_Imbabura_Province.html\" target=\"_blank\">Hacienda Primavera Wilderness Ecolodge<\/a><\/strong><\/p>\n<p><a href=\"http:\/\/blog.espol.edu.ec\/drrivera\/files\/2015\/11\/ze.jpg\"><img loading=\"lazy\" decoding=\"async\" class=\"alignnone size-medium wp-image-96\" src=\"http:\/\/blog.espol.edu.ec\/drrivera\/files\/2015\/11\/ze-300x190.jpg\" alt=\"ze\" width=\"300\" height=\"190\" srcset=\"https:\/\/blog.espol.edu.ec\/drrivera\/files\/2015\/11\/ze-300x190.jpg 300w, https:\/\/blog.espol.edu.ec\/drrivera\/files\/2015\/11\/ze.jpg 500w\" sizes=\"auto, (max-width: 300px) 100vw, 300px\" \/><\/a><\/p>\n<p><strong><a href=\"http:\/\/www.tripadvisor.com.ar\/Hotel_Review-g312858-d2487185-Reviews-Hosteria_Cananvalle-Ibarra_Imbabura_Province.html\" target=\"_blank\">Hosteria Cananvalle<\/a><\/strong><\/p>\n<p><a href=\"http:\/\/blog.espol.edu.ec\/drrivera\/files\/2015\/11\/zf.jpg\"><img loading=\"lazy\" decoding=\"async\" class=\"alignnone size-medium wp-image-97\" src=\"http:\/\/blog.espol.edu.ec\/drrivera\/files\/2015\/11\/zf-300x164.jpg\" alt=\"zf\" width=\"300\" height=\"164\" srcset=\"https:\/\/blog.espol.edu.ec\/drrivera\/files\/2015\/11\/zf-300x164.jpg 300w, https:\/\/blog.espol.edu.ec\/drrivera\/files\/2015\/11\/zf.jpg 840w\" sizes=\"auto, (max-width: 300px) 100vw, 300px\" \/><\/a><\/p>\n<p>&nbsp;<\/p>\n<p>&nbsp;<\/p>\n<p>&nbsp;<\/p>\n<h1 id=\"HEADING\" class=\"heading_name  \"><\/h1>\n<p>&nbsp;<\/p>\n<p>&nbsp;<\/p>\n<p>&nbsp;<\/p>\n","protected":false},"excerpt":{"rendered":"<p>En Imbabura encontraras una gran variedad y calidad de hoteles, hoster\u00edas y mas, ubicados en los lugares mas acogedores de la provincia para que te sientas c\u00f3modo y disfrutes de lo que te puede ofrecer este fant\u00e1stico lugar de mi &hellip; <a href=\"https:\/\/blog.espol.edu.ec\/drrivera\/hospedaje\/\">Sigue leyendo <span class=\"meta-nav\">&rarr;<\/span><\/a><\/p>\n","protected":false},"author":9941,"featured_media":0,"parent":0,"menu_order":0,"comment_status":"closed","ping_status":"closed","template":"","meta":{"footnotes":""},"class_list":["post-90","page","type-page","status-publish","hentry"],"_links":{"self":[{"href":"https:\/\/blog.espol.edu.ec\/drrivera\/wp-json\/wp\/v2\/pages\/90","targetHints":{"allow":["GET"]}}],"collection":[{"href":"https:\/\/blog.espol.edu.ec\/drrivera\/wp-json\/wp\/v2\/pages"}],"about":[{"href":"https:\/\/blog.espol.edu.ec\/drrivera\/wp-json\/wp\/v2\/types\/page"}],"author":[{"embeddable":true,"href":"https:\/\/blog.espol.edu.ec\/drrivera\/wp-json\/wp\/v2\/users\/9941"}],"replies":[{"embeddable":true,"href":"https:\/\/blog.espol.edu.ec\/drrivera\/wp-json\/wp\/v2\/comments?post=90"}],"version-history":[{"count":1,"href":"https:\/\/blog.espol.edu.ec\/drrivera\/wp-json\/wp\/v2\/pages\/90\/revisions"}],"predecessor-version":[{"id":98,"href":"https:\/\/blog.espol.edu.ec\/drrivera\/wp-json\/wp\/v2\/pages\/90\/revisions\/98"}],"wp:attachment":[{"href":"https:\/\/blog.espol.edu.ec\/drrivera\/wp-json\/wp\/v2\/media?parent=90"}],"curies":[{"name":"wp","href":"https:\/\/api.w.org\/{rel}","templated":true}]}}