{"id":11,"date":"2015-05-21T15:07:50","date_gmt":"2015-05-21T15:07:50","guid":{"rendered":"http:\/\/blog.espol.edu.ec\/dsbravo\/?page_id=11"},"modified":"2015-05-31T23:38:28","modified_gmt":"2015-06-01T04:38:28","slug":"mi-primer-power-point","status":"publish","type":"page","link":"https:\/\/blog.espol.edu.ec\/dsbravo\/mi-primer-power-point\/","title":{"rendered":"Le Fran\u00e7ais"},"content":{"rendered":"<div class=\"step_num\">\u00a1ES MOMENTO DE APRENDER FRANC\u00c9S!<\/div>\n<div class=\"step_num\"><\/div>\n<div class=\"step_num\"><\/div>\n<div class=\"step_num\">1)\u00a0<b class=\"whb\">Compra un diccionario.<\/b> Este es <i>le premier<\/i> paso para empezar en un idioma nuevo. Cada vez que tengas <i>un probl\u00e8me<\/i>, podr\u00e1s retomar el camino en segundos.<\/div>\n<div class=\"step_num\"><\/div>\n<div class=\"step_num\">\n<div class=\"step_num\">2)\u00a0<b class=\"whb\">Haz uso de la tecnolog\u00eda.<\/b> Con todas 'les options con las que contamos, esto es m\u00e1s f\u00e1cil que nunca.<\/div>\n<div class=\"step_num\">En Youtube hay much\u00edsimas opciones para aprender este idioma, \u00a1muy \u00fatiles!<\/div>\n<div class=\"step_num\">Les comparto algunas de mis p\u00e1ginas favoritas:<\/div>\n<\/div>\n<div class=\"step_num\"><\/div>\n<div class=\"step_num\">-\u00a0<a href=\"https:\/\/www.youtube.com\/channel\/UCK6TzBHhEUCKa6dgjlsVHEw\" target=\"_blank\">Learning French with Alexa<\/a><\/div>\n<div class=\"step_num\">Esta, personalmente, es mi favorita, pues me ayuda a practicar tanto mi Ingl\u00e9s, como aprender el Franc\u00e9s.<\/div>\n<p><iframe loading=\"lazy\" title=\"Learn French with Alexa Polidoro Free French Lesson 1\" width=\"580\" height=\"326\" src=\"https:\/\/www.youtube.com\/embed\/eq--V9P4rmM?feature=oembed\" frameborder=\"0\" allow=\"accelerometer; autoplay; clipboard-write; encrypted-media; gyroscope; picture-in-picture; web-share\" referrerpolicy=\"strict-origin-when-cross-origin\" allowfullscreen><\/iframe><\/p>\n<p>&nbsp;<\/p>\n<p><b class=\"whb\">3) Etiqueta los objetos de tu casa.<\/b> Claro, puedes ponerte a aprender palabras como \u201csilla\u201d, \u201cventana\u201d y \u201ccama\u201d, pero seguro que a la semana se te vuelven a olvidar. El hecho de etiquetar los objetos de tu casa crea un contacto a largo plazo con esos nombres para que no los olvides.<\/p>\n<ul>\n<li>El franc\u00e9s tal como el espa\u00f1ol tiene dos g\u00e9neros para los objetos: masculino y femenino. Esto te dar\u00e1 un poco de familiaridad.\n<ul>\n<li>Por ejemplo, se dice \"la chaise,\" \"la fenetre\" y \"le lit\".\u00a1Empieza a tomar notas!<\/li>\n<\/ul>\n<\/li>\n<li>Si se te dificulta la pronunciaci\u00f3n, la puedes anotar al lado.\n<ul>\n<li>l'ordinateur - lor-di-na-ter - <i>Computador<\/i><\/li>\n<li>la cha\u00eene hi fi - shen-jai-fai - <i>Equipo de sonido<\/i><\/li>\n<li>la t\u00e9l\u00e9vision - te-le-vi-zii-ohn - <i>Televisi\u00f3n<\/i><\/li>\n<li>le r\u00e9frig\u00e9rateur - re-fri-zhe-ra-tir - <i>Refrigerador<\/i><\/li>\n<li>le cong\u00e9lateur - Con-zhe-la-tur - <i>Congelador<\/i><\/li>\n<li>la cuisini\u00e8re - Cui-ziin-ier - <i>Horno<\/i><\/li>\n<\/ul>\n<\/li>\n<\/ul>\n<p>Para empezar a <b>estudiar franc\u00e9s desde cero<\/b>, te recomiendo que estudies lo primordial, ya que sin esto no podr\u00e1s hacer nada. Una gran parte del franc\u00e9s que oigas har\u00e1 alguna referencia a estos 10 puntos importantes que tendr\u00e1s que aprender:<\/p>\n<ul>\n<li><b>Aprender a presentarse a uno mismo. <\/b>Viene a ser pr\u00e1cticamente la primera lecci\u00f3n en cualquier libro de franc\u00e9s. <i>Ej: \"Je m'appelle Samuel\".<\/i> Est\u00e1s ya usando un verbo pronominal (s'appeler) conjugado.<\/li>\n<li><b>Conocer las distintas formas de saludar y despedirse. <\/b>El t\u00edpico <i>\"Bonjour\"<\/i>,<i>\"Bonsoir\"<\/i> y <i>\"Bonne nuite\" <\/i>(buenos d\u00edas, buenas tardes y buenas noches) que tendr\u00e1s que decir al entrar a un sitio. O el m\u00e1s gen\u00e9rico e informal <i>\"Salut!\"<\/i>. Tambi\u00e9n para despedirte: <i>\"Au revoir\"<\/i>, <i>\"\u00c0 demain\"<\/i>, <i>\"\u00c0 bient\u00f4t\"<\/i>, <i>\"\u00c0 tout \u00e0 l'heure\".<\/i><\/li>\n<li><b>Aprenderse los n\u00fameros en franc\u00e9s. <\/b>Esto es clave, no s\u00f3lo en franc\u00e9s, sino en cualquier idioma. Lo bueno es que una vez que los aprendes de una vez, ya s\u00f3lo tienes que sumar para formar n\u00fameros m\u00e1s complicados. En <a href=\"http:\/\/www.lexisrex.com\/numbers.php?native=Spanish&amp;foreign=French&amp;nfrom=1&amp;nto=100#.UelfN6zcPnk\">esta p\u00e1gina<\/a> tienes una lista con los n\u00fameros en franc\u00e9s.<\/li>\n<li><b>Conocer las vocales y el alfabeto.<\/b> Es fundamental para aprender bien la fon\u00e9tica. En muchas clases se suele obviar, pero es importante, tanto conocer bien los sonidos de las consonantes, como de las vocales: \"a\", \"\u00e9\", \"e\", \"ai\", \"eu\", \"i\" , , \"eau\" \"au\", \"o\", \"oi\", \"ou\", \"u\", \"y\".<\/li>\n<li><b>Manejar bien los verbos auxiliares \"\u00eatre\" (ser) y \"avoir\" (tener). <\/b>Si<b> <\/b>no<b><\/b>conocemos c\u00f3mo se forman los verbos auxiliares, no podremos decir cosas b\u00e1sicas. Pero tampoco formar otros tiempos verbales, como el pass\u00e9 compos\u00e9.<\/li>\n<li><b>Aprender los adjetivos demostrativos. <\/b>El uso de \"ce\", \"cet\", \"cette\" y \"ces\" es muy importante para referirse a cosas y se utiliza constantemente.<\/li>\n<li><b>Estudiarse los verbos del primer grupo o acabados en -er.<\/b> Es muy aconsejable aprender a conjugar al principio por lo menos los verbos regulares acabados en -er. Tambi\u00e9n ir conociendo los verbos m\u00e1s importantes en franc\u00e9s y que m\u00e1s se van a usar, como: \"entendre\", \"rester\", \"manger\", \"\u00e9tudier\", \"arriver\", \"trouver\", \"montrer\", \"tourner\", \"retourner\". Y otros irregulares como: \"aller\", \"prendre\", \"finir\" o \"choisir\".<\/li>\n<li><b>Conocer un poco de vocabulario \u00fatil. <\/b>Si sabemos bien los verbos, pero no conocemos algo de vocabulario, dif\u00edcilmente podremos expresar ideas. Hay que ir aprendiendo t\u00e9rminos poco a poco. Lo mejor es ir por temas: comida, gustos, lugares, orientarse en la ciudad, estudios...<\/li>\n<li><b>Estudiar las nacionalidades y los pa\u00edses. <\/b>Tambi\u00e9n es de las primeras cosas que nos ense\u00f1an. Por una raz\u00f3n muy simple: cuando hacemos un curso de franc\u00e9s en el extranjero normalmente vienen personas de muchas nacionalidades. Para poder presentarte tienes que saber decir \"Je suis espagnol(e)\". Pero tambi\u00e9n porque es una excusa para aprender la formaci\u00f3n del femenino (a\u00f1adiendo una \"e\" al final.<\/li>\n<li><b>Aprender a hacer preguntas y pedir informaci\u00f3n. <\/b>Aprender a hacer preguntas y pedir informaci\u00f3n es otro aspecto fundamental. El uso de los pronombres como \"Que\", \"Quoi\", \"Qui\", \"O\u00f9\", \"Quand\", \"Comment\" o \"Pourquoi\" es imprescindible para formar preguntas.<\/li>\n<li><b>Conocer bien la forma negativa \"ne + verbe + pas\".<\/b> Es tremandamente importante que aprendamos la forma negativa de las frases. Los franceses usan dos palabras y el verbo en medio. Ejemplo: \"Je ne sais pas\" (No s\u00e9). Por nada del mundo debemos comernos el \"pas\", ya que es la palabra que se identifica con la negaci\u00f3n. El \"ne\" es menos importante y muchos franceses se lo comen o lo pronuncian muy r\u00e1pido en el lenguaje oral, aunque sea algo informal y poco correcto.<\/li>\n<\/ul>\n<p>Quiero compartir con ustedes la herramienta que m\u00e1s me ha ayudado much\u00edsimo, y es <a href=\"http:\/\/apprendre.tv5monde.com\/\" target=\"_blank\">TV5MONDE<\/a>. Vis\u00edtenla, y hagan usos de sus m\u00faltiples videos, ejercicios, e incluso juegos!<\/p>\n<p>&nbsp;<\/p>\n<p>&nbsp;<\/p>\n","protected":false},"excerpt":{"rendered":"<p>\u00a1ES MOMENTO DE APRENDER FRANC\u00c9S! 1)\u00a0Compra un diccionario. Este es le premier paso para empezar en un idioma nuevo. Cada vez que tengas un probl\u00e8me, podr\u00e1s retomar el camino en segundos. 2)\u00a0Haz uso de la tecnolog\u00eda. Con todas 'les options con las que contamos, esto es m\u00e1s f\u00e1cil que nunca. En Youtube hay much\u00edsimas opciones [&hellip;]<\/p>\n","protected":false},"author":9618,"featured_media":0,"parent":0,"menu_order":0,"comment_status":"open","ping_status":"open","template":"","meta":{"footnotes":""},"class_list":["post-11","page","type-page","status-publish","hentry"],"_links":{"self":[{"href":"https:\/\/blog.espol.edu.ec\/dsbravo\/wp-json\/wp\/v2\/pages\/11","targetHints":{"allow":["GET"]}}],"collection":[{"href":"https:\/\/blog.espol.edu.ec\/dsbravo\/wp-json\/wp\/v2\/pages"}],"about":[{"href":"https:\/\/blog.espol.edu.ec\/dsbravo\/wp-json\/wp\/v2\/types\/page"}],"author":[{"embeddable":true,"href":"https:\/\/blog.espol.edu.ec\/dsbravo\/wp-json\/wp\/v2\/users\/9618"}],"replies":[{"embeddable":true,"href":"https:\/\/blog.espol.edu.ec\/dsbravo\/wp-json\/wp\/v2\/comments?post=11"}],"version-history":[{"count":6,"href":"https:\/\/blog.espol.edu.ec\/dsbravo\/wp-json\/wp\/v2\/pages\/11\/revisions"}],"predecessor-version":[{"id":68,"href":"https:\/\/blog.espol.edu.ec\/dsbravo\/wp-json\/wp\/v2\/pages\/11\/revisions\/68"}],"wp:attachment":[{"href":"https:\/\/blog.espol.edu.ec\/dsbravo\/wp-json\/wp\/v2\/media?parent=11"}],"curies":[{"name":"wp","href":"https:\/\/api.w.org\/{rel}","templated":true}]}}