{"id":26,"date":"2015-05-28T01:47:54","date_gmt":"2015-05-28T06:47:54","guid":{"rendered":"http:\/\/blog.espol.edu.ec\/dsbravo\/?page_id=26"},"modified":"2015-06-01T00:44:46","modified_gmt":"2015-06-01T05:44:46","slug":"le-musee-du-louvre","status":"publish","type":"page","link":"https:\/\/blog.espol.edu.ec\/dsbravo\/lieux-touristiques\/des-monuments\/le-musee-du-louvre\/","title":{"rendered":"Le Mus\u00e9e du Louvre"},"content":{"rendered":"<div class=\"inline-ad adsense-article\"><\/div>\n<p><img loading=\"lazy\" decoding=\"async\" class=\"alignnone  wp-image-89\" src=\"http:\/\/blog.espol.edu.ec\/dsbravo\/files\/2015\/05\/museo-del-louvre_77778-300x225.jpg\" alt=\"museo-del-louvre_77778\" width=\"625\" height=\"471\" \/><\/p>\n<p>&nbsp;<\/p>\n<p>El Louvre, probablemente el museo m\u00e1s famoso del mundo, inspira invariablemente reacciones de asombro en aquellos que lo visitan por primera vez. A veces tambi\u00e9n inspira temor en algunos visitantes, quienes se dan cuenta de que es pr\u00e1cticamente imposible verlo todo en un s\u00f3lo d\u00eda.<\/p>\n<p>En el Louvre se muestran obras de arte que datan de 1848 o antes. Obras hechas despu\u00e9s de ese tiempo se muestran en el Mus\u00e9e d'Orsay, del otro lado del Sena. Y las obras contempor\u00e1neas se muestran en el Centro Pompidou.<\/p>\n<p>Con sus mas de 7 millones de visitantes al a\u00f1o (cifra que se vio aumentada despu\u00e9s del estreno de la pel\u00edcula \u201cEl C\u00f3digo Da Vinci\u201d), el museo es la atracci\u00f3n m\u00e1s visitada de Par\u00eds.<\/p>\n<p>La historia del Louvre es extensa y sumamente interesante. Ha pasado de ser una fortaleza en tiempos de Felipe Augusto en 1190 a ser un grandioso centro de cultura y arte en nuestros d\u00edas. La fortaleza se dice que era inmensa. Se pueden visitar los cimientos en la zona medieval del museo.<\/p>\n<p>La colecci\u00f3n del Louvre <b>comprende cerca de 300.000 obras anteriores a 1948, de las que se exponen aproximadamente 35.000<\/b>.<\/p>\n<p>La inmensa colecci\u00f3n est\u00e1 <b>organizada de forma tem\u00e1tica<\/b> en diferentes departamentos: antig\u00fcedades orientales, antig\u00fcedades egipcias, antig\u00fcedades griegas, romanas y etruscas, historia del Louvre y el Louvre medieval, pintura, escultura, objetos de arte, artes gr\u00e1ficas y arte del Islam.<\/p>\n<p>Entre las <b>pinturas m\u00e1s importantes<\/b> del museo merece la pena destacar las siguientes:<\/p>\n<ul class=\"listado\">\n<li><b>La Gioconda<\/b> de Leonardo da Vinci.<\/li>\n<li><b>La Libertad Guiando al Pueblo<\/b> de Delacroix.<\/li>\n<li><b>Las Bodas de Can\u00e1<\/b> de Veron\u00e9s.<\/li>\n<\/ul>\n<p>Entre las <b>esculturas<\/b> las obras m\u00e1s sobresalientes son:<\/p>\n<ul class=\"listado\">\n<li><b>La Venus de Milo<\/b> de la Antigua Grecia.<\/li>\n<li><b>El escriba sentado<\/b> del Antiguo Egipto.<\/li>\n<li><b>La Victoria Alada de Samotracia<\/b> del periodo Helen\u00edstico de la Antigua Grecia<\/li>\n<li>\u00a0<img loading=\"lazy\" decoding=\"async\" class=\"alignnone size-medium wp-image-86\" src=\"http:\/\/blog.espol.edu.ec\/dsbravo\/files\/2015\/05\/1167052086_0-231x300.jpg\" alt=\"1167052086_0\" width=\"231\" height=\"300\" srcset=\"https:\/\/blog.espol.edu.ec\/dsbravo\/files\/2015\/05\/1167052086_0-231x300.jpg 231w, https:\/\/blog.espol.edu.ec\/dsbravo\/files\/2015\/05\/1167052086_0.jpg 300w\" sizes=\"auto, (max-width: 231px) 100vw, 231px\" \/>\u00a0<img loading=\"lazy\" decoding=\"async\" class=\"alignnone size-medium wp-image-88\" src=\"http:\/\/blog.espol.edu.ec\/dsbravo\/files\/2015\/05\/La-Gioconda-Leonardo-da-Vinci-201x300.jpg\" alt=\"La-Gioconda-Leonardo-da-Vinci\" width=\"201\" height=\"300\" srcset=\"https:\/\/blog.espol.edu.ec\/dsbravo\/files\/2015\/05\/La-Gioconda-Leonardo-da-Vinci-201x300.jpg 201w, https:\/\/blog.espol.edu.ec\/dsbravo\/files\/2015\/05\/La-Gioconda-Leonardo-da-Vinci.jpg 322w\" sizes=\"auto, (max-width: 201px) 100vw, 201px\" \/>\u00a0\u00a0 \u00a0\u00a0<img loading=\"lazy\" decoding=\"async\" class=\"alignnone  wp-image-87\" src=\"http:\/\/blog.espol.edu.ec\/dsbravo\/files\/2015\/05\/danaetiziano1-300x209.jpg\" alt=\"danaetiziano1\" width=\"299\" height=\"208\" srcset=\"https:\/\/blog.espol.edu.ec\/dsbravo\/files\/2015\/05\/danaetiziano1-300x209.jpg 300w, https:\/\/blog.espol.edu.ec\/dsbravo\/files\/2015\/05\/danaetiziano1.jpg 850w\" sizes=\"auto, (max-width: 299px) 100vw, 299px\" \/><\/li>\n<\/ul>\n","protected":false},"excerpt":{"rendered":"<p>&nbsp; El Louvre, probablemente el museo m\u00e1s famoso del mundo, inspira invariablemente reacciones de asombro en aquellos que lo visitan por primera vez. A veces tambi\u00e9n inspira temor en algunos visitantes, quienes se dan cuenta de que es pr\u00e1cticamente imposible verlo todo en un s\u00f3lo d\u00eda. En el Louvre se muestran obras de arte que [&hellip;]<\/p>\n","protected":false},"author":9618,"featured_media":0,"parent":30,"menu_order":0,"comment_status":"open","ping_status":"open","template":"","meta":{"footnotes":""},"class_list":["post-26","page","type-page","status-publish","hentry"],"_links":{"self":[{"href":"https:\/\/blog.espol.edu.ec\/dsbravo\/wp-json\/wp\/v2\/pages\/26","targetHints":{"allow":["GET"]}}],"collection":[{"href":"https:\/\/blog.espol.edu.ec\/dsbravo\/wp-json\/wp\/v2\/pages"}],"about":[{"href":"https:\/\/blog.espol.edu.ec\/dsbravo\/wp-json\/wp\/v2\/types\/page"}],"author":[{"embeddable":true,"href":"https:\/\/blog.espol.edu.ec\/dsbravo\/wp-json\/wp\/v2\/users\/9618"}],"replies":[{"embeddable":true,"href":"https:\/\/blog.espol.edu.ec\/dsbravo\/wp-json\/wp\/v2\/comments?post=26"}],"version-history":[{"count":3,"href":"https:\/\/blog.espol.edu.ec\/dsbravo\/wp-json\/wp\/v2\/pages\/26\/revisions"}],"predecessor-version":[{"id":90,"href":"https:\/\/blog.espol.edu.ec\/dsbravo\/wp-json\/wp\/v2\/pages\/26\/revisions\/90"}],"up":[{"embeddable":true,"href":"https:\/\/blog.espol.edu.ec\/dsbravo\/wp-json\/wp\/v2\/pages\/30"}],"wp:attachment":[{"href":"https:\/\/blog.espol.edu.ec\/dsbravo\/wp-json\/wp\/v2\/media?parent=26"}],"curies":[{"name":"wp","href":"https:\/\/api.w.org\/{rel}","templated":true}]}}