{"id":34,"date":"2015-05-21T02:33:16","date_gmt":"2015-05-21T02:33:16","guid":{"rendered":"http:\/\/blog.espol.edu.ec\/dtgarzon\/?page_id=34"},"modified":"2015-05-22T02:26:47","modified_gmt":"2015-05-22T02:26:47","slug":"tutoriales","status":"publish","type":"page","link":"https:\/\/blog.espol.edu.ec\/dtgarzon\/tutoriales\/","title":{"rendered":"Tutoriales"},"content":{"rendered":"<p><strong>Una rana arbor\u00edcola<\/strong><\/p>\n<hr \/>\n<p>&nbsp;<br \/>\n<a href=\"http:\/\/blog.espol.edu.ec\/dtgarzon\/files\/2015\/05\/images-2.jpg\"><img loading=\"lazy\" decoding=\"async\" class=\"  wp-image-67 alignleft\" src=\"http:\/\/blog.espol.edu.ec\/dtgarzon\/files\/2015\/05\/images-2.jpg\" alt=\"images (2)\" width=\"133\" height=\"109\" \/><\/a>Utilizamos estas ventosas en superficies planas \u2013 para adherir ganchos en las cer\u00e1micas de los ba\u00f1os o para estabilizar aparatos de cocina, y en las alfombras de hule en la ducha o las flechas de juguete. Pero \u00bfpor qu\u00e9 se adhieren?<\/p>\n<p>Si miras una ventosa de succi\u00f3n de cerca, ver\u00e1s que es ligeramente curva. \u00bfSer\u00e1 esta curvatura importante para el poder de adhesi\u00f3n? Y \u00bfpor qu\u00e9 se tiene que humedecer la ventosa antes de utilizarla? Investiguemos.<\/p>\n<p>&nbsp;<\/p>\n<p class=\"mainSectionTitle1\">Materiales:<\/p>\n<ul class=\"mainNormalText\">\n<ul class=\"mainNormalText\">\n<li>4 ventosas de succi\u00f3n (aseg\u00farese de poderles colocar un hilo)<\/li>\n<\/ul>\n<\/ul>\n<ul class=\"mainNormalText\">\n<ul class=\"mainNormalText\">\n<li>Una <a href=\"http:\/\/iesmarenostrum.com\/departamentos\/tecnologia\/taller_tec\/accesible\/cortar\/cortar_segueta.htm\">segueta<\/a> peque\u00f1a<\/li>\n<\/ul>\n<\/ul>\n<ul class=\"mainNormalText\">\n<ul class=\"mainNormalText\">\n<li>Un bast\u00f3n o palo de 50cm, con 3-4cm de di\u00e1metro (los estudiantes tienen que ser capaces de colocar los dedos alrededor de este f\u00e1cilmente)<\/li>\n<\/ul>\n<\/ul>\n<ul class=\"mainNormalText\">\n<ul class=\"mainNormalText\">\n<li>Cuatro pedazos de cuerda fuerte de 50cm<\/li>\n<\/ul>\n<\/ul>\n<ul class=\"mainNormalText\">\n<ul class=\"mainNormalText\">\n<li>Unas tijeras<\/li>\n<\/ul>\n<\/ul>\n<ul class=\"mainNormalText\">\n<ul class=\"mainNormalText\">\n<li>Una tabla de pl\u00e1stico (de alrededor de 1 x 1m)<\/li>\n<li>Un marcador permanente<\/li>\n<\/ul>\n<\/ul>\n<p>Procedimiento:<\/p>\n<ol>\n<li>Utilizando la segueta, haga cuatro incisiones equidistantes en el palo.<\/li>\n<li>Amarre un pedazo de cuerda a cada una de las ventosas de succi\u00f3n.<\/li>\n<li>Amarre los otros extremos de las cuerdas a cada una de las incisiones en el palo.<\/li>\n<li>Coloque la tabla de pl\u00e1stico en el suelo, y utilice el marcador permanente para dibujar cuatro c\u00edrculos para las ventosas en una l\u00ednea recta. A cada lado de la l\u00ednea, dibuje una huella (ver imagen a la derecha). \u00a0 \u00a0 \u00a0 \u00a0 \u00a0 \u00a0 \u00a0 \u00a0 \u00a0 \u00a0 \u00a0 \u00a0 \u00a0 \u00a0 \u00a0 \u00a0 \u00a0 \u00a0 \u00a0 \u00a0 \u00a0 \u00a0 \u00a0 \u00a0 \u00a0 \u00a0 \u00a0 \u00a0 \u00a0 \u00a0 \u00a0 \u00a0 \u00a0 \u00a0 \u00a0 \u00a0 \u00a0 \u00a0 \u00a0 \u00a0 \u00a0 \u00a0 \u00a0 \u00a0 \u00a0 \u00a0 \u00a0 \u00a0 \u00a0 \u00a0 \u00a0 \u00a0 \u00a0 \u00a0 \u00a0 \u00a0 \u00a0 \u00a0 \u00a0 \u00a0 \u00a0 \u00a0 \u00a0 \u00a0 \u00a0 \u00a0 \u00a0 \u00a0 \u00a0 \u00a0 \u00a0 \u00a0 \u00a0 \u00a0 \u00a0 \u00a0 \u00a0 \u00a0 \u00a0 \u00a0 \u00a0 \u00a0 \u00a0 \u00a0 \u00a0 \u00a0 \u00a0 \u00a0 \u00a0 \u00a0 \u00a0 \u00a0 \u00a0 \u00a0 \u00a0 \u00a0 \u00a0 \u00a0 \u00a0 \u00a0 \u00a0 <strong>Montaje para la actividad de adhesi\u00f3n. Alternativamente, puede utilizarse una solo ventosa de succi\u00f3n y un pedazo m\u00e1s corto de madera (vea parte trasera de la imagen)<\/strong><\/li>\n<li>Presione las ventosas sobre los cuatro c\u00edrculos.<\/li>\n<li>\u00bfQu\u00e9 le ocurre a la curvatura de las ventosas cuando est\u00e1n adheridas a la tabla de pl\u00e1stico?<\/li>\n<li>P\u00e1rese sobre las huellas e intente despegar las ventosas del pl\u00e1stico halando del palo.<\/li>\n<li>Repita el experimento humedeciendo las ventosas antes de adherirlas a la tabla pl\u00e1stica. \u00bfQu\u00e9 observa?<\/li>\n<\/ol>\n","protected":false},"excerpt":{"rendered":"<p>Una rana arbor\u00edcola &nbsp; Utilizamos estas ventosas en superficies planas \u2013 para adherir ganchos en las cer\u00e1micas de los ba\u00f1os o para estabilizar aparatos de cocina, y en las alfombras de hule en la ducha o las flechas de juguete. Pero \u00bfpor qu\u00e9 se adhieren? Si miras una ventosa de succi\u00f3n de cerca, ver\u00e1s que &hellip; <\/p>\n<p><a class=\"more-link btn\" href=\"https:\/\/blog.espol.edu.ec\/dtgarzon\/tutoriales\/\">Seguir leyendo<\/a><\/p>\n","protected":false},"author":9626,"featured_media":0,"parent":0,"menu_order":0,"comment_status":"open","ping_status":"open","template":"","meta":{"footnotes":""},"class_list":["post-34","page","type-page","status-publish","hentry","nodate","item-wrap"],"_links":{"self":[{"href":"https:\/\/blog.espol.edu.ec\/dtgarzon\/wp-json\/wp\/v2\/pages\/34","targetHints":{"allow":["GET"]}}],"collection":[{"href":"https:\/\/blog.espol.edu.ec\/dtgarzon\/wp-json\/wp\/v2\/pages"}],"about":[{"href":"https:\/\/blog.espol.edu.ec\/dtgarzon\/wp-json\/wp\/v2\/types\/page"}],"author":[{"embeddable":true,"href":"https:\/\/blog.espol.edu.ec\/dtgarzon\/wp-json\/wp\/v2\/users\/9626"}],"replies":[{"embeddable":true,"href":"https:\/\/blog.espol.edu.ec\/dtgarzon\/wp-json\/wp\/v2\/comments?post=34"}],"version-history":[{"count":3,"href":"https:\/\/blog.espol.edu.ec\/dtgarzon\/wp-json\/wp\/v2\/pages\/34\/revisions"}],"predecessor-version":[{"id":68,"href":"https:\/\/blog.espol.edu.ec\/dtgarzon\/wp-json\/wp\/v2\/pages\/34\/revisions\/68"}],"wp:attachment":[{"href":"https:\/\/blog.espol.edu.ec\/dtgarzon\/wp-json\/wp\/v2\/media?parent=34"}],"curies":[{"name":"wp","href":"https:\/\/api.w.org\/{rel}","templated":true}]}}