{"id":48,"date":"2015-05-21T15:07:49","date_gmt":"2015-05-21T15:07:49","guid":{"rendered":"http:\/\/blog.espol.edu.ec\/dtgarzon\/?page_id=48"},"modified":"2015-06-02T01:00:40","modified_gmt":"2015-06-02T01:00:40","slug":"mi-primer-power-point","status":"publish","type":"page","link":"https:\/\/blog.espol.edu.ec\/dtgarzon\/mi-primer-power-point\/","title":{"rendered":"Material"},"content":{"rendered":"<p><iframe loading=\"lazy\" src=\"\/\/es.slideshare.net\/slideshow\/embed_code\/key\/NS8tFxKE8DNF6B\" width=\"425\" height=\"355\" frameborder=\"0\" allowfullscreen=\"allowfullscreen\"> <\/iframe><\/p>\n<div style=\"margin-bottom: 5px\"><strong> <a title=\"Biomim\u00e9tica\" href=\"\/\/es.slideshare.net\/dayanagarzonvergara\/biomimtica-48866907\" target=\"_blank\">Biomim\u00e9tica<\/a> <\/strong> from <strong><a href=\"\/\/www.slideshare.net\/dayanagarzonvergara\" target=\"_blank\">Dayana Garzon Vergara<\/a><\/strong><\/div>\n<div style=\"margin-bottom: 5px\"><\/div>\n<div style=\"margin-bottom: 5px\"><\/div>\n<div style=\"margin-bottom: 5px\"><\/div>\n<div style=\"margin-bottom: 5px\"><\/div>\n<p><iframe loading=\"lazy\" src=\"https:\/\/books.google.es\/books?id=AL4ZBQAAQBAJ&amp;lpg=PP1&amp;ots=IIeJAWgAhe&amp;dq=biomimetica%20en%20trenes&amp;lr&amp;hl=es&amp;pg=PP1&amp;output=embed\" width=\"500\" height=\"500\" frameborder=\"0\"><\/iframe><\/p>\n<p>&nbsp;<\/p>\n<p><strong>Para obtener m\u00e1s material haga clic <span style=\"color: #ff0000\"><a href=\"http:\/\/www.omniascience.com\/monographs\/index.php\/monograficos\/issue\/archive\">aqu\u00ed<\/a><\/span><\/strong><\/p>\n","protected":false},"excerpt":{"rendered":"<p>Biomim\u00e9tica from Dayana Garzon Vergara &nbsp; Para obtener m\u00e1s material haga clic aqu\u00ed<\/p>\n","protected":false},"author":9626,"featured_media":0,"parent":0,"menu_order":0,"comment_status":"open","ping_status":"open","template":"","meta":{"footnotes":""},"class_list":["post-48","page","type-page","status-publish","hentry","nodate","item-wrap"],"_links":{"self":[{"href":"https:\/\/blog.espol.edu.ec\/dtgarzon\/wp-json\/wp\/v2\/pages\/48","targetHints":{"allow":["GET"]}}],"collection":[{"href":"https:\/\/blog.espol.edu.ec\/dtgarzon\/wp-json\/wp\/v2\/pages"}],"about":[{"href":"https:\/\/blog.espol.edu.ec\/dtgarzon\/wp-json\/wp\/v2\/types\/page"}],"author":[{"embeddable":true,"href":"https:\/\/blog.espol.edu.ec\/dtgarzon\/wp-json\/wp\/v2\/users\/9626"}],"replies":[{"embeddable":true,"href":"https:\/\/blog.espol.edu.ec\/dtgarzon\/wp-json\/wp\/v2\/comments?post=48"}],"version-history":[{"count":9,"href":"https:\/\/blog.espol.edu.ec\/dtgarzon\/wp-json\/wp\/v2\/pages\/48\/revisions"}],"predecessor-version":[{"id":96,"href":"https:\/\/blog.espol.edu.ec\/dtgarzon\/wp-json\/wp\/v2\/pages\/48\/revisions\/96"}],"wp:attachment":[{"href":"https:\/\/blog.espol.edu.ec\/dtgarzon\/wp-json\/wp\/v2\/media?parent=48"}],"curies":[{"name":"wp","href":"https:\/\/api.w.org\/{rel}","templated":true}]}}