{"id":5,"date":"2015-05-19T15:28:35","date_gmt":"2015-05-19T15:28:35","guid":{"rendered":"http:\/\/blog.espol.edu.ec\/dtgarzon\/?page_id=5"},"modified":"2015-06-02T02:06:15","modified_gmt":"2015-06-02T02:06:15","slug":"mi-primera-pagina","status":"publish","type":"page","link":"https:\/\/blog.espol.edu.ec\/dtgarzon\/mi-primera-pagina\/","title":{"rendered":"Biomim\u00e9tica"},"content":{"rendered":"<div id=\"attachment_6\" style=\"width: 271px\" class=\"wp-caption aligncenter\"><a href=\"http:\/\/blog.espol.edu.ec\/dtgarzon\/files\/2015\/05\/descarga-1.jpg\"><img loading=\"lazy\" decoding=\"async\" aria-describedby=\"caption-attachment-6\" class=\"size-full wp-image-6\" src=\"http:\/\/blog.espol.edu.ec\/dtgarzon\/files\/2015\/05\/descarga-1.jpg\" alt=\"Naturaleza\" width=\"271\" height=\"186\" \/><\/a><p id=\"caption-attachment-6\" class=\"wp-caption-text\">Naturaleza<\/p><\/div>\n<p style=\"text-align: justify\">La <a href=\"http:\/\/es.wikipedia.org\/wiki\/Naturaleza\">naturaleza<\/a> ha sido fuente de <a href=\"http:\/\/es.wikipedia.org\/wiki\/Inspiraci\u00f3n\">inspiraci\u00f3n<\/a> para solucionar dise\u00f1os de ingenier\u00eda, nos ha dado soluciones pr\u00e1cticas, eficientes y sostenibles, ha ayudado a resolver diversos problemas; y por eso nos damos cuenta que el hombre siempre ha aprendido y seguir\u00e1 aprendiendo de la naturaleza.<br \/>\nPor definici\u00f3n, la <a href=\"http:\/\/es.wikipedia.org\/wiki\/Biomimesis\">biomim\u00e9tica<\/a> (bios, que significa vida y m\u00edmesis, imitaci\u00f3n )\u00a0es el arte de imitar a la naturaleza. La biomim\u00e9tica aplicada al dise\u00f1o, y a la <a href=\"http:\/\/es.wikipedia.org\/wiki\/Tecnolog\u00eda\">tecnolog\u00eda<\/a> en general intenta conseguir beneficios a trav\u00e9s de modelos m\u00e1s semejantes a los que trabajan en la naturaleza, para mejorar la calidad de vida.<\/p>\n","protected":false},"excerpt":{"rendered":"<p>La naturaleza ha sido fuente de inspiraci\u00f3n para solucionar dise\u00f1os de ingenier\u00eda, nos ha dado soluciones pr\u00e1cticas, eficientes y sostenibles, ha ayudado a resolver diversos problemas; y por eso nos damos cuenta que el hombre siempre ha aprendido y seguir\u00e1 aprendiendo de la naturaleza. Por definici\u00f3n, la biomim\u00e9tica (bios, que significa vida y m\u00edmesis, imitaci\u00f3n &hellip; <\/p>\n<p><a class=\"more-link btn\" href=\"https:\/\/blog.espol.edu.ec\/dtgarzon\/mi-primera-pagina\/\">Seguir leyendo<\/a><\/p>\n","protected":false},"author":9626,"featured_media":0,"parent":0,"menu_order":0,"comment_status":"open","ping_status":"open","template":"","meta":{"footnotes":""},"class_list":["post-5","page","type-page","status-publish","hentry","nodate","item-wrap"],"_links":{"self":[{"href":"https:\/\/blog.espol.edu.ec\/dtgarzon\/wp-json\/wp\/v2\/pages\/5","targetHints":{"allow":["GET"]}}],"collection":[{"href":"https:\/\/blog.espol.edu.ec\/dtgarzon\/wp-json\/wp\/v2\/pages"}],"about":[{"href":"https:\/\/blog.espol.edu.ec\/dtgarzon\/wp-json\/wp\/v2\/types\/page"}],"author":[{"embeddable":true,"href":"https:\/\/blog.espol.edu.ec\/dtgarzon\/wp-json\/wp\/v2\/users\/9626"}],"replies":[{"embeddable":true,"href":"https:\/\/blog.espol.edu.ec\/dtgarzon\/wp-json\/wp\/v2\/comments?post=5"}],"version-history":[{"count":5,"href":"https:\/\/blog.espol.edu.ec\/dtgarzon\/wp-json\/wp\/v2\/pages\/5\/revisions"}],"predecessor-version":[{"id":100,"href":"https:\/\/blog.espol.edu.ec\/dtgarzon\/wp-json\/wp\/v2\/pages\/5\/revisions\/100"}],"wp:attachment":[{"href":"https:\/\/blog.espol.edu.ec\/dtgarzon\/wp-json\/wp\/v2\/media?parent=5"}],"curies":[{"name":"wp","href":"https:\/\/api.w.org\/{rel}","templated":true}]}}