{"id":36,"date":"2015-11-23T22:29:46","date_gmt":"2015-11-23T22:29:46","guid":{"rendered":"http:\/\/blog.espol.edu.ec\/ducho\/?page_id=36"},"modified":"2015-11-24T00:29:20","modified_gmt":"2015-11-24T00:29:20","slug":"sistemas-operativos","status":"publish","type":"page","link":"https:\/\/blog.espol.edu.ec\/ducho\/sistemas-operativos\/","title":{"rendered":"Sistemas Operativos"},"content":{"rendered":"<p>El Computador:<\/p>\n<p><a href=\"http:\/\/blog.espol.edu.ec\/ducho\/files\/2015\/11\/818c77d9-9903-474f-8b82-30101d019c9cimage3.jpeg\"><img loading=\"lazy\" decoding=\"async\" class=\" wp-image-71 alignright\" src=\"http:\/\/blog.espol.edu.ec\/ducho\/files\/2015\/11\/818c77d9-9903-474f-8b82-30101d019c9cimage3-300x180.jpeg\" alt=\"818c77d9-9903-474f-8b82-30101d019c9cimage3\" width=\"227\" height=\"136\" srcset=\"https:\/\/blog.espol.edu.ec\/ducho\/files\/2015\/11\/818c77d9-9903-474f-8b82-30101d019c9cimage3-300x180.jpeg 300w, https:\/\/blog.espol.edu.ec\/ducho\/files\/2015\/11\/818c77d9-9903-474f-8b82-30101d019c9cimage3-1024x616.jpeg 1024w, https:\/\/blog.espol.edu.ec\/ducho\/files\/2015\/11\/818c77d9-9903-474f-8b82-30101d019c9cimage3-500x301.jpeg 500w, https:\/\/blog.espol.edu.ec\/ducho\/files\/2015\/11\/818c77d9-9903-474f-8b82-30101d019c9cimage3.jpeg 1039w\" sizes=\"auto, (max-width: 227px) 100vw, 227px\" \/><\/a>El computador es una m\u00e1quina capaz de recibir datos, efectuar con ellos operaciones l\u00f3gicas y aritm\u00e9ticas, tomar decisiones y procesarlos para convertirlos en informaci\u00f3n a trav\u00e9s de un medio de salida.<\/p>\n<p>Elementos B\u00e1sicos de un Computador<br \/>\nPara que el computador pueda obtener, procesar y entregar la informaci\u00f3n al usuario es necesario que tenga un conjunto de elementos b\u00e1sicos que pueden ser de los siguientes tipos:<br \/>\nHardware: Es el conjunto de elementos f\u00edsicos que incluye placas, circuitos integrados, circuitos electr\u00f3nicos, armarios, conectores, cables, sistema de comunicaciones, dispositivos entre otros elementos f\u00edsicos.<br \/>\nSoftware: Es el conjunto de instrucciones y aplicaciones que permite disponer de un lenguaje l\u00f3gico para manejar y controlar el hardware. Est\u00e1 compuesto por:<br \/>\nSoftware de base: Es el sistema operativo.<br \/>\nSoftware de aplicaci\u00f3n: Son los programas que requiere el usuario.<\/p>\n<p>Funciones de un Computador<br \/>\nEl computador tiene las siguientes funciones:<br \/>\nAlmacenar Informaci\u00f3n<br \/>\nProcesar Informaci\u00f3n<br \/>\nTransferir Informaci\u00f3n<br \/>\nPara poder ejecutar estas funciones el computador cuenta con un conjunto de dispositivos y perif\u00e9ricos.<\/p>\n<p>Perif\u00e9ricos de un Computador<a href=\"http:\/\/blog.espol.edu.ec\/ducho\/files\/2015\/11\/Sin-t\u00edtulo.jpg\"><img loading=\"lazy\" decoding=\"async\" class=\" wp-image-60 alignright\" src=\"http:\/\/blog.espol.edu.ec\/ducho\/files\/2015\/11\/Sin-t\u00edtulo-300x231.jpg\" alt=\"Sin t\u00edtulo\" width=\"222\" height=\"171\" srcset=\"https:\/\/blog.espol.edu.ec\/ducho\/files\/2015\/11\/Sin-t\u00edtulo-300x231.jpg 300w, https:\/\/blog.espol.edu.ec\/ducho\/files\/2015\/11\/Sin-t\u00edtulo-500x384.jpg 500w, https:\/\/blog.espol.edu.ec\/ducho\/files\/2015\/11\/Sin-t\u00edtulo.jpg 593w\" sizes=\"auto, (max-width: 222px) 100vw, 222px\" \/><\/a><br \/>\nLos Perif\u00e9ricos son unidades o dispositivos a trav\u00e9s de los que el computador se comunica con el mundo exterior; tambi\u00e9n son sistemas que almacenan o archivan informaci\u00f3n, sirviendo de memoria auxiliar de la memoria principal.<\/p>\n<p><a href=\"http:\/\/blog.espol.edu.ec\/ducho\/files\/2015\/11\/Modulo-1-Sistema-Operativo.pdf\">Modulo 1- Sistema Operativo<\/a><\/p>\n<p>&nbsp;<\/p>\n","protected":false},"excerpt":{"rendered":"<p>El Computador: El computador es una m\u00e1quina capaz de recibir datos, efectuar con ellos operaciones l\u00f3gicas y aritm\u00e9ticas, tomar decisiones y procesarlos para convertirlos en informaci\u00f3n a trav\u00e9s de un medio de salida. Elementos B\u00e1sicos de un Computador Para que el computador pueda obtener, procesar y entregar la informaci\u00f3n al usuario es necesario que tenga [&hellip;]<\/p>\n","protected":false},"author":10075,"featured_media":0,"parent":0,"menu_order":0,"comment_status":"closed","ping_status":"closed","template":"","meta":{"_monsterinsights_skip_tracking":false,"_monsterinsights_sitenote_active":false,"_monsterinsights_sitenote_note":"","_monsterinsights_sitenote_category":0,"footnotes":""},"class_list":["post-36","page","type-page","status-publish","hentry"],"_links":{"self":[{"href":"https:\/\/blog.espol.edu.ec\/ducho\/wp-json\/wp\/v2\/pages\/36","targetHints":{"allow":["GET"]}}],"collection":[{"href":"https:\/\/blog.espol.edu.ec\/ducho\/wp-json\/wp\/v2\/pages"}],"about":[{"href":"https:\/\/blog.espol.edu.ec\/ducho\/wp-json\/wp\/v2\/types\/page"}],"author":[{"embeddable":true,"href":"https:\/\/blog.espol.edu.ec\/ducho\/wp-json\/wp\/v2\/users\/10075"}],"replies":[{"embeddable":true,"href":"https:\/\/blog.espol.edu.ec\/ducho\/wp-json\/wp\/v2\/comments?post=36"}],"version-history":[{"count":3,"href":"https:\/\/blog.espol.edu.ec\/ducho\/wp-json\/wp\/v2\/pages\/36\/revisions"}],"predecessor-version":[{"id":73,"href":"https:\/\/blog.espol.edu.ec\/ducho\/wp-json\/wp\/v2\/pages\/36\/revisions\/73"}],"wp:attachment":[{"href":"https:\/\/blog.espol.edu.ec\/ducho\/wp-json\/wp\/v2\/media?parent=36"}],"curies":[{"name":"wp","href":"https:\/\/api.w.org\/{rel}","templated":true}]}}