{"id":42,"date":"2015-11-23T23:19:05","date_gmt":"2015-11-23T23:19:05","guid":{"rendered":"http:\/\/blog.espol.edu.ec\/ducho\/?page_id=42"},"modified":"2015-11-24T00:25:46","modified_gmt":"2015-11-24T00:25:46","slug":"herramientas-basicas-de-internet","status":"publish","type":"page","link":"https:\/\/blog.espol.edu.ec\/ducho\/herramientas-basicas-de-internet\/","title":{"rendered":"Herramientas B\u00e1sicas de Internet"},"content":{"rendered":"<p>Que es el In<a href=\"http:\/\/blog.espol.edu.ec\/ducho\/files\/2015\/11\/Internet-1.jpeg\"><img loading=\"lazy\" decoding=\"async\" class=\"wp-image-57 alignleft\" src=\"http:\/\/blog.espol.edu.ec\/ducho\/files\/2015\/11\/Internet-1-300x187.jpeg\" alt=\"internet\" width=\"183\" height=\"114\" srcset=\"https:\/\/blog.espol.edu.ec\/ducho\/files\/2015\/11\/Internet-1-300x187.jpeg 300w, https:\/\/blog.espol.edu.ec\/ducho\/files\/2015\/11\/Internet-1-500x312.jpeg 500w, https:\/\/blog.espol.edu.ec\/ducho\/files\/2015\/11\/Internet-1.jpeg 878w\" sizes=\"auto, (max-width: 183px) 100vw, 183px\" \/><\/a>ternet<br \/>\nInternet es el conjunto de redes de computadoras que se encuentran interconectadas alrededor del mundo.<\/p>\n<p style=\"text-align: left\">Historia del Internet<br \/>\nMedio vital de comunicaci\u00f3n en caso de guerra nuclear.<br \/>\nRed descentralizada con terminales del mismo status.<br \/>\nComunicaci\u00f3n mediante paquetes.<br \/>\nNacimiento de ARPANET.<br \/>\nARPANET (Advanced Research Projects Agency NETwork).<br \/>\nUCLA 1969, lugar de creaci\u00f3n.<br \/>\nEvolucion\u00f3 a sistema de mensajer\u00eda personal.<br \/>\n1983: Formaci\u00f3n de MILNET<br \/>\n1984: Internet<\/p>\n<p>Que es una red<a href=\"http:\/\/blog.espol.edu.ec\/ducho\/files\/2015\/11\/internet-products.jpg\"><img loading=\"lazy\" decoding=\"async\" class=\"wp-image-58 alignright\" src=\"http:\/\/blog.espol.edu.ec\/ducho\/files\/2015\/11\/internet-products-300x225.jpg\" alt=\"internet-products\" width=\"228\" height=\"171\" srcset=\"https:\/\/blog.espol.edu.ec\/ducho\/files\/2015\/11\/internet-products-300x225.jpg 300w, https:\/\/blog.espol.edu.ec\/ducho\/files\/2015\/11\/internet-products-1024x768.jpg 1024w, https:\/\/blog.espol.edu.ec\/ducho\/files\/2015\/11\/internet-products-500x375.jpg 500w, https:\/\/blog.espol.edu.ec\/ducho\/files\/2015\/11\/internet-products.jpg 1600w\" sizes=\"auto, (max-width: 228px) 100vw, 228px\" \/><\/a><br \/>\nEs la uni\u00f3n de dos o m\u00e1s computadoras interconectadas que comparten recursos como archivos, CD-Roms, impresoras, programas, scanner, base de datos, entre otros, permitiendo que las personas se comuniquen entre s\u00ed.<\/p>\n<p>Tipos de Red<br \/>\nLos tipos de redes se dan por las diferentes tendencias tecnol\u00f3gicas en los cuales muchos fabricantes crean sus propias tecnolog\u00edas.<br \/>\nEn la actualidad las redes de computadoras se utilizan tanto para voz, datos y videos porque son muchos los servicios que se integran atreves de la red, dependiendo de esto las redes se clasifican por:<br \/>\nSu tama\u00f1o y extensi\u00f3n<br \/>\nEl tipo de transferencia de datos<br \/>\nLa tecnolog\u00eda de transmisi\u00f3n<br \/>\nSeg\u00fan su Topolog\u00eda<\/p>\n<p>Seg\u00fan su Tama\u00f1o y Extensi\u00f3n<a href=\"http:\/\/blog.espol.edu.ec\/ducho\/files\/2015\/11\/tcp-ip.gif\"><img loading=\"lazy\" decoding=\"async\" class=\" wp-image-61 alignleft\" src=\"http:\/\/blog.espol.edu.ec\/ducho\/files\/2015\/11\/tcp-ip-300x112.gif\" alt=\"tcp-ip\" width=\"161\" height=\"60\" srcset=\"https:\/\/blog.espol.edu.ec\/ducho\/files\/2015\/11\/tcp-ip-300x112.gif 300w, https:\/\/blog.espol.edu.ec\/ducho\/files\/2015\/11\/tcp-ip-1024x384.gif 1024w, https:\/\/blog.espol.edu.ec\/ducho\/files\/2015\/11\/tcp-ip-500x187.gif 500w\" sizes=\"auto, (max-width: 161px) 100vw, 161px\" \/><\/a><br \/>\nRedes PAN: es una red de computadora utilizada para la comunicaci\u00f3n entre los dispositivos de informaci\u00f3n de la computadora y diferentes tecnolog\u00edas cerca de una persona, su extensi\u00f3n m\u00e1xima son 10 metros..<br \/>\nRedes LAN: son redes de ordenadores cuya extensi\u00f3n es del orden de entre 10 metros a 1 kil\u00f3metro. Son redes peque\u00f1as.<br \/>\nRedes MAN: Las redes de \u00e1rea metropolitana son redes de ordenadores de tama\u00f1o superior a una LAN, soliendo abarcar el tama\u00f1o de una ciudad.<\/p>\n<p><a href=\"http:\/\/blog.espol.edu.ec\/ducho\/files\/2015\/11\/Modulo-2-Herramientas-Basicas-de-Internet.pdf\">Modulo 2-Herramientas Basicas de Internet<\/a><\/p>\n<p>&nbsp;<\/p>\n<p>&nbsp;<\/p>\n","protected":false},"excerpt":{"rendered":"<p>Que es el Internet Internet es el conjunto de redes de computadoras que se encuentran interconectadas alrededor del mundo. Historia del Internet Medio vital de comunicaci\u00f3n en caso de guerra nuclear. Red descentralizada con terminales del mismo status. Comunicaci\u00f3n mediante paquetes. Nacimiento de ARPANET. ARPANET (Advanced Research Projects Agency NETwork). UCLA 1969, lugar de creaci\u00f3n. [&hellip;]<\/p>\n","protected":false},"author":10075,"featured_media":0,"parent":0,"menu_order":0,"comment_status":"closed","ping_status":"closed","template":"","meta":{"_monsterinsights_skip_tracking":false,"_monsterinsights_sitenote_active":false,"_monsterinsights_sitenote_note":"","_monsterinsights_sitenote_category":0,"footnotes":""},"class_list":["post-42","page","type-page","status-publish","hentry"],"_links":{"self":[{"href":"https:\/\/blog.espol.edu.ec\/ducho\/wp-json\/wp\/v2\/pages\/42","targetHints":{"allow":["GET"]}}],"collection":[{"href":"https:\/\/blog.espol.edu.ec\/ducho\/wp-json\/wp\/v2\/pages"}],"about":[{"href":"https:\/\/blog.espol.edu.ec\/ducho\/wp-json\/wp\/v2\/types\/page"}],"author":[{"embeddable":true,"href":"https:\/\/blog.espol.edu.ec\/ducho\/wp-json\/wp\/v2\/users\/10075"}],"replies":[{"embeddable":true,"href":"https:\/\/blog.espol.edu.ec\/ducho\/wp-json\/wp\/v2\/comments?post=42"}],"version-history":[{"count":3,"href":"https:\/\/blog.espol.edu.ec\/ducho\/wp-json\/wp\/v2\/pages\/42\/revisions"}],"predecessor-version":[{"id":70,"href":"https:\/\/blog.espol.edu.ec\/ducho\/wp-json\/wp\/v2\/pages\/42\/revisions\/70"}],"wp:attachment":[{"href":"https:\/\/blog.espol.edu.ec\/ducho\/wp-json\/wp\/v2\/media?parent=42"}],"curies":[{"name":"wp","href":"https:\/\/api.w.org\/{rel}","templated":true}]}}