{"id":65,"date":"2015-11-24T00:23:16","date_gmt":"2015-11-24T00:23:16","guid":{"rendered":"http:\/\/blog.espol.edu.ec\/ducho\/?page_id=65"},"modified":"2015-11-24T00:23:16","modified_gmt":"2015-11-24T00:23:16","slug":"apliciones-colaborativas-de-internet","status":"publish","type":"page","link":"https:\/\/blog.espol.edu.ec\/ducho\/apliciones-colaborativas-de-internet\/","title":{"rendered":"Apliciones colaborativas de Internet"},"content":{"rendered":"<p>Medios Sociales<a href=\"http:\/\/blog.espol.edu.ec\/ducho\/files\/2015\/11\/herramientasweb20.png\"><img loading=\"lazy\" decoding=\"async\" class=\" wp-image-55 alignleft\" src=\"http:\/\/blog.espol.edu.ec\/ducho\/files\/2015\/11\/herramientasweb20-300x221.png\" alt=\"herramientasweb20\" width=\"232\" height=\"171\" srcset=\"https:\/\/blog.espol.edu.ec\/ducho\/files\/2015\/11\/herramientasweb20-300x221.png 300w, https:\/\/blog.espol.edu.ec\/ducho\/files\/2015\/11\/herramientasweb20-500x368.png 500w, https:\/\/blog.espol.edu.ec\/ducho\/files\/2015\/11\/herramientasweb20.png 984w\" sizes=\"auto, (max-width: 232px) 100vw, 232px\" \/><\/a><\/p>\n<p>Canales de educaci\u00f3n<br \/>\nEn el \u00e1mbito educativo la capacidad para mantener en contacto un grupo numeroso de personas es la primera caracter\u00edstica de la cual podemos aprovecharnos. Las redes sociales, muy especialmente algunas como Ning o Elgg, permiten una gesti\u00f3n muy eficiente en estos casos. Es m\u00e1s, cuanto mayor sea el n\u00famero de miembros de una red social, mayor ser\u00e1 su productividad.<br \/>\nEl canal de educaci\u00f3n 2.0 del Ministerio de Educaci\u00f3n en YouTube contiene v\u00eddeos que abarcan m\u00faltiples temas. Con este canal, disponemos de un material audiovisual que podemos embeber f\u00e1cilmente en blogs y todo tipo de p\u00e1ginas web, aprovechando para ello el c\u00f3digo de inserci\u00f3n generado por YouTube.<\/p>\n<p>&nbsp;<\/p>\n<p>Blogs<br \/>\nLos blogs son espacios virtuales que nos permiten comunicarnos con gran cantidad de personas. Los blogs fueron lanzados en 1999 y hasta este momento son proporcionados por varios servidores los cuales nos indican paso a paso como crear y <a href=\"http:\/\/blog.espol.edu.ec\/ducho\/files\/2015\/11\/\u00edndice.jpg\"><img loading=\"lazy\" decoding=\"async\" class=\"size-full wp-image-56 alignleft\" src=\"http:\/\/blog.espol.edu.ec\/ducho\/files\/2015\/11\/\u00edndice.jpg\" alt=\"\u00edndice\" width=\"259\" height=\"194\" \/><\/a>personalizar nuestros blogs.<br \/>\nEn los blogs puedes controlar el acceso de lectura y escritura, ya sea un grupo de amigos o toda la red. Una vez creado el blog, es posible que lo modifiques y personalices de acuerdo a tus necesidades.<br \/>\nComo todo, los blogs tienen enemigos tales como el spam, los troles, los leechers, los fake, y algunos usuarios que se hacen pasar por diferentes usuarios.<br \/>\nIncluso los newbies pueden ocasionar problemas al cometer errores en el uso del blog mientras se encuentran de visita, y esto se puede dar debido a que en ocasiones no se conocen o, simplemente se ignoran las reglas espec\u00edficas del blog.<br \/>\nUna opci\u00f3n m\u00f3vil de los blogs, consiste en la creaci\u00f3n por medio del tel\u00e9fono celular, ya que mediante un mensaje de texto puedes crear tu blog y subir im\u00e1genes e informaci\u00f3n de acuerdo a las caracter\u00edsticas del equipo que se maneja.<br \/>\n<a href=\"http:\/\/blog.espol.edu.ec\/ducho\/files\/2015\/11\/Modulo-3-Aplicaciones-Colaborativas-en-la-Internet.pdf\">Modulo 3 - Aplicaciones Colaborativas en la Internet<\/a><\/p>\n","protected":false},"excerpt":{"rendered":"<p>Medios Sociales Canales de educaci\u00f3n En el \u00e1mbito educativo la capacidad para mantener en contacto un grupo numeroso de personas es la primera caracter\u00edstica de la cual podemos aprovecharnos. Las redes sociales, muy especialmente algunas como Ning o Elgg, permiten una gesti\u00f3n muy eficiente en estos casos. Es m\u00e1s, cuanto mayor sea el n\u00famero de [&hellip;]<\/p>\n","protected":false},"author":10075,"featured_media":0,"parent":0,"menu_order":0,"comment_status":"closed","ping_status":"closed","template":"","meta":{"_monsterinsights_skip_tracking":false,"_monsterinsights_sitenote_active":false,"_monsterinsights_sitenote_note":"","_monsterinsights_sitenote_category":0,"footnotes":""},"class_list":["post-65","page","type-page","status-publish","hentry"],"_links":{"self":[{"href":"https:\/\/blog.espol.edu.ec\/ducho\/wp-json\/wp\/v2\/pages\/65","targetHints":{"allow":["GET"]}}],"collection":[{"href":"https:\/\/blog.espol.edu.ec\/ducho\/wp-json\/wp\/v2\/pages"}],"about":[{"href":"https:\/\/blog.espol.edu.ec\/ducho\/wp-json\/wp\/v2\/types\/page"}],"author":[{"embeddable":true,"href":"https:\/\/blog.espol.edu.ec\/ducho\/wp-json\/wp\/v2\/users\/10075"}],"replies":[{"embeddable":true,"href":"https:\/\/blog.espol.edu.ec\/ducho\/wp-json\/wp\/v2\/comments?post=65"}],"version-history":[{"count":1,"href":"https:\/\/blog.espol.edu.ec\/ducho\/wp-json\/wp\/v2\/pages\/65\/revisions"}],"predecessor-version":[{"id":68,"href":"https:\/\/blog.espol.edu.ec\/ducho\/wp-json\/wp\/v2\/pages\/65\/revisions\/68"}],"wp:attachment":[{"href":"https:\/\/blog.espol.edu.ec\/ducho\/wp-json\/wp\/v2\/media?parent=65"}],"curies":[{"name":"wp","href":"https:\/\/api.w.org\/{rel}","templated":true}]}}