{"id":7,"date":"2013-11-05T11:47:12","date_gmt":"2013-11-05T11:47:12","guid":{"rendered":"http:\/\/blog.espol.edu.ec\/dzhicay\/?page_id=7"},"modified":"2013-11-05T11:47:12","modified_gmt":"2013-11-05T11:47:12","slug":"esta-es-mi-primera-pagina","status":"publish","type":"page","link":"https:\/\/blog.espol.edu.ec\/dzhicay\/esta-es-mi-primera-pagina\/","title":{"rendered":"Esta es mi primera p\u00e1gina"},"content":{"rendered":"<p>Esta pagina podr\u00e1n encontrar im\u00e1genes sobre arte fuera de lo com\u00fan para que puedan entretenerse y darse cuenta que el arte no es algo aburrido sino algo que puede cautivarnos y que hay para todos los gustos.<\/p>\n","protected":false},"excerpt":{"rendered":"<p>Esta pagina podr\u00e1n encontrar im\u00e1genes sobre arte fuera de lo com\u00fan para que puedan entretenerse y darse cuenta que el arte no es algo aburrido sino algo que puede cautivarnos y que hay para todos los gustos.<\/p>\n","protected":false},"author":8858,"featured_media":0,"parent":0,"menu_order":0,"comment_status":"open","ping_status":"open","template":"","meta":{"footnotes":""},"class_list":["post-7","page","type-page","status-publish","hentry"],"_links":{"self":[{"href":"https:\/\/blog.espol.edu.ec\/dzhicay\/wp-json\/wp\/v2\/pages\/7","targetHints":{"allow":["GET"]}}],"collection":[{"href":"https:\/\/blog.espol.edu.ec\/dzhicay\/wp-json\/wp\/v2\/pages"}],"about":[{"href":"https:\/\/blog.espol.edu.ec\/dzhicay\/wp-json\/wp\/v2\/types\/page"}],"author":[{"embeddable":true,"href":"https:\/\/blog.espol.edu.ec\/dzhicay\/wp-json\/wp\/v2\/users\/8858"}],"replies":[{"embeddable":true,"href":"https:\/\/blog.espol.edu.ec\/dzhicay\/wp-json\/wp\/v2\/comments?post=7"}],"version-history":[{"count":1,"href":"https:\/\/blog.espol.edu.ec\/dzhicay\/wp-json\/wp\/v2\/pages\/7\/revisions"}],"predecessor-version":[{"id":8,"href":"https:\/\/blog.espol.edu.ec\/dzhicay\/wp-json\/wp\/v2\/pages\/7\/revisions\/8"}],"wp:attachment":[{"href":"https:\/\/blog.espol.edu.ec\/dzhicay\/wp-json\/wp\/v2\/media?parent=7"}],"curies":[{"name":"wp","href":"https:\/\/api.w.org\/{rel}","templated":true}]}}