{"id":14,"date":"2011-10-30T16:14:23","date_gmt":"2011-10-30T21:14:23","guid":{"rendered":"http:\/\/blog.espol.edu.ec\/ebatalla\/?page_id=14"},"modified":"2011-10-30T16:58:33","modified_gmt":"2011-10-30T21:58:33","slug":"diapositivas","status":"publish","type":"page","link":"https:\/\/blog.espol.edu.ec\/ebatalla\/?page_id=14","title":{"rendered":"Introducci\u00f3n y antecedentes a la hidroponia"},"content":{"rendered":"<div style=\"width:510px\" id=\"__ss_9952185\"> <strong><a href=\"http:\/\/www.slideshare.net\/estefi0593\/cultivos-hidropnicos-9952185\" title=\"Cultivos hidrop\u00f3nicos\" target=\"_blank\">Cultivos hidrop\u00f3nicos<\/a><\/strong> <object width=\"510\" height=\"426\"><param name=\"movie\" value=\"http:\/\/static.slidesharecdn.com\/swf\/ssplayer2.swf?doc=cultivoshidropnicos-111030164048-phpapp01&amp;startSlide=3&amp;stripped_title=cultivos-hidropnicos-9952185&amp;userName=estefi0593\" \/><param name=\"allowFullScreen\"><param name=\"allowScriptAccess\"><embed src=\"http:\/\/static.slidesharecdn.com\/swf\/ssplayer2.swf?doc=cultivoshidropnicos-111030164048-phpapp01&amp;startSlide=3&amp;stripped_title=cultivos-hidropnicos-9952185&amp;userName=estefi0593\" type=\"application\/x-shockwave-flash\" allowscriptaccess=\"always\" allowfullscreen=\"true\" width=\"510\" height=\"426\"><\/embed><\/object> <\/p>\n<div style=\"padding:5px 0 12px\"> View more <a href=\"http:\/\/www.slideshare.net\/\" target=\"_blank\">presentations<\/a> from <a href=\"http:\/\/www.slideshare.net\/estefi0593\" target=\"_blank\">estefi0593<\/a> <\/div>\n<\/p><\/div>\n<p><em><strong><span style=\"font-family: Arial;color: #0000ff;font-size: xx-large\">Productos para Hidroponia<\/span><\/strong><\/em><\/p>\n<p><span style=\"font-family: Arial;color: #0000ff;font-size: x-large\"><em><strong>Nutrientes, Implementos e Instrumental.<\/strong><\/em><\/span><\/p>\n<p><img decoding=\"async\" src=\"http:\/\/hidroponia.gcaconsultora.com.ar\/images\/Reducidas_Para_Web\/Nutrientes.jpg\" alt=\"\" \/><\/p>\n<p>Nutrientes Hidrop\u00f3nicos completos \"A\" y\"B\", Micronutrientes, Formulaciones Especiales,<br \/>\nSales Puras, Quelatos<\/p>\n<p><img decoding=\"async\" src=\"http:\/\/hidroponia.gcaconsultora.com.ar\/images\/Reducidas_Para_Web\/Instrumental.jpg\" alt=\"\" \/><\/p>\n<p>Instrumental para Hidroponia: Ph-metros, Conduct\u00edmetros, Termo-higr\u00f3metros,<\/p>\n<p>Timers, Term\u00f3metros<\/p>\n<p><img decoding=\"async\" src=\"http:\/\/hidroponia.gcaconsultora.com.ar\/images\/Reducidas_Para_Web\/Riego.jpg\" alt=\"\" \/><\/p>\n<p>Elementos para Riego Hidrop\u00f3nico: Goteros, Aspersores, Picos, Conectores, Microtubos,<\/p>\n<p>Ca\u00f1os de riego, Llaves, Filtros<\/p>\n<p><img decoding=\"async\" src=\"http:\/\/hidroponia.gcaconsultora.com.ar\/images\/Reducidas_Para_Web\/Bandejas.jpg\" alt=\"\" \/><\/p>\n<p>Recipientes para Hidroponia: Ca\u00f1os para NFT, Canaletas, Bandejas de Cultivo y Semilleros,<\/p>\n<p>Bidones Dosificadores y Colectores, Bolsones verticales, Bombas el\u00e9ctricas<\/p>\n","protected":false},"excerpt":{"rendered":"<p>Cultivos hidrop\u00f3nicos View more presentations from estefi0593 Productos para Hidroponia Nutrientes, Implementos e Instrumental. Nutrientes Hidrop\u00f3nicos completos \"A\" y\"B\", Micronutrientes, Formulaciones Especiales, Sales Puras, Quelatos Instrumental para Hidroponia: Ph-metros, Conduct\u00edmetros, Termo-higr\u00f3metros, Timers, Term\u00f3metros Elementos para Riego Hidrop\u00f3nico: Goteros, Aspersores, Picos, Conectores, Microtubos, Ca\u00f1os de riego, Llaves, Filtros Recipientes para Hidroponia: Ca\u00f1os para NFT, Canaletas, Bandejas [&hellip;]<\/p>\n","protected":false},"author":6887,"featured_media":0,"parent":0,"menu_order":4,"comment_status":"open","ping_status":"open","template":"","meta":{"footnotes":""},"class_list":["post-14","page","type-page","status-publish","hentry"],"_links":{"self":[{"href":"https:\/\/blog.espol.edu.ec\/ebatalla\/index.php?rest_route=\/wp\/v2\/pages\/14","targetHints":{"allow":["GET"]}}],"collection":[{"href":"https:\/\/blog.espol.edu.ec\/ebatalla\/index.php?rest_route=\/wp\/v2\/pages"}],"about":[{"href":"https:\/\/blog.espol.edu.ec\/ebatalla\/index.php?rest_route=\/wp\/v2\/types\/page"}],"author":[{"embeddable":true,"href":"https:\/\/blog.espol.edu.ec\/ebatalla\/index.php?rest_route=\/wp\/v2\/users\/6887"}],"replies":[{"embeddable":true,"href":"https:\/\/blog.espol.edu.ec\/ebatalla\/index.php?rest_route=%2Fwp%2Fv2%2Fcomments&post=14"}],"version-history":[{"count":10,"href":"https:\/\/blog.espol.edu.ec\/ebatalla\/index.php?rest_route=\/wp\/v2\/pages\/14\/revisions"}],"predecessor-version":[{"id":41,"href":"https:\/\/blog.espol.edu.ec\/ebatalla\/index.php?rest_route=\/wp\/v2\/pages\/14\/revisions\/41"}],"wp:attachment":[{"href":"https:\/\/blog.espol.edu.ec\/ebatalla\/index.php?rest_route=%2Fwp%2Fv2%2Fmedia&parent=14"}],"curies":[{"name":"wp","href":"https:\/\/api.w.org\/{rel}","templated":true}]}}