{"id":2,"date":"2011-10-17T13:59:58","date_gmt":"2011-10-17T13:59:58","guid":{"rendered":""},"modified":"2011-10-29T17:38:19","modified_gmt":"2011-10-29T22:38:19","slug":"about","status":"publish","type":"page","link":"https:\/\/blog.espol.edu.ec\/ebatalla\/?page_id=2","title":{"rendered":"About"},"content":{"rendered":"<p style=\"text-align: justify\">Mucha gente desconoce sobre lo que es un cultivo hidrop\u00f3nico, pues bien b\u00e1sicamente es cultivar en \u201cagua\u201d sin la necesidad de usar tierra,este fue mi tema monogr\u00e1fico en mi \u00faltimo a\u00f1o de colegio y es sobre lo que tratara este nuevo blog pues me parece interesante adem\u00e1s de que para mi fue muy\u00a0dif\u00edcil\u00a0lograr concretar el proyecto porque en Ecuador es poca la\u00a0informaci\u00f3n\u00a0que se provee acerca de este tema \u00a0no se lo hace de forma masiva precisamente por el desconocimiento de lo que en realidad es un cultivo hidrop\u00f3nico.<\/p>\n<p style=\"text-align: justify\">Para las personas que \u00a0se\u00a0est\u00e1n\u00a0adentrando en \u00a0la hidropon\u00eda ojala les sirva la\u00a0informaci\u00f3n\u00a0que\u00a0aqu\u00ed\u00a0les trato de proveer<\/p>\n<p style=\"text-align: justify\">Si existen personas que conozcan aun mas de este tema les\u00a0agradecer\u00eda\u00a0de antemano que se pongan en contacto conmigo a :<\/p>\n<p style=\"text-align: justify\">estefi0593@hotmail.com<\/p>\n<p style=\"text-align: justify\">ebatalla@espol.edu.ec<\/p>\n<p style=\"text-align: justify\">Gracias \u00a0por visitar mi blog espero les guste<\/p>\n<p style=\"text-align: justify\"><span style=\"color: #99cc00\"><strong><a href=\"http:\/\/blog.espol.edu.ec\/ebatalla\/files\/2011\/10\/images.jpg\"><img loading=\"lazy\" decoding=\"async\" class=\"aligncenter size-full wp-image-23\" title=\"images\" src=\"http:\/\/blog.espol.edu.ec\/ebatalla\/files\/2011\/10\/images.jpg\" alt=\"\" width=\"248\" height=\"203\" \/><\/a><br \/>\n<\/strong><\/span><\/p>\n<p><span style=\"color: #99cc00\"><strong><br \/>\n<\/strong><\/span><\/p>\n","protected":false},"excerpt":{"rendered":"<p>Mucha gente desconoce sobre lo que es un cultivo hidrop\u00f3nico, pues bien b\u00e1sicamente es cultivar en \u201cagua\u201d sin la necesidad de usar tierra,este fue mi tema monogr\u00e1fico en mi \u00faltimo a\u00f1o de colegio y es sobre lo que tratara este nuevo blog pues me parece interesante adem\u00e1s de que para mi fue muy\u00a0dif\u00edcil\u00a0lograr concretar el [&hellip;]<\/p>\n","protected":false},"author":6887,"featured_media":0,"parent":0,"menu_order":0,"comment_status":"open","ping_status":"open","template":"","meta":{"footnotes":""},"class_list":["post-2","page","type-page","status-publish","hentry"],"_links":{"self":[{"href":"https:\/\/blog.espol.edu.ec\/ebatalla\/index.php?rest_route=\/wp\/v2\/pages\/2","targetHints":{"allow":["GET"]}}],"collection":[{"href":"https:\/\/blog.espol.edu.ec\/ebatalla\/index.php?rest_route=\/wp\/v2\/pages"}],"about":[{"href":"https:\/\/blog.espol.edu.ec\/ebatalla\/index.php?rest_route=\/wp\/v2\/types\/page"}],"author":[{"embeddable":true,"href":"https:\/\/blog.espol.edu.ec\/ebatalla\/index.php?rest_route=\/wp\/v2\/users\/6887"}],"replies":[{"embeddable":true,"href":"https:\/\/blog.espol.edu.ec\/ebatalla\/index.php?rest_route=%2Fwp%2Fv2%2Fcomments&post=2"}],"version-history":[{"count":6,"href":"https:\/\/blog.espol.edu.ec\/ebatalla\/index.php?rest_route=\/wp\/v2\/pages\/2\/revisions"}],"predecessor-version":[{"id":30,"href":"https:\/\/blog.espol.edu.ec\/ebatalla\/index.php?rest_route=\/wp\/v2\/pages\/2\/revisions\/30"}],"wp:attachment":[{"href":"https:\/\/blog.espol.edu.ec\/ebatalla\/index.php?rest_route=%2Fwp%2Fv2%2Fmedia&parent=2"}],"curies":[{"name":"wp","href":"https:\/\/api.w.org\/{rel}","templated":true}]}}