{"id":1,"date":"2009-01-29T09:41:16","date_gmt":"2009-01-29T14:41:16","guid":{"rendered":""},"modified":"2011-12-22T21:28:05","modified_gmt":"2011-12-23T02:28:05","slug":"about","status":"publish","type":"page","link":"https:\/\/blog.espol.edu.ec\/ebroldan\/about\/","title":{"rendered":"About"},"content":{"rendered":"<p>En Octubre de 2011, los estudiantes de la materia de\u00a0Relaciones P\u00fablicas,\u00a0expuesta por\u00a0la profesora Beatriz Chang,\u00a0decidieron crear un blog en el cual pudieran informar\u00a0 a la comunidad polit\u00e9cnica y\u00a0al p\u00fablico en general,\u00a0lo que sucede dentro de las aulas de ESPOL como fuera de ellas, en las cuales se puedan exponer c\u00f3mo las Relaciones P\u00fablicas son importantes en nuestros d\u00edas.<\/p>\n","protected":false},"excerpt":{"rendered":"<p>En Octubre de 2011, los estudiantes de la materia de\u00a0Relaciones P\u00fablicas,\u00a0expuesta por\u00a0la profesora Beatriz Chang,\u00a0decidieron crear un blog en el cual pudieran informar\u00a0 a la comunidad polit\u00e9cnica y\u00a0al p\u00fablico en general,\u00a0lo que sucede dentro de las aulas de ESPOL como fuera de ellas, en las cuales se puedan exponer c\u00f3mo las Relaciones P\u00fablicas son importantes [&hellip;]<\/p>\n","protected":false},"author":1236,"featured_media":0,"parent":0,"menu_order":0,"comment_status":"open","ping_status":"open","template":"","meta":{"footnotes":""},"class_list":["post-1","page","type-page","status-publish","hentry"],"_links":{"self":[{"href":"https:\/\/blog.espol.edu.ec\/ebroldan\/wp-json\/wp\/v2\/pages\/1","targetHints":{"allow":["GET"]}}],"collection":[{"href":"https:\/\/blog.espol.edu.ec\/ebroldan\/wp-json\/wp\/v2\/pages"}],"about":[{"href":"https:\/\/blog.espol.edu.ec\/ebroldan\/wp-json\/wp\/v2\/types\/page"}],"author":[{"embeddable":true,"href":"https:\/\/blog.espol.edu.ec\/ebroldan\/wp-json\/wp\/v2\/users\/1236"}],"replies":[{"embeddable":true,"href":"https:\/\/blog.espol.edu.ec\/ebroldan\/wp-json\/wp\/v2\/comments?post=1"}],"version-history":[{"count":2,"href":"https:\/\/blog.espol.edu.ec\/ebroldan\/wp-json\/wp\/v2\/pages\/1\/revisions"}],"predecessor-version":[{"id":95,"href":"https:\/\/blog.espol.edu.ec\/ebroldan\/wp-json\/wp\/v2\/pages\/1\/revisions\/95"}],"wp:attachment":[{"href":"https:\/\/blog.espol.edu.ec\/ebroldan\/wp-json\/wp\/v2\/media?parent=1"}],"curies":[{"name":"wp","href":"https:\/\/api.w.org\/{rel}","templated":true}]}}