{"id":90,"date":"2013-05-27T03:58:08","date_gmt":"2013-05-27T03:58:08","guid":{"rendered":"http:\/\/blog.espol.edu.ec\/ebvega\/?page_id=90"},"modified":"2013-05-31T16:49:13","modified_gmt":"2013-05-31T16:49:13","slug":"conozca-donde-puede-hopedarse","status":"publish","type":"page","link":"https:\/\/blog.espol.edu.ec\/ebvega\/conozca-donde-puede-hopedarse\/","title":{"rendered":"Conozca donde puede hopedarse"},"content":{"rendered":"<p>Burj Al Arab<\/p>\n<p>El Burj Al Arab (en idioma \u00e1rabe: \u0628\u0631\u062c \u0627\u0644\u0639\u0631\u0628, \"Torre Ar\u00e1biga\") es un hotel de lujo con una altura de 321 metros, siendo el tercer hotel m\u00e1s alto de todo el mundo (superado por el Rose Rotana Hotel y el Hotel Ryugyong)1 y uno de los edificios hoteleros m\u00e1s representativos. Est\u00e1 situado en el mar, sobre una isla artificial localizada a 270 metros de la playa en el Golfo P\u00e9rsico, la cual est\u00e1 conectada a tierra firme mediante una carretera.<\/p>\n<p><a href=\"http:\/\/blog.espol.edu.ec\/ebvega\/files\/2013\/05\/Burj_Al_Arab_desde_playa-1.jpg\"><img loading=\"lazy\" decoding=\"async\" src=\"http:\/\/blog.espol.edu.ec\/ebvega\/files\/2013\/05\/Burj_Al_Arab_desde_playa-1-1024x768.jpg\" alt=\"\" width=\"584\" height=\"438\" class=\"aligncenter size-large wp-image-135\" srcset=\"https:\/\/blog.espol.edu.ec\/ebvega\/files\/2013\/05\/Burj_Al_Arab_desde_playa-1-1024x768.jpg 1024w, https:\/\/blog.espol.edu.ec\/ebvega\/files\/2013\/05\/Burj_Al_Arab_desde_playa-1-300x225.jpg 300w, https:\/\/blog.espol.edu.ec\/ebvega\/files\/2013\/05\/Burj_Al_Arab_desde_playa-1-400x300.jpg 400w, https:\/\/blog.espol.edu.ec\/ebvega\/files\/2013\/05\/Burj_Al_Arab_desde_playa-1.jpg 1200w\" sizes=\"auto, (max-width: 584px) 100vw, 584px\" \/><\/a><\/p>\n<p><iframe loading=\"lazy\" width=\"560\" height=\"315\" src=\"http:\/\/www.youtube.com\/embed\/CspdvSNe_Y4\" frameborder=\"0\" allowfullscreen><\/iframe><\/p>\n<p>Burj Al Arab solo posee 202 habitaciones en Suite. La suite m\u00e1s peque\u00f1a ocupa un \u00e1rea de 169 m2 mientras que la m\u00e1s grande cubre 780 m2. Los precios var\u00edan entre los $2.500 y los $40.000 USD por noche. El dise\u00f1o de las suites une oriente con occidente. Los ba\u00f1os son amosaicados. La Suite Real (The Royal Suite), valorada en US$ 137.716 por noche, est\u00e1 en el Rankin mundial de las 15 habitaciones de hotel m\u00e1s caras.<\/p>\n<p><iframe loading=\"lazy\" width=\"560\" height=\"315\" src=\"http:\/\/www.youtube.com\/embed\/yvUbza_QQ2c\" frameborder=\"0\" allowfullscreen><\/iframe><\/p>\n<p>Mulia Resort, Bali<\/p>\n<p><img loading=\"lazy\" decoding=\"async\" class=\"alignnone\" src=\"http:\/\/mexico.cnn.com\/media\/2013\/04\/27\/mulia-resort-bali.jpg\" alt=\"\" width=\"624\" height=\"351\" \/><\/p>\n<p>&nbsp;<\/p>\n<p>Palais Namaskar, Marruecos<\/p>\n<p>Inaugurado a finales de 2012, Palais Namaskar es la nueva joya de Marrakech y de la prestigiosa cadena Oetker Collection. Con un espacio de 12 hect\u00e1reas de jardines y lagos con espectaculares vistas de las monta\u00f1as del Atlas en la zona del Palmeral de Marrakech, este palacio garantiza la intimidad y exclusividad para sus hu\u00e9spedes a corta distancia de los principales puntos de inter\u00e9s. El hotel dispone de 14 habitaciones, 15 suites, 10 villas y 2 palacios. La decoraci\u00f3n es una vibrante combinaci\u00f3n de arquitectura inspirada en modelos orientales, aplicando algunos de los principios de Feng-Shui e interiores contempor\u00e1neos y casi todas las estancias tienen piscina o jacuzzi privado. Habitaciones y ba\u00f1os espaciosos, iluminadas naturalmente y con duchas con efecto lluvia, todo modernamente equipado con tecnolog\u00eda de alta calidad. La oferta gastron\u00f3mica se resume por un lado con el restaurante principal Le Namaskar, el agradable Nomad Bar y el exclusivo Espace T. El magn\u00edfico spa enfoca sus tratamientos y terapias tambi\u00e9n en los principios del Feng Shui y lo firma la prestigiosa casa Guerlain. Palais Namaskar es sin duda una de las opciones m\u00e1s exclusivas de Marrakech.<\/p>\n<p><img loading=\"lazy\" decoding=\"async\" class=\"alignnone\" src=\"http:\/\/amazighen.files.wordpress.com\/2013\/04\/palais-namaskar.jpg?w=600\" alt=\"\" width=\"548\" height=\"299\" \/><\/p>\n<p>&nbsp;<\/p>\n<p>Hyatt Capital Gate, Abu Dabi, Emiratos \u00c1rabes Unidos<\/p>\n<p>Capital Gate es un rascacielos en Abu Dhabi, al lado del centro de exposiciones nacional de Abu Dhabi dise\u00f1ado con una inclinaci\u00f3n notable. En 160 m (520 pies) y 35 pisos, es uno de los edificios m\u00e1s altos de la ciudad y cuenta con una inclinaci\u00f3n de 18 grados hacia el oeste. [ 3 ] El propietario y desarrollador de Capital Gate es Abu Dhabi Nacional Exhibitions Company . La torre (tambi\u00e9n conocida como la torre inclinada de Abu Dhabi ) es el punto central de la Exposici\u00f3n del Centro de Desarrollo de Capital Center \/ Abu Dhabi Nacional master.<\/p>\n<p><a href=\"http:\/\/blog.espol.edu.ec\/ebvega\/files\/2013\/05\/capital-gate1.jpg\"><img loading=\"lazy\" decoding=\"async\" src=\"http:\/\/blog.espol.edu.ec\/ebvega\/files\/2013\/05\/capital-gate1-1024x694.jpg\" alt=\"\" width=\"584\" height=\"395\" class=\"aligncenter size-large wp-image-126\" srcset=\"https:\/\/blog.espol.edu.ec\/ebvega\/files\/2013\/05\/capital-gate1-1024x694.jpg 1024w, https:\/\/blog.espol.edu.ec\/ebvega\/files\/2013\/05\/capital-gate1-300x203.jpg 300w, https:\/\/blog.espol.edu.ec\/ebvega\/files\/2013\/05\/capital-gate1-442x300.jpg 442w, https:\/\/blog.espol.edu.ec\/ebvega\/files\/2013\/05\/capital-gate1.jpg 1600w\" sizes=\"auto, (max-width: 584px) 100vw, 584px\" \/><\/a><\/p>\n<p>En junio de 2010, el Libro Guinness de los R\u00e9cords certificada Gate Capital como el \"m\u00e1s la torre inclinada hecha por el hombre del mundo\". El nuevo registro muestra que la torre Capital Gate se ha construido a inclinarse 18 grados hacia el oeste, m\u00e1s de cuatro veces la de la torre inclinada de Suurhusen . Investigaci\u00f3n y evaluaci\u00f3n, que fue hecha por un comit\u00e9 de premios Guinness nombrados, se inici\u00f3 en enero de 2010, cuando se complet\u00f3 el exterior.<br \/>\nLa presi\u00f3n gravitacional causado por el 18-grados de inclinaci\u00f3n es contrarrestada por una t\u00e9cnica llamada \"n\u00facleo pre-combada\", usando un n\u00facleo de hormig\u00f3n reforzado con acero, con el n\u00facleo deliberadamente construida ligeramente fuera del centro. Tambi\u00e9n est\u00e1 anclada al suelo por 490 pilotes que se perforan 20-30 metros bajo tierra. <\/p>\n<p><a href=\"http:\/\/blog.espol.edu.ec\/ebvega\/files\/2013\/05\/capital-gate1.jpeg\"><img loading=\"lazy\" decoding=\"async\" src=\"http:\/\/blog.espol.edu.ec\/ebvega\/files\/2013\/05\/capital-gate1-300x273.jpeg\" alt=\"\" width=\"300\" height=\"273\" class=\"aligncenter size-medium wp-image-127\" srcset=\"https:\/\/blog.espol.edu.ec\/ebvega\/files\/2013\/05\/capital-gate1-300x273.jpeg 300w, https:\/\/blog.espol.edu.ec\/ebvega\/files\/2013\/05\/capital-gate1-328x300.jpeg 328w, https:\/\/blog.espol.edu.ec\/ebvega\/files\/2013\/05\/capital-gate1.jpeg 526w\" sizes=\"auto, (max-width: 300px) 100vw, 300px\" \/><\/a><\/p>\n<p>The Ritz-Carlton, Viena<\/p>\n<p>The Ritz-Carlton, Viena es un lujoso hotel de 5 estrellas situado en una ubicaci\u00f3n privilegiada en el centro de Viena. De lugares de inter\u00e9s como Haus der Musik, Soviet War Memorial y Mozart Figarohaus no est\u00e1n muy lejos del hotel. Asimismo, se encuentra cerca de Karlsplatz Stadbahn Station, Stadtpark (Stadtpark) y la Catedral de San Esteban. Servicios The Ritz-Carlton, Viena es una cortina de humo- libre de la propiedad. Servicios en el comedor del hotel incluyen un restaurante. Tambi\u00e9n hay servicio de habitaciones disponible. El hotel cuenta con un servicio de recepci\u00f3n las 24 horas. <\/p>\n<p><a href=\"http:\/\/blog.espol.edu.ec\/ebvega\/files\/2013\/05\/Ritz-Carlton-Vienna.jpg\"><img loading=\"lazy\" decoding=\"async\" src=\"http:\/\/blog.espol.edu.ec\/ebvega\/files\/2013\/05\/Ritz-Carlton-Vienna-1024x840.jpg\" alt=\"\" width=\"584\" height=\"479\" class=\"aligncenter size-large wp-image-129\" srcset=\"https:\/\/blog.espol.edu.ec\/ebvega\/files\/2013\/05\/Ritz-Carlton-Vienna-1024x840.jpg 1024w, https:\/\/blog.espol.edu.ec\/ebvega\/files\/2013\/05\/Ritz-Carlton-Vienna-300x246.jpg 300w, https:\/\/blog.espol.edu.ec\/ebvega\/files\/2013\/05\/Ritz-Carlton-Vienna-365x300.jpg 365w, https:\/\/blog.espol.edu.ec\/ebvega\/files\/2013\/05\/Ritz-Carlton-Vienna.jpg 1200w\" sizes=\"auto, (max-width: 584px) 100vw, 584px\" \/><\/a><\/p>\n<p>A cambio de divisas tambi\u00e9n est\u00e1 disponible. Las zonas comunes del The Ritz-Carlton, Viena son confortables con aire acondicionado. Los hu\u00e9spedes del hotel podr\u00e1n disfrutar de los servicios de bienvenida de nuestro personal multiling\u00fce y portero. Otros servicios del hotel incluyen pista de tenis (s). instalaciones de ocio: Hay una piscina cubierta en el hotel. Los hu\u00e9spedes tambi\u00e9n pueden disfrutar de las siguientes instalaciones de spa \/ wellness: sauna. Otros servicios: gratuitos peri\u00f3dicos en el vest\u00edbulo, servicio de conserjer\u00eda, servicio de tintorer\u00eda \/ lavander\u00eda, ascensor \/ ascensor, portero \/ botones reuniones \/ conferencias, servicios de traducci\u00f3n, servicios de bodas, silla de ruedas la accesibilidad. Empresas \/ Internet: The Ritz-Carlton, Viena cuenta con un centro de negocios bien equipado completo con equipo audio-visual. Servicio de catering tambi\u00e9n se pueden arreglar. Las siguientes opciones de Internet est\u00e1n disponibles en el hotel:. Acceso de alta velocidad en las zonas p\u00fablicas instalaciones Transporte \/ Parking servicios de coche limusina \/ Town se pueden arreglar. <\/p>\n<p><a href=\"http:\/\/blog.espol.edu.ec\/ebvega\/files\/2013\/05\/Ritz_Vienna_00017_Home.jpg\"><img loading=\"lazy\" decoding=\"async\" src=\"http:\/\/blog.espol.edu.ec\/ebvega\/files\/2013\/05\/Ritz_Vienna_00017_Home-1024x436.jpg\" alt=\"\" width=\"584\" height=\"248\" class=\"aligncenter size-large wp-image-130\" srcset=\"https:\/\/blog.espol.edu.ec\/ebvega\/files\/2013\/05\/Ritz_Vienna_00017_Home-1024x436.jpg 1024w, https:\/\/blog.espol.edu.ec\/ebvega\/files\/2013\/05\/Ritz_Vienna_00017_Home-300x127.jpg 300w, https:\/\/blog.espol.edu.ec\/ebvega\/files\/2013\/05\/Ritz_Vienna_00017_Home-500x213.jpg 500w, https:\/\/blog.espol.edu.ec\/ebvega\/files\/2013\/05\/Ritz_Vienna_00017_Home.jpg 1220w\" sizes=\"auto, (max-width: 584px) 100vw, 584px\" \/><\/a><\/p>\n<p>para mayor informacion visite los sitios web de los Hoteles, los links se encuentran en nuestra lista de enlaces.<\/p>\n","protected":false},"excerpt":{"rendered":"<p>Burj Al Arab El Burj Al Arab (en idioma \u00e1rabe: \u0628\u0631\u062c \u0627\u0644\u0639\u0631\u0628, \"Torre Ar\u00e1biga\") es un hotel de lujo con una altura de 321 metros, siendo el tercer hotel m\u00e1s alto de todo el mundo (superado por el Rose Rotana &hellip; <a href=\"https:\/\/blog.espol.edu.ec\/ebvega\/conozca-donde-puede-hopedarse\/\">Sigue leyendo <span class=\"meta-nav\">&rarr;<\/span><\/a><\/p>\n","protected":false},"author":8536,"featured_media":0,"parent":0,"menu_order":0,"comment_status":"open","ping_status":"open","template":"","meta":{"footnotes":""},"class_list":["post-90","page","type-page","status-publish","hentry"],"_links":{"self":[{"href":"https:\/\/blog.espol.edu.ec\/ebvega\/wp-json\/wp\/v2\/pages\/90","targetHints":{"allow":["GET"]}}],"collection":[{"href":"https:\/\/blog.espol.edu.ec\/ebvega\/wp-json\/wp\/v2\/pages"}],"about":[{"href":"https:\/\/blog.espol.edu.ec\/ebvega\/wp-json\/wp\/v2\/types\/page"}],"author":[{"embeddable":true,"href":"https:\/\/blog.espol.edu.ec\/ebvega\/wp-json\/wp\/v2\/users\/8536"}],"replies":[{"embeddable":true,"href":"https:\/\/blog.espol.edu.ec\/ebvega\/wp-json\/wp\/v2\/comments?post=90"}],"version-history":[{"count":21,"href":"https:\/\/blog.espol.edu.ec\/ebvega\/wp-json\/wp\/v2\/pages\/90\/revisions"}],"predecessor-version":[{"id":96,"href":"https:\/\/blog.espol.edu.ec\/ebvega\/wp-json\/wp\/v2\/pages\/90\/revisions\/96"}],"wp:attachment":[{"href":"https:\/\/blog.espol.edu.ec\/ebvega\/wp-json\/wp\/v2\/media?parent=90"}],"curies":[{"name":"wp","href":"https:\/\/api.w.org\/{rel}","templated":true}]}}