{"id":18,"date":"2011-05-25T22:55:17","date_gmt":"2011-05-25T22:55:17","guid":{"rendered":"http:\/\/blog.espol.edu.ec\/eceli\/?page_id=18"},"modified":"2011-06-09T02:43:07","modified_gmt":"2011-06-09T02:43:07","slug":"pitbull-premios-y-nominaciones","status":"publish","type":"page","link":"https:\/\/blog.espol.edu.ec\/eceli\/pitbull-premios-y-nominaciones\/","title":{"rendered":"PITBULL, Premios"},"content":{"rendered":"<p><a href=\"http:\/\/blog.espol.edu.ec\/eceli\/files\/2011\/05\/pitbull.jpg\"><img loading=\"lazy\" decoding=\"async\" src=\"http:\/\/blog.espol.edu.ec\/eceli\/files\/2011\/05\/pitbull-245x300.jpg\" alt=\"Pitbull, \u00e9xitos\" title=\"pitbull\" width=\"245\" height=\"300\" class=\"aligncenter size-medium wp-image-26\" srcset=\"https:\/\/blog.espol.edu.ec\/eceli\/files\/2011\/05\/pitbull-245x300.jpg 245w, https:\/\/blog.espol.edu.ec\/eceli\/files\/2011\/05\/pitbull.jpg 600w\" sizes=\"auto, (max-width: 245px) 100vw, 245px\" \/><\/a>PITBULL gana 7 nominaciones a los Premios Billboard a la M\u00fasica Latina 2011 El cantautor se presenta como uno de los m\u00e1ximos nominadosen su g\u00e9nero al colocarse como finalista en las categor\u00edas:\u201cLatin Rhythm Airplay, Tema del A\u00f1o\u201d - BON BON\u201cLatin Rhythm Airplay , Artista del A\u00f1o, Solista\u201d,\u201cLatin Rhythm Albums, Disco del A\u00f1o\u201d ARMANDO\u201cLatin Rhythm Albums, Artista del A\u00f1o, Solista\u201d\u201cSocial 50, Artista Latino del A\u00f1o\u201d \u201cDescarga Digital Latina del A\u00f1o\u201d BON BON\"Hot Latin Song of the Year, Vocal Event\" I LIKE ITMIAMI, FL (10 de febrero, 2011) \u2013 El cantante, compositor y productor cubanoamericano PITBULL se levant\u00f3 esta ma\u00f1ana celebrando SIETE nominaciones a los prestigiosos Premios Billboard de la M\u00fasica Latina 2011.Durante una transmisi\u00f3n especial del programa matutino Lev\u00e1ntate, que trasmite la cadena Telemundo, PITBULL fue anunciado como uno de los grandes finalistas destac\u00e1ndose en las categor\u00edas: \u201cLatin Rhythm Airplay, Tema del A\u00f1o\u201d por su tema \u201cBon, Bon\u201d; \u201cLatin Rhythm Airplay , Artista del A\u00f1o, Solista\u201d; \u201cLatin Rhythm Albums, Disco del A\u00f1o\u201d por su \u00e1lbum \u201cArmando\u201d; \u201cLatin Rhythm Albums, Artista del A\u00f1o, Solista\u201d; \u201cSocial 50, Artista Latino del A\u00f1o\u201d; \u201cDescarga Digital Latina del A\u00f1o\u201d por \u201cBon, Bon\u201d y Hot Latin Song of the Year, Vocal Event por la canci\u00f3n \"I like It\" junto a Enrique Iglesias.PITBULL, quien con su m\u00e1s reciente producci\u00f3n discogr\u00e1fica ARMANDO ocup\u00f3 el puesto NUMERO UNO en ventas en todo los Estados Unidos y Puerto Rico posicion\u00e1ndose a la vez NUMERO UNO en el chart Urbano nacional, se ha consolidado como el NUMERO UNO en su g\u00e9nero.\u201c\u00a1Incre\u00edble lo que uno logra trabajando duro! Gracias a Dios y al p\u00fablico porque sin ustedes nada de esto es posible\u201d, manifest\u00f3 jubiloso Pitbull esta ma\u00f1ana al enterarse de la noticia.Los Premios Billboard de la M\u00fasica Latina 2011 que honran los discos, canciones e int\u00e9rpretes m\u00e1s populares de la m\u00fasica hispana, seg\u00fan las ventas e informes radiales en la lista semanal de Billboard, tendr\u00e1 lugar el pr\u00f3ximo 28 de abril y ser\u00e1 transmitido en vivo por la cadena Telemundo desde la ciudad de Miami.En estos momentos PITBULL est\u00e1 concentrado en la grabaci\u00f3n de su pr\u00f3xima producci\u00f3n discogr\u00e1fica que llevar\u00e1 por t\u00edtulo PLANETPIT y que saldr\u00e1 al mercado muy pronto.<\/p>\n","protected":false},"excerpt":{"rendered":"<p>PITBULL gana 7 nominaciones a los Premios Billboard a la M\u00fasica Latina 2011 El cantautor se presenta como uno de los m\u00e1ximos nominadosen su g\u00e9nero al colocarse como finalista en las categor\u00edas:\u201cLatin Rhythm Airplay, Tema del A\u00f1o\u201d - BON BON\u201cLatin Rhythm Airplay , Artista del A\u00f1o, Solista\u201d,\u201cLatin Rhythm Albums, Disco del A\u00f1o\u201d ARMANDO\u201cLatin Rhythm Albums, [&hellip;]<\/p>\n","protected":false},"author":5847,"featured_media":0,"parent":0,"menu_order":2,"comment_status":"open","ping_status":"open","template":"","meta":{"footnotes":""},"class_list":["post-18","page","type-page","status-publish","hentry"],"_links":{"self":[{"href":"https:\/\/blog.espol.edu.ec\/eceli\/wp-json\/wp\/v2\/pages\/18","targetHints":{"allow":["GET"]}}],"collection":[{"href":"https:\/\/blog.espol.edu.ec\/eceli\/wp-json\/wp\/v2\/pages"}],"about":[{"href":"https:\/\/blog.espol.edu.ec\/eceli\/wp-json\/wp\/v2\/types\/page"}],"author":[{"embeddable":true,"href":"https:\/\/blog.espol.edu.ec\/eceli\/wp-json\/wp\/v2\/users\/5847"}],"replies":[{"embeddable":true,"href":"https:\/\/blog.espol.edu.ec\/eceli\/wp-json\/wp\/v2\/comments?post=18"}],"version-history":[{"count":3,"href":"https:\/\/blog.espol.edu.ec\/eceli\/wp-json\/wp\/v2\/pages\/18\/revisions"}],"predecessor-version":[{"id":89,"href":"https:\/\/blog.espol.edu.ec\/eceli\/wp-json\/wp\/v2\/pages\/18\/revisions\/89"}],"wp:attachment":[{"href":"https:\/\/blog.espol.edu.ec\/eceli\/wp-json\/wp\/v2\/media?parent=18"}],"curies":[{"name":"wp","href":"https:\/\/api.w.org\/{rel}","templated":true}]}}