{"id":37,"date":"2021-08-14T03:34:36","date_gmt":"2021-08-14T01:34:36","guid":{"rendered":"http:\/\/blog.espol.edu.ec\/ecomodernamundo\/?page_id=37"},"modified":"2021-08-14T03:34:36","modified_gmt":"2021-08-14T01:34:36","slug":"economia-para-todos","status":"publish","type":"page","link":"https:\/\/blog.espol.edu.ec\/ecomodernamundo\/economia-para-todos\/","title":{"rendered":"Econom\u00eda para todos"},"content":{"rendered":"<p>En lo que a hardware se refiera existe una marcada diferencia en el m\u00e9todo de colocar arroba para MAC y Windows. Las mismas denotan una forma diferente, pues si\u00a0 queremos introducir el s\u00edmbolo arroba en Windows hay dos m\u00e9todos conocidos <a href=\"https:\/\/comoponerarroba.com\/\">C\u00f3mo poner Arroba<\/a>:<\/p>\n<p>Uno de ellos es Alt Gr + Q y el otro\u00a0 Alt Gr + 2<\/p>\n<p>El signo de arroba en un teclado MAC no es tan complicado de encontrarlo si sabemos bien la distribuci\u00f3n del teclado y cu\u00e1les son las funciones de las teclas. Un usuario que acaba de emigrar de Windows a MAC podr\u00eda tener alguna ligera dificultad en c\u00f3mo encontrar\u00a0 arroba. Por ello te explicaremos a continuaci\u00f3n\u00a0 de forma f\u00e1cil y sencilla como sacar el s\u00edmbolo arroba en tu MAC.<\/p>\n<p>Ubic\u00e1ndonos en la parte inferior izquierda del teclado de tu MACBOOK PRO o MACBOOK AIR. De izquierda a derecha te encontraras en la tercera posici\u00f3n la tecla ALT, justo entre la tecla CTRL que se encuentra en segunda posici\u00f3n y la tecla COMMAND que se encuentra en cuarta posici\u00f3n.<\/p>\n<p>Ahora bien vamos a la parte superior izquierda de nuestra MACBOOK PRO o MACKBOOK AIR y nos encontraremos en tercera posici\u00f3n de izquierda a derecha la tecla \u201c2\u201d\u00a0 o el n\u00famero dos.<\/p>\n<p>Ya tenemos ubicadas las dos teclas necesarias para poder sacar arroba en nuestra MAC por lo que procedemos a mantener presionado la tecla ALT\u00a0 y luego presionar la tecla \u201c2\u201d y as\u00ed sabr\u00e1s como sacar\u00a0 arroba en tu MAC.<\/p>\n<p>La forma contra\u00edda de estos pasos previamente explicados\u00a0 es la siguiente:<\/p>\n<p>Presionar\u00a0 Alt + 2<\/p>\n<p>Los teclados muestran variaciones en cuanto a la presentaci\u00f3n de algunas teclas en espec\u00edfico, implicando esto que visualmente sea dif\u00edcil sacar arroba en una MAC o una Windows cuando ya estamos acostumbrados a trabajar con la distribuci\u00f3n y presentaci\u00f3n visual de alguna de ellas.<\/p>\n<p>MacBook Pro, MacBook Air\u2026 c\u00f3mo poner arroba en distintas Mac<\/p>\n<p>Usualmente tratamos de escribir\u00a0 arroba en un texto sin primero verificar que la configuraci\u00f3n del m\u00e9todo de entrada del sistema operativo sea el correcto debido a que la distribuci\u00f3n de los caracteres especiales, as\u00ed como tambi\u00e9n de algunas teclas es variante dependiendo del idioma en que se est\u00e9 configurada la pc.<\/p>\n<p>En nuestra MACBOOK PRO o MACBOOK AIR la configuraci\u00f3n del idioma viene por defecto dependiendo del pa\u00eds donde la compramos. Pero suceden casos en los cuales nos encontramos fuera de nuestro pa\u00eds de origen; por ejemplo Espa\u00f1a y compramos una MAC en EEUU. Por defecto esta pc viene con teclado en ingl\u00e9s, modificando la forma en que se introduce arroba.<\/p>\n<p>Actualmente la utilizaci\u00f3n del s\u00edmbolo arroba ha variado dr\u00e1sticamente debido a que su significado se ha tomado como una forma de abreviar la palabra \u201cAt\u201d\u00a0 que traduci\u00e9ndola al espa\u00f1ol se lee como \u201ca\u201d , \u201cjunto a \u201c o \u201cen\u201d . Teniendo una connotaci\u00f3n importante en el mundo de la inform\u00e1tica por que nos indica que un usuario esta hospedado en alg\u00fan servidor en espec\u00edfico.<\/p>\n<p>&nbsp;<\/p>\n<p>Esta funcionalidad en especifica funciona bajo este formato usuario@dominio escribimos arroba entre ambos datos para que se vea que es un USUARIO \u201cen\u201d\u00a0 DOMINIO.<\/p>\n<p>Un programador estadounidense de nombre Ray Tomlinson en el a\u00f1o de 1971 fue quien implemento arroba\u00a0 por primera ya que se vio en la necesidad de separar a las personas del lugar en donde se encontraba. En t\u00e9rminos de direccionamiento ip esto facilitaba indicar en sus primeras pruebas cual usuario era remoto y cual era local por lo que tanto el remitente como el destinatario eran f\u00e1ciles de identificar sin tanta complicaci\u00f3n.<\/p>\n<p>En su primera prueba que realizo se envio un correo as\u00ed mismo desde\u00a0 una computadora PDP-10 a otra m\u00e1quina que se encontraba ubicada justo al lado f\u00edsicamente. D\u00e1ndole un ejemplo visual a esta el correo que envio seria a un usuario as\u00ed: USUARIO@LOCAL\u00a0 esto diferenciar\u00eda a un usuario que se encuentra fuera de la red local que su usuario seria USUARIO@REMOTO.<\/p>\n","protected":false},"excerpt":{"rendered":"<p>En lo que a hardware se refiera existe una marcada diferencia en el m\u00e9todo de colocar arroba para MAC y Windows. Las mismas denotan una forma diferente, pues si\u00a0 queremos introducir el s\u00edmbolo arroba en Windows hay dos m\u00e9todos conocidos C\u00f3mo poner Arroba: Uno de ellos es Alt Gr + Q y el otro\u00a0 Alt &hellip; <\/p>\n<p class=\"link-more\"><a href=\"https:\/\/blog.espol.edu.ec\/ecomodernamundo\/economia-para-todos\/\" class=\"more-link\">Continuar leyendo<span class=\"screen-reader-text\"> \"Econom\u00eda para todos\"<\/span><\/a><\/p>\n","protected":false},"author":11076,"featured_media":0,"parent":0,"menu_order":0,"comment_status":"closed","ping_status":"closed","template":"","meta":{"footnotes":""},"class_list":["post-37","page","type-page","status-publish","hentry"],"_links":{"self":[{"href":"https:\/\/blog.espol.edu.ec\/ecomodernamundo\/wp-json\/wp\/v2\/pages\/37","targetHints":{"allow":["GET"]}}],"collection":[{"href":"https:\/\/blog.espol.edu.ec\/ecomodernamundo\/wp-json\/wp\/v2\/pages"}],"about":[{"href":"https:\/\/blog.espol.edu.ec\/ecomodernamundo\/wp-json\/wp\/v2\/types\/page"}],"author":[{"embeddable":true,"href":"https:\/\/blog.espol.edu.ec\/ecomodernamundo\/wp-json\/wp\/v2\/users\/11076"}],"replies":[{"embeddable":true,"href":"https:\/\/blog.espol.edu.ec\/ecomodernamundo\/wp-json\/wp\/v2\/comments?post=37"}],"version-history":[{"count":1,"href":"https:\/\/blog.espol.edu.ec\/ecomodernamundo\/wp-json\/wp\/v2\/pages\/37\/revisions"}],"predecessor-version":[{"id":38,"href":"https:\/\/blog.espol.edu.ec\/ecomodernamundo\/wp-json\/wp\/v2\/pages\/37\/revisions\/38"}],"wp:attachment":[{"href":"https:\/\/blog.espol.edu.ec\/ecomodernamundo\/wp-json\/wp\/v2\/media?parent=37"}],"curies":[{"name":"wp","href":"https:\/\/api.w.org\/{rel}","templated":true}]}}