{"id":1,"date":"2008-10-17T20:08:34","date_gmt":"2008-10-18T00:08:34","guid":{"rendered":""},"modified":"2008-10-17T20:54:19","modified_gmt":"2008-10-18T00:54:19","slug":"about","status":"publish","type":"page","link":"https:\/\/blog.espol.edu.ec\/economics\/about","title":{"rendered":"About"},"content":{"rendered":"<div id=\"attachment_4\" style=\"width: 165px\" class=\"wp-caption alignright\"><a href=\"http:\/\/blog.espol.edu.ec\/economics\/files\/2008\/10\/98.jpg\"><img loading=\"lazy\" decoding=\"async\" aria-describedby=\"caption-attachment-4\" class=\"size-medium wp-image-4\" src=\"http:\/\/blog.espol.edu.ec\/economics\/files\/2008\/10\/98.jpg\" alt=\"Lo que esperas encontrar al fin en una pagina!!\" width=\"155\" height=\"153\" \/><\/a><p id=\"caption-attachment-4\" class=\"wp-caption-text\">Lo que esperas encontrar al fin en una pagina!!<\/p><\/div>\n<p>Felicito primero la iniciativa de la ESPOL por darle la oportunidad al alumnado de expresar sus ideas, criticar con respeto y a la altura de la educaci\u00f3n que se nos ha impartido, de proponer ideas y plasmarlas en la Web para que otras puedan apreciarla.<\/p>\n<p>Por otro lado, este blog, THE ECONOMIST que m\u00e1s all\u00e1 de revelar mi carrera y mi facultad indica los temas que aqu\u00ed voy a presentar. La finalidad es escribir de forma simple sobre hechos interesantes de realidades actuales para que todos podamos entender y discutir sobre econom\u00eda, administraci\u00f3n, negocios, empresas, CEOs y todo lo que considere interesante.<\/p>\n<p>Considerando que soy alumno de la ESPOL tratare de mantener una postura imparcial sobre los profesores, pol\u00edticas, dem\u00e1s universidades y cualquier cosa que no sea de mayor relevancia.<\/p>\n","protected":false},"excerpt":{"rendered":"<p>Felicito primero la iniciativa de la ESPOL por darle la oportunidad al alumnado de expresar sus ideas, criticar con respeto y a la altura de la educaci\u00f3n que se nos ha impartido, de proponer ideas y plasmarlas en la Web para que otras puedan apreciarla. Por otro lado, este blog, THE ECONOMIST que m\u00e1s all\u00e1 [&hellip;]<\/p>\n","protected":false},"author":66,"featured_media":0,"parent":0,"menu_order":0,"comment_status":"open","ping_status":"open","template":"","meta":{"footnotes":""},"class_list":["post-1","page","type-page","status-publish","hentry"],"_links":{"self":[{"href":"https:\/\/blog.espol.edu.ec\/economics\/wp-json\/wp\/v2\/pages\/1","targetHints":{"allow":["GET"]}}],"collection":[{"href":"https:\/\/blog.espol.edu.ec\/economics\/wp-json\/wp\/v2\/pages"}],"about":[{"href":"https:\/\/blog.espol.edu.ec\/economics\/wp-json\/wp\/v2\/types\/page"}],"author":[{"embeddable":true,"href":"https:\/\/blog.espol.edu.ec\/economics\/wp-json\/wp\/v2\/users\/66"}],"replies":[{"embeddable":true,"href":"https:\/\/blog.espol.edu.ec\/economics\/wp-json\/wp\/v2\/comments?post=1"}],"version-history":[{"count":4,"href":"https:\/\/blog.espol.edu.ec\/economics\/wp-json\/wp\/v2\/pages\/1\/revisions"}],"predecessor-version":[{"id":2,"href":"https:\/\/blog.espol.edu.ec\/economics\/wp-json\/wp\/v2\/pages\/1\/revisions\/2"}],"wp:attachment":[{"href":"https:\/\/blog.espol.edu.ec\/economics\/wp-json\/wp\/v2\/media?parent=1"}],"curies":[{"name":"wp","href":"https:\/\/api.w.org\/{rel}","templated":true}]}}